{"id":1130,"date":"2015-10-18T00:31:59","date_gmt":"2015-10-18T00:31:59","guid":{"rendered":"https:\/\/montessoripc.com\/?page_id=1130"},"modified":"2023-10-12T00:45:40","modified_gmt":"2023-10-12T00:45:40","slug":"activites-optionnelles","status":"publish","type":"page","link":"https:\/\/montessoripc.com\/fr\/lannee-scolaire\/activites-optionnelles\/","title":{"rendered":"Activit\u00e9s Optionnelles"},"content":{"rendered":"<div class=\"wpb-content-wrapper\"><p>[vc_row][vc_column][vc_row_inner][vc_column_inner width=\u00a0\u00bb6\/12&Prime;][vc_column_text]Une grande vari\u00e9t\u00e9 d&rsquo;activit\u00e9s sp\u00e9ciales est incluse dans notre programme sans frais suppl\u00e9mentaires. Pour compl\u00e9ter ces activit\u00e9s incluses, nous proposons \u00e9galement des activit\u00e9s optionnelles \u00e0 un co\u00fbt nominal. Ces programmes se sont av\u00e9r\u00e9s tr\u00e8s populaires aupr\u00e8s de nos \u00e9l\u00e8ves et de leurs parents.<\/p>\n<p>Avec le calendrier mensuel, les parents recevront des formulaires d&rsquo;inscription pour les activit\u00e9s optionnelles \u00e0 venir. Ces activit\u00e9s se r\u00e9partissent en trois cat\u00e9gories : les sorties scolaires (environ une fois par mois), les \u00e9v\u00e9nements sp\u00e9ciaux ponctuels (tels qu&rsquo;un spectacle de magie ou une repr\u00e9sentation th\u00e9\u00e2trale), ou une s\u00e9rie de cours avec un sp\u00e9cialiste (tels que le karat\u00e9 ou la natation). Le co\u00fbt suppl\u00e9mentaire de ces activit\u00e9s sert \u00e0 payer l&rsquo;instructeur et le service de bus, le cas \u00e9ch\u00e9ant. Tous les instructeurs sont certifi\u00e9s pour leurs cours et sont fantastiques pour travailler avec de jeunes enfants &#8211; nous les avons choisis avec le plus grand soin.<\/p>\n<p>Les excursions donnent \u00e0 l&rsquo;enfant l&rsquo;occasion de vivre et d&rsquo;apprendre en dehors de l&rsquo;environnement de la garderie. Lors de nos \u00e9v\u00e9nements sp\u00e9ciaux ponctuels \u00e0 la garderie, l&rsquo;enfant profite d&rsquo;une exp\u00e9rience qui \u00e9largira ses horizons. Des cours suppl\u00e9mentaires (tels que la Zumba ou le patinage) permettent aux parents d&rsquo;organiser l&#8217;emploi du temps de leur enfant et de d\u00e9velopper de nouvelles comp\u00e9tences.[\/vc_column_text][\/vc_column_inner][vc_column_inner width=\u00a0\u00bb1\/12&Prime;][\/vc_column_inner][vc_column_inner width=\u00a0\u00bb5\/12&Prime;][vc_single_image image=\u00a0\u00bb40660&Prime; img_size=\u00a0\u00bblarge\u00a0\u00bb alignment=\u00a0\u00bbright\u00a0\u00bb onclick=\u00a0\u00bblink_image\u00a0\u00bb][\/vc_column_inner][\/vc_row_inner][\/vc_column][\/vc_row]<\/p>\n<\/div>","protected":false},"excerpt":{"rendered":"<p>[vc_row][vc_column][vc_row_inner][vc_column_inner width=\u00a0\u00bb6\/12&Prime;][vc_column_text]Une grande vari\u00e9t\u00e9 d&rsquo;activit\u00e9s sp\u00e9ciales est incluse dans notre programme sans frais suppl\u00e9mentaires. Pour compl\u00e9ter ces activit\u00e9s incluses, nous proposons \u00e9galement des activit\u00e9s optionnelles \u00e0 un co\u00fbt nominal. Ces programmes se sont av\u00e9r\u00e9s tr\u00e8s populaires aupr\u00e8s de nos \u00e9l\u00e8ves et de leurs parents. Avec le calendrier mensuel, les parents recevront des formulaires d&rsquo;inscription pour [&hellip;]<\/p>\n","protected":false},"author":1,"featured_media":0,"parent":784,"menu_order":0,"comment_status":"closed","ping_status":"closed","template":"","meta":{"_acf_changed":false,"footnotes":""},"class_list":["post-1130","page","type-page","status-publish","hentry"],"acf":[],"_links":{"self":[{"href":"https:\/\/montessoripc.com\/fr\/wp-json\/wp\/v2\/pages\/1130","targetHints":{"allow":["GET"]}}],"collection":[{"href":"https:\/\/montessoripc.com\/fr\/wp-json\/wp\/v2\/pages"}],"about":[{"href":"https:\/\/montessoripc.com\/fr\/wp-json\/wp\/v2\/types\/page"}],"author":[{"embeddable":true,"href":"https:\/\/montessoripc.com\/fr\/wp-json\/wp\/v2\/users\/1"}],"replies":[{"embeddable":true,"href":"https:\/\/montessoripc.com\/fr\/wp-json\/wp\/v2\/comments?post=1130"}],"version-history":[{"count":19,"href":"https:\/\/montessoripc.com\/fr\/wp-json\/wp\/v2\/pages\/1130\/revisions"}],"predecessor-version":[{"id":42596,"href":"https:\/\/montessoripc.com\/fr\/wp-json\/wp\/v2\/pages\/1130\/revisions\/42596"}],"up":[{"embeddable":true,"href":"https:\/\/montessoripc.com\/fr\/wp-json\/wp\/v2\/pages\/784"}],"wp:attachment":[{"href":"https:\/\/montessoripc.com\/fr\/wp-json\/wp\/v2\/media?parent=1130"}],"curies":[{"name":"wp","href":"https:\/\/api.w.org\/{rel}","templated":true}]}}