{"id":1339,"date":"2014-08-03T22:03:17","date_gmt":"2014-08-03T22:03:17","guid":{"rendered":"https:\/\/montessoripc.com\/?page_id=1339"},"modified":"2025-06-06T22:39:17","modified_gmt":"2025-06-06T22:39:17","slug":"camp","status":"publish","type":"page","link":"https:\/\/montessoripc.com\/fr\/camp\/","title":{"rendered":"Camp"},"content":{"rendered":"<div class=\"wpb-content-wrapper\"><p>[vc_row full_width=\u00a0\u00bbstretch_row_content\u00a0\u00bb el_class=\u00a0\u00bbtight-padding\u00a0\u00bb css=\u00a0\u00bb.vc_custom_1680117613253{margin-top: 0px !important;margin-bottom: 0px !important;}\u00a0\u00bb][vc_column][\/vc_column][\/vc_row][vc_row full_width=\u00a0\u00bbstretch_row\u00a0\u00bb css=\u00a0\u00bb.vc_custom_1613068157646{margin-bottom: 25px !important;padding-bottom: 40px !important;background-image: url(https:\/\/montessoripc.com\/wp-content\/uploads\/2018\/01\/montessori-purp-light.png?id=2270) !important;background-position: 0 0 !important;background-repeat: repeat !important;}\u00a0\u00bb][vc_column][vc_custom_heading text=\u00a0\u00bbAmusez-vous cet \u00e9t\u00e9 avec vos amis!\u00a0\u00bb font_container=\u00a0\u00bbtag:h1|text_align:left\u00a0\u00bb use_theme_fonts=\u00a0\u00bbyes\u00a0\u00bb][vc_column_text css=\u00a0\u00bb\u00a0\u00bb list-marker-style=\u00a0\u00bb0&Prime;]Profitons de l&rsquo;\u00e9t\u00e9 et passons du bon temps entre amis ! C&rsquo;est le moment de sortir en plein air \u00e0 Montessori Pointe Claire et de profiter d&rsquo;un encadrement exceptionnel, d&rsquo;un personnel exp\u00e9riment\u00e9 et d&rsquo;activit\u00e9s estivales g\u00e9niales. Les enfants sont r\u00e9partis en groupes :  Nos camps pr\u00e9scolaires pour les 14 \u00e0 24 mois, les 2 \u00e0 3 ans et les 3 \u00e0 4 ans ;  Notre camp pr\u00e9-maternelle\/K4 pour les 4 \u00e0 5 ans ;  Notre programme exceptionnel \u00ab camp senior \u00bb pour les 5 \u00e0 7 ans (de la fin de la maternelle \u00e0 la fin du CE1). L&rsquo;inscription est facile. Cliquez sur (1) le lien correspondant \u00e0 la tranche d&rsquo;\u00e2ge de votre enfant, puis (2) sur le lien vers le contrat d&rsquo;inscription. Remplissez les formulaires et envoyez-les par e-mail ou venez les d\u00e9poser et visiter nos installations. Si vous avez d\u00e9j\u00e0 rempli le contrat d&rsquo;inscription les ann\u00e9es pr\u00e9c\u00e9dentes, il n&rsquo;est pas n\u00e9cessaire d&rsquo;en remplir un nouveau.  Pour plus d&rsquo;informations sur notre camp ou pour r\u00e9server une visite, vous pouvez envoyer un courriel \u00e0 notre directeur \u00e0 l&rsquo;adresse <a href=\"mailto:marina@montessoripc.com\">Marina@montessoripc.com<\/a>.[\/vc_column_text][vc_row_inner][vc_column_inner width=\u00a0\u00bb1\/3&Prime;][vc_btn title=\u00a0\u00bbContrat d&apos;enregistrement\u00a0\u00bb style=\u00a0\u00bbflat\u00a0\u00bb shape=\u00a0\u00bbsquare\u00a0\u00bb color=\u00a0\u00bbwarning\u00a0\u00bb align=\u00a0\u00bbcenter\u00a0\u00bb button_block=\u00a0\u00bbtrue\u00a0\u00bb link=\u00a0\u00bburl:https%3A%2F%2Fmontessoripc.com%2Ffiles%2Facademic_registration|target:_blank|\u00a0\u00bb][\/vc_column_inner][vc_column_inner width=\u00a0\u00bb1\/3&Prime;][vc_btn title=\u00a0\u00bbCamp junior (14 mois \u00e0 5 ans)\u00a0\u00bb style=\u00a0\u00bbflat\u00a0\u00bb shape=\u00a0\u00bbsquare\u00a0\u00bb color=\u00a0\u00bbprimary\u00a0\u00bb align=\u00a0\u00bbcenter\u00a0\u00bb button_block=\u00a0\u00bbtrue\u00a0\u00bb link=\u00a0\u00bburl:https%3A%2F%2Fmontessoripc.com%2Ffiles%2Fcamp_registration|target:_blank|\u00a0\u00bb][\/vc_column_inner][vc_column_inner width=\u00a0\u00bb1\/3&Prime;][vc_btn title=\u00a0\u00bbCamp des seniors (5 \u00e0 7 ans)\u00a0\u00bb style=\u00a0\u00bbflat\u00a0\u00bb shape=\u00a0\u00bbsquare\u00a0\u00bb color=\u00a0\u00bbviolet\u00a0\u00bb align=\u00a0\u00bbcenter\u00a0\u00bb css=\u00a0\u00bb\u00a0\u00bb button_block=\u00a0\u00bbtrue\u00a0\u00bb link=\u00a0\u00bburl:https%3A%2F%2Fmontessoripc.com%2Ffiles%2Fcamp_registration|target:_blank|\u00a0\u00bb][\/vc_column_inner][\/vc_row_inner][\/vc_column][\/vc_row][vc_row][vc_column width=\u00a0\u00bb1\/2&Prime;][vc_custom_heading text=\u00a0\u00bb\u00c0 propos du camp\u00a0\u00bb use_theme_fonts=\u00a0\u00bbyes\u00a0\u00bb][vc_column_text css=\u00a0\u00bb\u00a0\u00bb list-marker-style=\u00a0\u00bb0&Prime;]Le camp est ouvert de 7h \u00e0 18h. Les enfants peuvent \u00eatre d\u00e9pos\u00e9s et r\u00e9cup\u00e9r\u00e9s \u00e0 tout moment de la journ\u00e9e.<\/p>\n<p>Les dates exactes de notre camp pour cet \u00e9t\u00e9 sont indiqu\u00e9es sur le formulaire d&rsquo;inscription au camp et sont en g\u00e9n\u00e9ral du 24 juin \u00e0 la fin du mois d&rsquo;ao\u00fbt.<\/p>\n<p>Nous passons le plus de temps possible \u00e0 l&rsquo;ext\u00e9rieur, nous avons notre propre terrain de jeu fantastique d&rsquo;un hectare avec des structures de jeu en bois naturel, du sable, des arbres et des zones herbeuses. Nous sommes \u00e9galement \u00e0 proximit\u00e9 de plusieurs grands parcs publics o\u00f9 nous jouons.<\/p>\n<p>Notre b\u00e2timent est climatis\u00e9, ce qui nous permet d&rsquo;avoir acc\u00e8s \u00e0 des installations fra\u00eeches chaque fois que nous en avons besoin.<\/p>\n<p>Un d\u00e9jeuner chaud pr\u00e9par\u00e9 \u00e0 la maison est inclus dans les frais. Les campeurs apportent leur go\u00fbter du matin et de l&rsquo;apr\u00e8s-midi.<\/p>\n<p>Nos moniteurs sont des personnes m\u00fbres et \u00e9nergiques qui ont l&rsquo;habitude de travailler avec des enfants. Vous aimerez le personnel. Ils savent comment rendre les enfants heureux, les divertir et les prot\u00e9ger.<\/p>\n<p><a href=\"https:\/\/www.finances.gouv.qc.ca\/department\/tools_services\/calculators\/daily_childcare_cost\/tool_childcare.asp\">La plupart des familles peuvent b\u00e9n\u00e9ficier d&rsquo;un remboursement du gouvernement<\/a>. Un Relev\u00e9 24 sera d\u00e9livr\u00e9 \u00e0 des fins fiscales.[\/vc_column_text][\/vc_column][vc_column width=\u00a0\u00bb1\/2&Prime;][vc_custom_heading text=\u00a0\u00bbTh\u00e8mes hebdomadaires\u00a0\u00bb use_theme_fonts=\u00a0\u00bbyes\u00a0\u00bb][vc_column_text list-marker-style=\u00a0\u00bb0&Prime;]Chaque semaine, nous avons un th\u00e8me amusant et les activit\u00e9s de la semaine sont toutes li\u00e9es \u00e0 ce th\u00e8me.<\/p>\n<p>Exemples de th\u00e8mes : Protecteurs de la plan\u00e8te, Super d\u00e9tectives, Science en folie, Campeurs bricoleurs, Voyageurs dans le temps, Petits champions, L&rsquo;espace est l&rsquo;endroit, Le monde merveilleux des super-h\u00e9ros, Mythes et l\u00e9gendes, Pique-nique et f\u00eate.<\/p>\n<p>Nos campeurs adorent avoir quelque chose de diff\u00e9rent et de sp\u00e9cial chaque semaine. C&rsquo;est amusant de voir les campeurs et leur cr\u00e9ativit\u00e9 tout en profitant des diff\u00e9rents th\u00e8mes.<\/p>\n<p>Exemples de liens entre nos activit\u00e9s et les th\u00e8mes : Pendant la \u00ab semaine des pirates \u00bb, nous pouvons organiser une chasse au tr\u00e9sor perdu, Yar ! C&rsquo;est la semaine des pirates au karat\u00e9, la science des pirates : Fabriquez du vieux papier avec du th\u00e9 ou du caf\u00e9 et cr\u00e9ez une carte au tr\u00e9sor de pirate.[\/vc_column_text][vc_btn title=\u00a0\u00bbCamp d&apos;\u00e9t\u00e9 sur Facebook\u00a0\u00bb style=\u00a0\u00bbflat\u00a0\u00bb shape=\u00a0\u00bbsquare\u00a0\u00bb color=\u00a0\u00bbprimary\u00a0\u00bb align=\u00a0\u00bbcenter\u00a0\u00bb link=\u00a0\u00bburl:https%3A%2F%2Fwww.facebook.com%2Fmontessoripc%2F|target:_blank|\u00a0\u00bb][\/vc_column][\/vc_row][vc_row][vc_column width=\u00a0\u00bb1\/2&Prime;][vc_custom_heading text=\u00a0\u00bbActivit\u00e9s quotidiennes\u00a0\u00bb use_theme_fonts=\u00a0\u00bbyes\u00a0\u00bb][vc_column_text css=\u00a0\u00bb\u00a0\u00bb list-marker-style=\u00a0\u00bb0&Prime;]<\/p>\n<ul>\n<li>Yoga dans le parc.<\/li>\n<li>Cours de karat\u00e9 en plein air.<\/li>\n<li>Activit\u00e9s musicales.<\/li>\n<li>Cours de Zumba dans le parc.<\/li>\n<li>Programme de p\u00e2tisserie pour enfants.<\/li>\n<li>Jeux et activit\u00e9s sportives adapt\u00e9s \u00e0 l&rsquo;\u00e2ge.<\/li>\n<li>Journ\u00e9es th\u00e9matiques comme la journ\u00e9e plage avec concours de ch\u00e2teaux de sable.<\/li>\n<li>Jeux en plein air dans notre incroyable terrain de jeu d&rsquo;un acre et les parcs adjacents.<\/li>\n<li>Activit\u00e9s scientifiques super cool avec \u00ab\u00a0La Fille de Science\u00a0\u00bb.<\/li>\n<li>Brico cr\u00e9atif.<\/li>\n<li>Temps social et jeux libres avec nos amis.<\/li>\n<li>Collation et d\u00eener en plein air dans notre aire de pique-nique lors des belles journ\u00e9es.<\/li>\n<li>Activit\u00e9s Sportball avec notre coach Sportball.<\/li>\n<li>Le\u00e7ons de natation optionnelles (bien supervis\u00e9es) offertes pour certains groupes d&rsquo;\u00e2ge \u00e0 la piscine Viking juste \u00e0 c\u00f4t\u00e9.<\/li>\n<li>Pour nos campeurs seniors (5 \u00e0 7 ans), jeux libres dans la zone peu profonde de la piscine Viking une fois par semaine.<\/li>\n<li>Sorties hebdomadaires pour les campeurs seniors (5 \u00e0 7 ans) seulement.<\/li>\n<\/ul>\n<p>[\/vc_column_text][vc_btn title=\u00a0\u00bbSample Calendar\u00a0\u00bb style=\u00a0\u00bbflat\u00a0\u00bb shape=\u00a0\u00bbsquare\u00a0\u00bb color=\u00a0\u00bbprimary\u00a0\u00bb align=\u00a0\u00bbcenter\u00a0\u00bb link=\u00a0\u00bburl:http%3A%2F%2Fmontessoripc.com%2Ffiles%2Fcamp_calendar|target:_blank|\u00a0\u00bb][\/vc_column][vc_column width=\u00a0\u00bb1\/2&Prime;][vc_custom_heading text=\u00a0\u00bbGroupes d&apos;\u00e2ge\u00a0\u00bb use_theme_fonts=\u00a0\u00bbyes\u00a0\u00bb][vc_column_text css=\u00a0\u00bb\u00a0\u00bb list-marker-style=\u00a0\u00bb0&Prime;]<strong>5 \u00e0 7 ans:<\/strong> Nos campeurs \u00ab seniors \u00bb ; ce groupe comprend les enfants qui ont termin\u00e9 l&rsquo;\u00e9cole maternelle.<\/p>\n<p>Notre programme pour cette tranche d&rsquo;\u00e2ge est dirig\u00e9 par de jeunes \u00e9ducateurs qualifi\u00e9s (dans la vingtaine). Nos campeurs aiment leurs activit\u00e9s, se font de bons amis et ont beaucoup de libert\u00e9 pour explorer et jouer, tout en participant \u00e0 de nombreuses activit\u00e9s \u00e9tonnantes et organis\u00e9es.<br \/>Il s&rsquo;agit d&rsquo;un programme de qualit\u00e9, s\u00fbr, avec un excellent ratio \u00e9ducateur\/campeur de 1:10<\/p>\n<p><strong>4 \u00e0 5 ans<\/strong> :<br \/>Ce groupe comprend les enfants qui ont termin\u00e9 la pr\u00e9-maternelle ou le K4.<\/p>\n<p>Ce groupe est pr\u00eat \u00e0 participer \u00e0 des activit\u00e9s pour enfants plus \u00e2g\u00e9s et profite d&rsquo;une combinaison de jeux libres avec nos amis et de nombreuses activit\u00e9s int\u00e9rieures et ext\u00e9rieures organis\u00e9es par notre personnel qualifi\u00e9.<\/p>\n<p><strong>3 \u00e0 4 ans:<\/strong><br \/>Pour ce groupe, l&rsquo;\u00e9t\u00e9 est le moment de sortir, de se r\u00e9jouir d&rsquo;\u00eatre avec ses amis et d&rsquo;apprendre \u00e0 quel point on peut s&rsquo;amuser ensemble. L&rsquo;accent est mis sur le jeu cr\u00e9atif et la d\u00e9couverte dans un environnement social.<\/p>\n<p><strong>2 \u00e0 3 ans:<\/strong><br \/>L&rsquo;\u00e9t\u00e9 nous donne l&rsquo;occasion de faire de nombreuses activit\u00e9s, comme peindre avec nos pieds ou jouer dans nos pataugeoires, que nous ne pourrions pas faire pendant l&rsquo;ann\u00e9e scolaire. Nous adorons les colonies de vacances !<\/p>\n<p><strong>14 mois \u00e0 2 ans:<\/strong><br \/>Nous avons notre propre aire de jeux pour ce groupe, avec des arbres, de l&rsquo;herbe et des copeaux de bois doux, o\u00f9 nous pouvons explorer et jouer en toute s\u00e9curit\u00e9 avec nos petits amis.[\/vc_column_text][vc_btn title=\u00a0\u00bbR\u00e9servez une visite\u00a0\u00bb style=\u00a0\u00bbflat\u00a0\u00bb shape=\u00a0\u00bbsquare\u00a0\u00bb color=\u00a0\u00bbprimary\u00a0\u00bb align=\u00a0\u00bbcenter\u00a0\u00bb link=\u00a0\u00bburl:http%3A%2F%2Fmontessoripc.com%2Ffr%2Fnous-joindre%2F|\u00a0\u00bb][\/vc_column][\/vc_row]<\/p>\n<\/div>","protected":false},"excerpt":{"rendered":"<p>[vc_row full_width=\u00a0\u00bbstretch_row_content\u00a0\u00bb el_class=\u00a0\u00bbtight-padding\u00a0\u00bb css=\u00a0\u00bb.vc_custom_1680117613253{margin-top: 0px !important;margin-bottom: 0px !important;}\u00a0\u00bb][vc_column][\/vc_column][\/vc_row][vc_row full_width=\u00a0\u00bbstretch_row\u00a0\u00bb css=\u00a0\u00bb.vc_custom_1613068157646{margin-bottom: 25px !important;padding-bottom: 40px !important;background-image: url(https:\/\/montessoripc.com\/wp-content\/uploads\/2018\/01\/montessori-purp-light.png?id=2270) !important;background-position: 0 0 !important;background-repeat: repeat !important;}\u00a0\u00bb][vc_column][vc_custom_heading text=\u00a0\u00bbAmusez-vous cet \u00e9t\u00e9 avec vos amis!\u00a0\u00bb font_container=\u00a0\u00bbtag:h1|text_align:left\u00a0\u00bb use_theme_fonts=\u00a0\u00bbyes\u00a0\u00bb][vc_column_text css=\u00a0\u00bb\u00a0\u00bb list-marker-style=\u00a0\u00bb0&Prime;]Profitons de l&rsquo;\u00e9t\u00e9 et passons du bon temps entre amis ! C&rsquo;est le moment de sortir en plein air \u00e0 Montessori Pointe Claire et de [&hellip;]<\/p>\n","protected":false},"author":1,"featured_media":0,"parent":0,"menu_order":0,"comment_status":"closed","ping_status":"closed","template":"page-front_page.php","meta":{"_acf_changed":false,"footnotes":""},"class_list":["post-1339","page","type-page","status-publish","hentry"],"acf":[],"_links":{"self":[{"href":"https:\/\/montessoripc.com\/fr\/wp-json\/wp\/v2\/pages\/1339","targetHints":{"allow":["GET"]}}],"collection":[{"href":"https:\/\/montessoripc.com\/fr\/wp-json\/wp\/v2\/pages"}],"about":[{"href":"https:\/\/montessoripc.com\/fr\/wp-json\/wp\/v2\/types\/page"}],"author":[{"embeddable":true,"href":"https:\/\/montessoripc.com\/fr\/wp-json\/wp\/v2\/users\/1"}],"replies":[{"embeddable":true,"href":"https:\/\/montessoripc.com\/fr\/wp-json\/wp\/v2\/comments?post=1339"}],"version-history":[{"count":67,"href":"https:\/\/montessoripc.com\/fr\/wp-json\/wp\/v2\/pages\/1339\/revisions"}],"predecessor-version":[{"id":44955,"href":"https:\/\/montessoripc.com\/fr\/wp-json\/wp\/v2\/pages\/1339\/revisions\/44955"}],"wp:attachment":[{"href":"https:\/\/montessoripc.com\/fr\/wp-json\/wp\/v2\/media?parent=1339"}],"curies":[{"name":"wp","href":"https:\/\/api.w.org\/{rel}","templated":true}]}}