{"id":35603,"date":"2021-03-04T02:38:21","date_gmt":"2021-03-04T02:38:21","guid":{"rendered":"https:\/\/montessoripc.com\/lannee-scolaire\/comment-sinscrire\/"},"modified":"2025-04-07T17:09:31","modified_gmt":"2025-04-07T17:09:31","slug":"comment-sinscrire","status":"publish","type":"page","link":"https:\/\/montessoripc.com\/fr\/lannee-scolaire\/comment-sinscrire\/","title":{"rendered":"Comment s\u2019inscrire"},"content":{"rendered":"<div class=\"wpb-content-wrapper\"><p>[vc_row][vc_column width=\u00a0\u00bb7\/12&Prime;][vc_column_text css=\u00a0\u00bb\u00a0\u00bb list-marker-style=\u00a0\u00bb0&Prime;]Nous sommes tr\u00e8s heureux de vous aider dans toutes les \u00e9tapes du processus d&rsquo;inscription. Veuillez contacter notre directrice, Marina Erfle (<a href=\"mailto:marina@montessoripc.com\">Marina@montessoripc.com<\/a>), pour toute aide dont vous pourriez avoir besoin. Un enfant peut \u00eatre inscrit \u00e0 tout moment de l&rsquo;ann\u00e9e, \u00e0 condition qu&rsquo;il y ait des places disponibles.[\/vc_column_text][vc_column_text]<\/p>\n<ol>\n<li>Confirmez avec le bureau de l&rsquo;\u00e9cole qu&rsquo;une place est disponible pour votre enfant. Si aucune place n&rsquo;est disponible, vous aurez la possibilit\u00e9 de placer votre enfant sur une liste d&rsquo;attente.<\/li>\n<li>Compl\u00e9tez le <a href=\"https:\/\/montessoripc.com\/files\/academic_registration\">contrat d&rsquo;enregistrement<\/a>. \u00a0Si votre enfant commence pendant la p\u00e9riode estivale, vous devrez \u00e9galement remplir le <a href=\"https:\/\/montessoripc.com\/files\/camp_registration\">formulaire d&rsquo;inscription au camp d&rsquo;\u00e9t\u00e9<\/a>.<\/li>\n<li>Vous pouvez d\u00e9poser, envoyer par courrier ou <a href=\"mailto:office@montessoripc.com\">email<\/a> vos documents d&rsquo;inscription. Les paiements se font par ch\u00e8que ou par virement \u00e9lectronique.<\/li>\n<li>Pour les enfants commen\u00e7ant \u00e0 un autre moment que le mois de septembre ou les mois de camp d&rsquo;\u00e9t\u00e9, les frais sont calcul\u00e9s au prorata et les paiements exacts seront confirm\u00e9s par le bureau de l&rsquo;\u00e9cole.<\/li>\n<li>Une fois l&rsquo;enfant inscrit, l&rsquo;\u00e9cole remplira le formulaire \u00ab\u00a0<a href=\"https:\/\/www.revenuquebec.ca\/en\/citizens\/tax-credits\/tax-credit-for-childcare-expenses\/advance-payments\/\" target=\"_blank\" rel=\"noopener\">Avis de frais de garde d&rsquo;enfants\u00a0\u00bb<\/a> <strong>Revenu Qu\u00e9bec <\/strong>subvention.<\/li>\n<li>Dans les (une ou deux) semaines pr\u00e9c\u00e9dant le d\u00e9but de la visite de votre enfant, il vous est demand\u00e9 de t\u00e9l\u00e9phoner ou d&rsquo;envoyer un courriel pour r\u00e9server vos visites d&rsquo;orientation pour vous et votre enfant.<\/li>\n<\/ol>\n<p>[\/vc_column_text][\/vc_column][vc_column width=\u00a0\u00bb1\/12&Prime;][\/vc_column][vc_column width=\u00a0\u00bb4\/12&Prime;][vc_single_image image=\u00a0\u00bb35519&Prime; img_size=\u00a0\u00bblarge\u00a0\u00bb onclick=\u00a0\u00bblink_image\u00a0\u00bb][\/vc_column][\/vc_row]<\/p>\n<\/div>","protected":false},"excerpt":{"rendered":"<p>[vc_row][vc_column width=\u00a0\u00bb7\/12&Prime;][vc_column_text css=\u00a0\u00bb\u00a0\u00bb list-marker-style=\u00a0\u00bb0&Prime;]Nous sommes tr\u00e8s heureux de vous aider dans toutes les \u00e9tapes du processus d&rsquo;inscription. Veuillez contacter notre directrice, Marina Erfle (Marina@montessoripc.com), pour toute aide dont vous pourriez avoir besoin. Un enfant peut \u00eatre inscrit \u00e0 tout moment de l&rsquo;ann\u00e9e, \u00e0 condition qu&rsquo;il y ait des places disponibles.[\/vc_column_text][vc_column_text] Confirmez avec le bureau de [&hellip;]<\/p>\n","protected":false},"author":1,"featured_media":0,"parent":784,"menu_order":0,"comment_status":"closed","ping_status":"closed","template":"","meta":{"_acf_changed":false,"footnotes":""},"class_list":["post-35603","page","type-page","status-publish","hentry"],"acf":[],"_links":{"self":[{"href":"https:\/\/montessoripc.com\/fr\/wp-json\/wp\/v2\/pages\/35603","targetHints":{"allow":["GET"]}}],"collection":[{"href":"https:\/\/montessoripc.com\/fr\/wp-json\/wp\/v2\/pages"}],"about":[{"href":"https:\/\/montessoripc.com\/fr\/wp-json\/wp\/v2\/types\/page"}],"author":[{"embeddable":true,"href":"https:\/\/montessoripc.com\/fr\/wp-json\/wp\/v2\/users\/1"}],"replies":[{"embeddable":true,"href":"https:\/\/montessoripc.com\/fr\/wp-json\/wp\/v2\/comments?post=35603"}],"version-history":[{"count":26,"href":"https:\/\/montessoripc.com\/fr\/wp-json\/wp\/v2\/pages\/35603\/revisions"}],"predecessor-version":[{"id":44601,"href":"https:\/\/montessoripc.com\/fr\/wp-json\/wp\/v2\/pages\/35603\/revisions\/44601"}],"up":[{"embeddable":true,"href":"https:\/\/montessoripc.com\/fr\/wp-json\/wp\/v2\/pages\/784"}],"wp:attachment":[{"href":"https:\/\/montessoripc.com\/fr\/wp-json\/wp\/v2\/media?parent=35603"}],"curies":[{"name":"wp","href":"https:\/\/api.w.org\/{rel}","templated":true}]}}