{"id":40860,"date":"2023-03-29T18:51:36","date_gmt":"2023-03-29T18:51:36","guid":{"rendered":"https:\/\/montessoripc.com\/?page_id=40860"},"modified":"2026-04-15T15:56:51","modified_gmt":"2026-04-15T15:56:51","slug":"notre-personnel","status":"publish","type":"page","link":"https:\/\/montessoripc.com\/fr\/a-propos\/notre-personnel\/","title":{"rendered":"Notre Personnel"},"content":{"rendered":"<div class=\"wpb-content-wrapper\"><p>[vc_row][vc_column][vc_row_inner content_placement=\u00a0\u00bbmiddle\u00a0\u00bb][vc_column_inner width=\u00a0\u00bb6\/12&Prime;][vc_column_text]\u00c0 Montessori Pointe Claire, nous croyons que notre plus grand atout est notre personnel. Ces \u00e9ducateurs sont les personnes qui s&rsquo;occupent de vos enfants et les aiment chaque jour, et qui font l&rsquo;effort de bien communiquer avec les parents. Qu&rsquo;il s&rsquo;agisse d&rsquo;un membre du personnel qui travaille avec nous depuis plus de 20 ou 30 ans ou d&rsquo;un de nos assistants \u00e9ducateurs, tous ceux qui travaillent \u00e0 Montessori Pointe Claire sont l\u00e0 parce qu&rsquo;ils aiment leur travail avec les enfants. Dans chaque classe, il y a des \u00e9ducateurs principaux et des \u00e9ducateurs adjoints. Tous se consacrent \u00e0 apporter de la joie aux enfants et \u00e0 rendre leurs journ\u00e9es productives et amusantes. En plus de notre personnel enseignant, nous avons du personnel de bureau afin qu&rsquo;il y ait toujours quelqu&rsquo;un pour vous aider en cas de besoin. Nous disposons \u00e9galement d&rsquo;un chef cuisinier \u00e0 temps plein et d&rsquo;une \u00e9quipe de nettoyage qui travaille tous les jours.[\/vc_column_text][\/vc_column_inner][vc_column_inner width=\u00a0\u00bb1\/12&Prime;][\/vc_column_inner][vc_column_inner width=\u00a0\u00bb5\/12&Prime;][vc_single_image image=\u00a0\u00bb33466&Prime; img_size=\u00a0\u00bblarge\u00a0\u00bb onclick=\u00a0\u00bblink_image\u00a0\u00bb][\/vc_column_inner][\/vc_row_inner][vc_tta_accordion section_title_tag=\u00a0\u00bbh2&Prime; style=\u00a0\u00bbmpc\u00a0\u00bb shape=\u00a0\u00bbsquare\u00a0\u00bb color=\u00a0\u00bbwhite\u00a0\u00bb active_section=\u00a0\u00bb1&Prime; no_fill=\u00a0\u00bbtrue\u00a0\u00bb][vc_tta_section title=\u00a0\u00bbDirectrice de l&apos;\u00e9cole\u00a0\u00bb tab_id=\u00a0\u00bb1661915612382-b493fef5-be75&Prime;][vc_row_inner equal_height=\u00a0\u00bbyes\u00a0\u00bb content_placement=\u00a0\u00bbmiddle\u00a0\u00bb][vc_column_inner width=\u00a0\u00bb1\/12&Prime;][\/vc_column_inner][vc_column_inner width=\u00a0\u00bb5\/12&Prime;][vc_single_image image=\u00a0\u00bb45835&Prime; img_size=\u00a0\u00bblarge\u00a0\u00bb onclick=\u00a0\u00bblink_image\u00a0\u00bb css=\u00a0\u00bb\u00a0\u00bb][\/vc_column_inner][vc_column_inner width=\u00a0\u00bb6\/12&Prime; push_position=\u00a0\u00bbleft\u00a0\u00bb][vc_custom_heading text=\u00a0\u00bbMarina Erfle\u00a0\u00bb font_container=\u00a0\u00bbtag:h3|text_align:left\u00a0\u00bb use_theme_fonts=\u00a0\u00bbyes\u00a0\u00bb css=\u00a0\u00bb\u00a0\u00bb][vc_column_text css=\u00a0\u00bb\u00a0\u00bb list-marker-style=\u00a0\u00bb0&Prime;]Marina travaille \u00e0 Montessori Pointe-Claire depuis 2008, o\u00f9 elle a d&rsquo;abord occup\u00e9 les fonctions d&rsquo;assistante p\u00e9dagogique et d&rsquo;assistante administrative. Elle est devenue directrice de l&rsquo;\u00e9cole au printemps 2025. Marina est la fille de Mme Artemis Erfle (ancienne directrice de l&rsquo;\u00e9cole) et la petite-fille de Mme Stratis (fondatrice de l&rsquo;\u00e9cole). Elle a elle-m\u00eame deux enfants qui fr\u00e9quentent l&rsquo;\u00e9cole Montessori.<\/p>\n<p>Marina est titulaire d&rsquo;un baccalaur\u00e9at en \u00e9ducation et d&rsquo;une ma\u00eetrise en \u00e9ducation physique de l&rsquo;Universit\u00e9 McGill. Avant de travailler \u00e0 temps plein \u00e0 l&rsquo;\u00e9cole Montessori, Marina a enseign\u00e9 au primaire et au secondaire.<\/p>\n<p>Marina a obtenu sa certification d&rsquo;enseignante Montessori.<\/p>\n<p>En tant que directrice de l&rsquo;\u00e9cole Montessori Pointe Claire, Marina travaille en \u00e9troite collaboration avec le personnel enseignant et de soutien, ainsi qu&rsquo;avec le comit\u00e9 des parents. Son objectif est d&rsquo;adopter une approche collaborative afin de maintenir un programme cr\u00e9atif et innovant qui r\u00e9ponde aux besoins des enfants et de leurs familles.<\/p>\n<p>Marina appr\u00e9cie \u00e9galement de travailler directement avec les enfants lors de ses cours d&rsquo;\u00e9ducation physique, qui ont lieu une fois par mois.<\/p>\n<p>Marina aime apprendre \u00e0 conna\u00eetre les enfants et leurs familles. Elle est toujours ravie d&rsquo;\u00e9changer, de r\u00e9pondre aux questions et d&rsquo;apporter son soutien l\u00e0 o\u00f9 on a besoin d&rsquo;elle.[\/vc_column_text][\/vc_column_inner][\/vc_row_inner][\/vc_tta_section][vc_tta_section title=\u00a0\u00bbPersonnel de bureau\u00a0\u00bb tab_id=\u00a0\u00bb1661915735760-b65eef17-7ace\u00a0\u00bb][vc_row_inner gap=\u00a0\u00bb20&Prime;][vc_column_inner width=\u00a0\u00bb1\/4&Prime;][vc_single_image image=\u00a0\u00bb40956&Prime; img_size=\u00a0\u00bbmedium\u00a0\u00bb onclick=\u00a0\u00bblink_image\u00a0\u00bb css=\u00a0\u00bb.vc_custom_1664315970397{margin-bottom: 0.25rem !important;}\u00a0\u00bb][vc_custom_heading text=\u00a0\u00bbCindy Batten\u00a0\u00bb font_container=\u00a0\u00bbtag:h3|text_align:left\u00a0\u00bb use_theme_fonts=\u00a0\u00bbyes\u00a0\u00bb css=\u00a0\u00bb.vc_custom_1664315983438{margin-top: 0.375em !important;margin-bottom: 0.375em !important;}\u00a0\u00bb][vc_custom_heading text=\u00a0\u00bbDipl\u00f4me en gestion d&apos;h\u00f4tel et de restaurant, Humber College. Chef de bureau \u00e0 Montessori depuis 2002.\u00a0\u00bb font_container=\u00a0\u00bbtag:p|text_align:left\u00a0\u00bb use_theme_fonts=\u00a0\u00bbyes\u00a0\u00bb css=\u00a0\u00bb.vc_custom_1664315989817{margin-top: 0.25em !important;}\u00a0\u00bb][\/vc_column_inner][vc_column_inner width=\u00a0\u00bb1\/4&Prime;][vc_single_image image=\u00a0\u00bb45801&Prime; img_size=\u00a0\u00bbmedium\u00a0\u00bb onclick=\u00a0\u00bblink_image\u00a0\u00bb css=\u00a0\u00bb.vc_custom_1761923896470{margin-bottom: 0.25rem !important;}\u00a0\u00bb][vc_custom_heading text=\u00a0\u00bbToni Vriniotis\u00a0\u00bb font_container=\u00a0\u00bbtag:h3|text_align:left\u00a0\u00bb use_theme_fonts=\u00a0\u00bbyes\u00a0\u00bb css=\u00a0\u00bb.vc_custom_1663702245223{margin-top: 0.375em !important;margin-bottom: 0.375em !important;}\u00a0\u00bb][vc_custom_heading text=\u00a0\u00bbDEC en voyage et tourisme. Chez Montessori depuis 2016, actuellement au poste de directrice adjointe.\u00a0\u00bb font_container=\u00a0\u00bbtag:p|text_align:left\u00a0\u00bb use_theme_fonts=\u00a0\u00bbyes\u00a0\u00bb css=\u00a0\u00bb.vc_custom_1664317720880{margin-top: 0.25em !important;}\u00a0\u00bb][\/vc_column_inner][vc_column_inner width=\u00a0\u00bb1\/4&Prime;][\/vc_column_inner][vc_column_inner width=\u00a0\u00bb1\/4&Prime;][\/vc_column_inner][\/vc_row_inner][\/vc_tta_section][vc_tta_section title=\u00a0\u00bb\u00c9ducateurs principaux\u00a0\u00bb tab_id=\u00a0\u00bb1661915822994-0c2e4169-2db8&Prime;][vc_row_inner][vc_column_inner width=\u00a0\u00bb1\/4&Prime;][vc_single_image image=\u00a0\u00bb40938&Prime; img_size=\u00a0\u00bbmedium\u00a0\u00bb onclick=\u00a0\u00bblink_image\u00a0\u00bb css=\u00a0\u00bb.vc_custom_1664317626419{margin-bottom: 0.25rem !important;}\u00a0\u00bb][vc_custom_heading text=\u00a0\u00bbCamille Pyle\u00a0\u00bb font_container=\u00a0\u00bbtag:h3|text_align:left\u00a0\u00bb use_theme_fonts=\u00a0\u00bbyes\u00a0\u00bb css=\u00a0\u00bb.vc_custom_1664317636301{margin-top: 0.375em !important;margin-bottom: 0.375em !important;}\u00a0\u00bb][vc_custom_heading text=\u00a0\u00bbLicence en sociologie. \u00c9ducatrice \u00e0 Montessori depuis 1998&Prime; font_container=\u00a0\u00bbtag:p|text_align:left\u00a0\u00bb use_theme_fonts=\u00a0\u00bbyes\u00a0\u00bb css=\u00a0\u00bb.vc_custom_1664317640888{margin-top: 0.25em !important;}\u00a0\u00bb][\/vc_column_inner][vc_column_inner width=\u00a0\u00bb1\/4&Prime;][vc_single_image image=\u00a0\u00bb40934&Prime; img_size=\u00a0\u00bbmedium\u00a0\u00bb onclick=\u00a0\u00bblink_image\u00a0\u00bb css=\u00a0\u00bb.vc_custom_1664315563650{margin-bottom: 0.25rem !important;}\u00a0\u00bb][vc_custom_heading text=\u00a0\u00bbMaria Quizihuil\u00a0\u00bb font_container=\u00a0\u00bbtag:h3|text_align:left\u00a0\u00bb use_theme_fonts=\u00a0\u00bbyes\u00a0\u00bb css=\u00a0\u00bb.vc_custom_1664315570019{margin-top: 0.375em !important;margin-bottom: 0.375em !important;}\u00a0\u00bb][vc_custom_heading text=\u00a0\u00bbJ&apos;ai enseign\u00e9 en maternelle au Mexique. Je suis enseignante d&apos;espagnol \u00e0 l&apos;\u00e9cole Montessori depuis 2016. \u00a0\u00bb font_container=\u00a0\u00bbtag:p|text_align:left\u00a0\u00bb use_theme_fonts=\u00a0\u00bbyes\u00a0\u00bb css=\u00a0\u00bb.vc_custom_1776268352314{margin-top: 0.25em !important;}\u00a0\u00bb][\/vc_column_inner][vc_column_inner width=\u00a0\u00bb1\/4&Prime;][vc_single_image image=\u00a0\u00bb40980&Prime; img_size=\u00a0\u00bbmedium\u00a0\u00bb onclick=\u00a0\u00bblink_image\u00a0\u00bb css=\u00a0\u00bb.vc_custom_1664315721663{margin-bottom: 0.25rem !important;}\u00a0\u00bb][vc_custom_heading text=\u00a0\u00bbTamar Bouchalian\u00a0\u00bb font_container=\u00a0\u00bbtag:h3|text_align:left\u00a0\u00bb use_theme_fonts=\u00a0\u00bbyes\u00a0\u00bb css=\u00a0\u00bb.vc_custom_1664315727368{margin-top: 0.375em !important;margin-bottom: 0.375em !important;}\u00a0\u00bb][vc_custom_heading text=\u00a0\u00bbBaccalaur\u00e9at en \u00e9ducation, programme de maternelle\/\u00e9l\u00e9mentaire, Universit\u00e9 McGill. Dipl\u00f4me d&apos;EPE, Coll\u00e8ge Vanier. Enseignante de fran\u00e7ais \u00e0 Montessori depuis 2022&Prime; font_container=\u00a0\u00bbtag:p|text_align:left\u00a0\u00bb use_theme_fonts=\u00a0\u00bbyes\u00a0\u00bb css=\u00a0\u00bb.vc_custom_1664315736495{margin-top: 0.25em !important;}\u00a0\u00bb][\/vc_column_inner][vc_column_inner width=\u00a0\u00bb1\/4&Prime;][vc_single_image image=\u00a0\u00bb40942&Prime; img_size=\u00a0\u00bbmedium\u00a0\u00bb onclick=\u00a0\u00bblink_image\u00a0\u00bb css=\u00a0\u00bb.vc_custom_1664316045174{margin-bottom: 0.25rem !important;}\u00a0\u00bb][vc_custom_heading text=\u00a0\u00bbHerla Joseph\u00a0\u00bb font_container=\u00a0\u00bbtag:h3|text_align:left\u00a0\u00bb use_theme_fonts=\u00a0\u00bbyes\u00a0\u00bb css=\u00a0\u00bb.vc_custom_1664316284918{margin-top: 0.375em !important;margin-bottom: 0.375em !important;}\u00a0\u00bb][vc_custom_heading text=\u00a0\u00bbLicence en enseignement pr\u00e9scolaire et primaire et certificat en pu\u00e9riculture. Professeur de fran\u00e7ais \u00e0 l&apos;\u00e9cole Montessori depuis 1988.\u00a0\u00bb font_container=\u00a0\u00bbtag:p|text_align:left\u00a0\u00bb use_theme_fonts=\u00a0\u00bbyes\u00a0\u00bb css=\u00a0\u00bb.vc_custom_1776268371230{margin-top: 0.25em !important;}\u00a0\u00bb][\/vc_column_inner][\/vc_row_inner][vc_row_inner][vc_column_inner width=\u00a0\u00bb1\/4&Prime;][vc_single_image image=\u00a0\u00bb40936&Prime; img_size=\u00a0\u00bbmedium\u00a0\u00bb onclick=\u00a0\u00bblink_image\u00a0\u00bb css=\u00a0\u00bb.vc_custom_1664317588744{margin-bottom: 0.25rem !important;}\u00a0\u00bb][vc_custom_heading text=\u00a0\u00bbTanya Agrignon\u00a0\u00bb font_container=\u00a0\u00bbtag:h3|text_align:left\u00a0\u00bb use_theme_fonts=\u00a0\u00bbyes\u00a0\u00bb css=\u00a0\u00bb.vc_custom_1664317606631{margin-top: 0.375em !important;margin-bottom: 0.375em !important;}\u00a0\u00bb][vc_custom_heading text=\u00a0\u00bbDipl\u00f4me d&apos;\u00e9ducation de la petite enfance, Champlain College. \u00c9ducatrice \u00e0 Montessori depuis 2007&Prime; font_container=\u00a0\u00bbtag:p|text_align:left\u00a0\u00bb use_theme_fonts=\u00a0\u00bbyes\u00a0\u00bb css=\u00a0\u00bb.vc_custom_1664317612373{margin-top: 0.25em !important;}\u00a0\u00bb][\/vc_column_inner][vc_column_inner width=\u00a0\u00bb1\/4&Prime;][vc_single_image image=\u00a0\u00bb40972&Prime; img_size=\u00a0\u00bbmedium\u00a0\u00bb onclick=\u00a0\u00bblink_image\u00a0\u00bb css=\u00a0\u00bb.vc_custom_1664317094921{margin-bottom: 0.25rem !important;}\u00a0\u00bb][vc_custom_heading text=\u00a0\u00bbRiham Alrefaie\u00a0\u00bb font_container=\u00a0\u00bbtag:h3|text_align:left\u00a0\u00bb use_theme_fonts=\u00a0\u00bbyes\u00a0\u00bb css=\u00a0\u00bb.vc_custom_1680113338658{margin-top: 0.375em !important;margin-bottom: 0.375em !important;}\u00a0\u00bb][vc_custom_heading text=\u00a0\u00bbLicence en informatique, Universit\u00e9 du District de Columbia. Dipl\u00f4me d&apos;\u00e9ducation de la petite enfance, CDI College. \u00c9ducatrice \u00e0 Montessori depuis 2019&Prime; font_container=\u00a0\u00bbtag:p|text_align:left\u00a0\u00bb use_theme_fonts=\u00a0\u00bbyes\u00a0\u00bb css=\u00a0\u00bb.vc_custom_1664317114637{margin-top: 0.25em !important;}\u00a0\u00bb][\/vc_column_inner][vc_column_inner width=\u00a0\u00bb1\/4&Prime;][vc_single_image image=\u00a0\u00bb45804&Prime; img_size=\u00a0\u00bbmedium\u00a0\u00bb onclick=\u00a0\u00bblink_image\u00a0\u00bb css=\u00a0\u00bb.vc_custom_1761924165020{margin-bottom: 0.25rem !important;}\u00a0\u00bb][vc_custom_heading text=\u00a0\u00bbSujey Reyes\u00a0\u00bb font_container=\u00a0\u00bbtag:h3|text_align:left\u00a0\u00bb use_theme_fonts=\u00a0\u00bbyes\u00a0\u00bb css=\u00a0\u00bb.vc_custom_1761924073191{margin-top: 0.375em !important;margin-bottom: 0.375em !important;}\u00a0\u00bb][vc_custom_heading text=\u00a0\u00bbFormation universitaire, Mexique : Centro Universitario Metropolitano de Hidalgo. Enseignante en maternelle au Mexique. \u00c9ducatrice espagnole chez Montessori depuis 2024.\u00a0\u00bb font_container=\u00a0\u00bbtag:p|text_align:left\u00a0\u00bb use_theme_fonts=\u00a0\u00bbyes\u00a0\u00bb css=\u00a0\u00bb.vc_custom_1761924081139{margin-top: 0.25em !important;}\u00a0\u00bb][\/vc_column_inner][vc_column_inner width=\u00a0\u00bb1\/4&Prime;][vc_single_image image=\u00a0\u00bb45810&Prime; img_size=\u00a0\u00bbmedium\u00a0\u00bb onclick=\u00a0\u00bblink_image\u00a0\u00bb css=\u00a0\u00bb.vc_custom_1761924616676{margin-bottom: 0.25rem !important;}\u00a0\u00bb][vc_custom_heading text=\u00a0\u00bbBerenice Terrones\u00a0\u00bb font_container=\u00a0\u00bbtag:h3|text_align:left\u00a0\u00bb use_theme_fonts=\u00a0\u00bbyes\u00a0\u00bb css=\u00a0\u00bb.vc_custom_1761924321211{margin-top: 0.375em !important;margin-bottom: 0.375em !important;}\u00a0\u00bb][vc_custom_heading text=\u00a0\u00bbA \u00e9tudi\u00e9 l&apos;architecture et le design \u00e0 l&apos;Universidad Autonoma De Tamaulipas (Mexique). Enseignant d&apos;espagnol chez Montessori depuis 2024.\u00a0\u00bb font_container=\u00a0\u00bbtag:p|text_align:left\u00a0\u00bb use_theme_fonts=\u00a0\u00bbyes\u00a0\u00bb css=\u00a0\u00bb.vc_custom_1761924326884{margin-top: 0.25em !important;}\u00a0\u00bb][\/vc_column_inner][\/vc_row_inner][vc_row_inner][vc_column_inner width=\u00a0\u00bb1\/4&Prime;][vc_single_image image=\u00a0\u00bb45816&Prime; img_size=\u00a0\u00bbmedium\u00a0\u00bb onclick=\u00a0\u00bblink_image\u00a0\u00bb css=\u00a0\u00bb.vc_custom_1761924572638{margin-bottom: 0.25rem !important;}\u00a0\u00bb][vc_custom_heading text=\u00a0\u00bbRiley Critch\u00a0\u00bb font_container=\u00a0\u00bbtag:h3|text_align:left\u00a0\u00bb use_theme_fonts=\u00a0\u00bbyes\u00a0\u00bb css=\u00a0\u00bb.vc_custom_1761924277925{margin-top: 0.375em !important;margin-bottom: 0.375em !important;}\u00a0\u00bb][vc_custom_heading text=\u00a0\u00bbBaccalaur\u00e9at en psychologie, Universit\u00e9 McGill. Assistante \u00e9ducatrice chez Montessori depuis 2020.\u00a0\u00bb font_container=\u00a0\u00bbtag:p|text_align:left\u00a0\u00bb use_theme_fonts=\u00a0\u00bbyes\u00a0\u00bb css=\u00a0\u00bb.vc_custom_1765509815857{margin-top: 0.25em !important;}\u00a0\u00bb][\/vc_column_inner][vc_column_inner width=\u00a0\u00bb1\/4&Prime;][vc_single_image image=\u00a0\u00bb45808&Prime; img_size=\u00a0\u00bbmedium\u00a0\u00bb onclick=\u00a0\u00bblink_image\u00a0\u00bb css=\u00a0\u00bb.vc_custom_1761924630100{margin-bottom: 0.25rem !important;}\u00a0\u00bb][vc_custom_heading text=\u00a0\u00bbAmy Cherrett\u00a0\u00bb font_container=\u00a0\u00bbtag:h3|text_align:left\u00a0\u00bb use_theme_fonts=\u00a0\u00bbyes\u00a0\u00bb css=\u00a0\u00bb.vc_custom_1761924386567{margin-top: 0.375em !important;margin-bottom: 0.375em !important;}\u00a0\u00bb][vc_custom_heading text=\u00a0\u00bbBaccalaur\u00e9at en sociologie de l&apos;Universit\u00e9 Concordia. Enseignante de fran\u00e7ais \u00e0 Montessori depuis 2023.\u00a0\u00bb font_container=\u00a0\u00bbtag:p|text_align:left\u00a0\u00bb use_theme_fonts=\u00a0\u00bbyes\u00a0\u00bb css=\u00a0\u00bb.vc_custom_1761924393884{margin-top: 0.25em !important;}\u00a0\u00bb][\/vc_column_inner][vc_column_inner width=\u00a0\u00bb1\/4&Prime;][vc_single_image image=\u00a0\u00bb45806&Prime; img_size=\u00a0\u00bbmedium\u00a0\u00bb onclick=\u00a0\u00bblink_image\u00a0\u00bb css=\u00a0\u00bb.vc_custom_1761924605132{margin-bottom: 0.25rem !important;}\u00a0\u00bb][vc_custom_heading text=\u00a0\u00bbAdriana Mercuri\u00a0\u00bb font_container=\u00a0\u00bbtag:h3|text_align:left\u00a0\u00bb use_theme_fonts=\u00a0\u00bbyes\u00a0\u00bb css=\u00a0\u00bb.vc_custom_1761924304968{margin-top: 0.375em !important;margin-bottom: 0.375em !important;}\u00a0\u00bb][vc_custom_heading text=\u00a0\u00bbLicence en sciences humaines, sp\u00e9cialisation en \u00e9tudes de l&apos;enfance. Enseignante de fran\u00e7ais et d&apos;anglais \u00e0 l&apos;\u00e9cole Montessori depuis 2023.\u00a0\u00bb font_container=\u00a0\u00bbtag:p|text_align:left\u00a0\u00bb use_theme_fonts=\u00a0\u00bbyes\u00a0\u00bb css=\u00a0\u00bb.vc_custom_1765509787403{margin-top: 0.25em !important;}\u00a0\u00bb][\/vc_column_inner][vc_column_inner width=\u00a0\u00bb1\/4&Prime;][vc_single_image image=\u00a0\u00bb45814&Prime; img_size=\u00a0\u00bbmedium\u00a0\u00bb onclick=\u00a0\u00bblink_image\u00a0\u00bb css=\u00a0\u00bb.vc_custom_1765509845402{margin-bottom: 0.25rem !important;}\u00a0\u00bb][vc_custom_heading text=\u00a0\u00bbKatrina Ward\u00a0\u00bb font_container=\u00a0\u00bbtag:h3|text_align:left\u00a0\u00bb use_theme_fonts=\u00a0\u00bbyes\u00a0\u00bb css=\u00a0\u00bb.vc_custom_1765509860407{margin-top: 0.375em !important;margin-bottom: 0.375em !important;}\u00a0\u00bb][vc_custom_heading text=\u00a0\u00bbDipl\u00f4m\u00e9e en design d&apos;int\u00e9rieur. En cours d&apos;obtention d&apos;un dipl\u00f4me en petite enfance. \u00c9ducatrice fran\u00e7aise dans une \u00e9cole Montessori depuis 2019.\u00a0\u00bb font_container=\u00a0\u00bbtag:p|text_align:left\u00a0\u00bb use_theme_fonts=\u00a0\u00bbyes\u00a0\u00bb css=\u00a0\u00bb.vc_custom_1765509865044{margin-top: 0.25em !important;}\u00a0\u00bb][\/vc_column_inner][\/vc_row_inner][\/vc_tta_section][vc_tta_section title=\u00a0\u00bbPersonnel d&apos;entretien\u00a0\u00bb tab_id=\u00a0\u00bb1664316074339-40509bf6-b480&Prime;][vc_row_inner gap=\u00a0\u00bb20&Prime;][vc_column_inner width=\u00a0\u00bb1\/4&Prime;][vc_single_image image=\u00a0\u00bb41010&Prime; img_size=\u00a0\u00bbmedium\u00a0\u00bb onclick=\u00a0\u00bblink_image\u00a0\u00bb css=\u00a0\u00bb.vc_custom_1664317213735{margin-bottom: 0.25rem !important;}\u00a0\u00bb][vc_custom_heading text=\u00a0\u00bbRudy Erfle\u00a0\u00bb font_container=\u00a0\u00bbtag:h3|text_align:left\u00a0\u00bb use_theme_fonts=\u00a0\u00bbyes\u00a0\u00bb css=\u00a0\u00bb.vc_custom_1664317223750{margin-top: 0.375em !important;margin-bottom: 0.375em !important;}\u00a0\u00bb][vc_custom_heading text=\u00a0\u00bbDipl\u00f4me d&apos;agriculture, Universit\u00e9 McGill, dipl\u00f4me d&apos;\u00e9b\u00e9nisterie, Conestoga College. Depuis sa retraite, Rudy s&apos;occupe du jardinage et de l&apos;entretien.\u00a0\u00bb font_container=\u00a0\u00bbtag:p|text_align:left\u00a0\u00bb use_theme_fonts=\u00a0\u00bbyes\u00a0\u00bb css=\u00a0\u00bb.vc_custom_1664317230838{margin-top: 0.25em !important;}\u00a0\u00bb][\/vc_column_inner][vc_column_inner width=\u00a0\u00bb1\/4&Prime;][vc_single_image image=\u00a0\u00bb40954&Prime; img_size=\u00a0\u00bbmedium\u00a0\u00bb onclick=\u00a0\u00bblink_image\u00a0\u00bb css=\u00a0\u00bb.vc_custom_1664317448785{margin-bottom: 0.25rem !important;}\u00a0\u00bb][vc_custom_heading text=\u00a0\u00bbMarcel Jean Fran\u00e7ois\u00a0\u00bb font_container=\u00a0\u00bbtag:h3|text_align:left\u00a0\u00bb use_theme_fonts=\u00a0\u00bbyes\u00a0\u00bb css=\u00a0\u00bb.vc_custom_1664317467590{margin-top: 0.375em !important;margin-bottom: 0.375em !important;}\u00a0\u00bb][vc_custom_heading text=\u00a0\u00bbEntretien g\u00e9n\u00e9ral depuis 2016&Prime; font_container=\u00a0\u00bbtag:p|text_align:left\u00a0\u00bb use_theme_fonts=\u00a0\u00bbyes\u00a0\u00bb css=\u00a0\u00bb.vc_custom_1664317458635{margin-top: 0.25em !important;}\u00a0\u00bb][\/vc_column_inner][vc_column_inner width=\u00a0\u00bb1\/4&Prime;][vc_single_image image=\u00a0\u00bb40960&Prime; img_size=\u00a0\u00bbmedium\u00a0\u00bb onclick=\u00a0\u00bblink_image\u00a0\u00bb css=\u00a0\u00bb.vc_custom_1664317737201{margin-bottom: 0.25rem !important;}\u00a0\u00bb][vc_custom_heading text=\u00a0\u00bbMaribel Salazar\u00a0\u00bb font_container=\u00a0\u00bbtag:h3|text_align:left\u00a0\u00bb use_theme_fonts=\u00a0\u00bbyes\u00a0\u00bb css=\u00a0\u00bb.vc_custom_1664317744315{margin-top: 0.375em !important;margin-bottom: 0.375em !important;}\u00a0\u00bb][vc_custom_heading text=\u00a0\u00bbNounou depuis plus de 20 ans. Personnelle de soutien \u00e0 Montessori depuis 2018.\u00a0\u00bb font_container=\u00a0\u00bbtag:p|text_align:left\u00a0\u00bb use_theme_fonts=\u00a0\u00bbyes\u00a0\u00bb css=\u00a0\u00bb.vc_custom_1664317749974{margin-top: 0.25em !important;}\u00a0\u00bb][\/vc_column_inner][vc_column_inner width=\u00a0\u00bb1\/4&Prime;][\/vc_column_inner][\/vc_row_inner][\/vc_tta_section][vc_tta_section title=\u00a0\u00bbChef cuisinier\u00a0\u00bb tab_id=\u00a0\u00bb1761923480677-6a002125-b249&Prime;][vc_row_inner][vc_column_inner width=\u00a0\u00bb1\/4&Prime;][vc_single_image image=\u00a0\u00bb45796&Prime; img_size=\u00a0\u00bbmedium\u00a0\u00bb onclick=\u00a0\u00bblink_image\u00a0\u00bb css=\u00a0\u00bb.vc_custom_1761923812472{margin-bottom: 0.25rem !important;}\u00a0\u00bb][vc_custom_heading text=\u00a0\u00bbRoberta Zimmerman\u00a0\u00bb font_container=\u00a0\u00bbtag:h3|text_align:left\u00a0\u00bb use_theme_fonts=\u00a0\u00bbyes\u00a0\u00bb css=\u00a0\u00bb.vc_custom_1761923770505{margin-top: 0.375em !important;margin-bottom: 0.375em !important;}\u00a0\u00bb][vc_custom_heading text=\u00a0\u00bbChef cuisinier chez Montessori depuis 2024. Il adore pr\u00e9parer des plats nutritifs pour les enfants.\u00a0\u00bb font_container=\u00a0\u00bbtag:p|text_align:left\u00a0\u00bb use_theme_fonts=\u00a0\u00bbyes\u00a0\u00bb css=\u00a0\u00bb.vc_custom_1761923749704{margin-top: 0.25em !important;}\u00a0\u00bb][\/vc_column_inner][vc_column_inner width=\u00a0\u00bb1\/4&Prime;][\/vc_column_inner][vc_column_inner width=\u00a0\u00bb1\/4&Prime;][\/vc_column_inner][vc_column_inner width=\u00a0\u00bb1\/4&Prime;][\/vc_column_inner][\/vc_row_inner][\/vc_tta_section][\/vc_tta_accordion][\/vc_column][\/vc_row]<\/p>\n<\/div>","protected":false},"excerpt":{"rendered":"<p>[vc_row][vc_column][vc_row_inner content_placement=\u00a0\u00bbmiddle\u00a0\u00bb][vc_column_inner width=\u00a0\u00bb6\/12&Prime;][vc_column_text]\u00c0 Montessori Pointe Claire, nous croyons que notre plus grand atout est notre personnel. Ces \u00e9ducateurs sont les personnes qui s&rsquo;occupent de vos enfants et les aiment chaque jour, et qui font l&rsquo;effort de bien communiquer avec les parents. Qu&rsquo;il s&rsquo;agisse d&rsquo;un membre du personnel qui travaille avec nous depuis plus de 20 [&hellip;]<\/p>\n","protected":false},"author":1,"featured_media":0,"parent":762,"menu_order":0,"comment_status":"closed","ping_status":"closed","template":"","meta":{"_acf_changed":false,"footnotes":""},"class_list":["post-40860","page","type-page","status-publish","hentry"],"acf":[],"_links":{"self":[{"href":"https:\/\/montessoripc.com\/fr\/wp-json\/wp\/v2\/pages\/40860","targetHints":{"allow":["GET"]}}],"collection":[{"href":"https:\/\/montessoripc.com\/fr\/wp-json\/wp\/v2\/pages"}],"about":[{"href":"https:\/\/montessoripc.com\/fr\/wp-json\/wp\/v2\/types\/page"}],"author":[{"embeddable":true,"href":"https:\/\/montessoripc.com\/fr\/wp-json\/wp\/v2\/users\/1"}],"replies":[{"embeddable":true,"href":"https:\/\/montessoripc.com\/fr\/wp-json\/wp\/v2\/comments?post=40860"}],"version-history":[{"count":52,"href":"https:\/\/montessoripc.com\/fr\/wp-json\/wp\/v2\/pages\/40860\/revisions"}],"predecessor-version":[{"id":46221,"href":"https:\/\/montessoripc.com\/fr\/wp-json\/wp\/v2\/pages\/40860\/revisions\/46221"}],"up":[{"embeddable":true,"href":"https:\/\/montessoripc.com\/fr\/wp-json\/wp\/v2\/pages\/762"}],"wp:attachment":[{"href":"https:\/\/montessoripc.com\/fr\/wp-json\/wp\/v2\/media?parent=40860"}],"curies":[{"name":"wp","href":"https:\/\/api.w.org\/{rel}","templated":true}]}}