{"id":42849,"date":"2024-01-19T16:53:57","date_gmt":"2024-01-19T16:53:57","guid":{"rendered":"https:\/\/montessoripc.com\/lannee-scolaire\/frais-de-scolarite-2024-2025\/"},"modified":"2024-01-19T16:53:58","modified_gmt":"2024-01-19T16:53:58","slug":"frais-de-scolarite-2024-2025","status":"publish","type":"page","link":"https:\/\/montessoripc.com\/fr\/lannee-scolaire\/frais-de-scolarite-2024-2025\/","title":{"rendered":"Frais de Scolarit\u00e9 (2024-2025)"},"content":{"rendered":"<div class=\"wpb-content-wrapper\"><p>[vc_row][vc_column][vc_message]Cette ann\u00e9e scolaire s\u2019\u00e9tend du 5 septembre 2024 au 23 juin 2025.[\/vc_message][vc_message]Frais D\u2019inscription\u00a0<strong>$195.00<\/strong>[\/vc_message][\/vc_column][\/vc_row][vc_row][vc_column width=\u00a0\u00bb1\/4&Prime;][vc_custom_heading text=\u00a0\u00bbPROGRAMME TEMPS PLEIN\u00a0\u00bb font_container=\u00a0\u00bbtag:div|text_align:center\u00a0\u00bb use_theme_fonts=\u00a0\u00bbyes\u00a0\u00bb el_class=\u00a0\u00bbheading-bold\u00a0\u00bb][vc_row_inner][vc_column_inner][vc_column_text list-marker-style=\u00a0\u00bb0&Prime;]5 jours\/sem : 1496.00$[\/vc_column_text][\/vc_column_inner][\/vc_row_inner][\/vc_column][vc_column width=\u00a0\u00bb3\/4&Prime;][vc_custom_heading text=\u00a0\u00bbPROGRAMME TEMPS PARTIEL\u00a0\u00bb font_container=\u00a0\u00bbtag:div|text_align:center\u00a0\u00bb use_theme_fonts=\u00a0\u00bbyes\u00a0\u00bb el_class=\u00a0\u00bbheading-bold\u00a0\u00bb][vc_row_inner][vc_column_inner width=\u00a0\u00bb1\/3&Prime;][vc_column_text list-marker-style=\u00a0\u00bb0&Prime;]2 jours\/sem : 6600.00$[\/vc_column_text][\/vc_column_inner][vc_column_inner width=\u00a0\u00bb1\/3&Prime;][vc_column_text list-marker-style=\u00a0\u00bb0&Prime;]3 jours\/sem : 9600.00$[\/vc_column_text][\/vc_column_inner][vc_column_inner width=\u00a0\u00bb1\/3&Prime;][vc_column_text list-marker-style=\u00a0\u00bb0&Prime;]4 jours\/sem : 1280.00$[\/vc_column_text][\/vc_column_inner][\/vc_row_inner][\/vc_column][\/vc_row][vc_row][vc_column][vc_column_text list-marker-style=\u00a0\u00bb0&Prime;]Pour vous faciliter la t\u00e2che, les frais sont divis\u00e9s en 10 paiements tels qu\u2019indiqu\u00e9 ci-dessous.\u00a0\u00a0<strong>TOUS LES CH\u00c8QUES POST-DAT\u00c9S DOIVENT \u00caTRE REMIS LORS DE L\u2019INSCRIPTION.\u00a0<\/strong>\u00a0(Votre enfant n\u2019est pas inscrit tant que nous n\u2019avons pas re\u00e7u tous les ch\u00e8ques post-dat\u00e9s).<\/p>\n<p><strong>VEUILLEZ NOTER :\u00a0<\/strong>Si votre enfant commence\u00a0APR\u00c8S le d\u00e9but de l\u2019ann\u00e9e scolaire, s\u2019il vous pla\u00eet confirmer\u00a0avec nous quels seront\u00a0les paiements requis.[\/vc_column_text][vc_message message_box_color=\u00a0\u00bbdanger\u00a0\u00bb icon_fontawesome=\u00a0\u00bbfas fa-exclamation-triangle\u00a0\u00bb]Il y a un frais de 25$ pour un ch\u00e8que sans provision. Tout ch\u00e8que sans provision doit \u00eatre remplac\u00e9 par un ch\u00e8que certifi\u00e9 ou argent comptant.<\/p>\n<p>L\u2019\u00e9cole se r\u00e9serve le droit d\u2019annuler une inscription si les paiements ne sont pas fait \u00e0 temps, ou s\u2019ils sont incomplets.[\/vc_message][\/vc_column][\/vc_row][vc_row][vc_column][vc_custom_heading text=\u00a0\u00bbCe Qui Est Couvert Par Les Frais De Scolarit\u00e9\u00a0\u00bb use_theme_fonts=\u00a0\u00bbyes\u00a0\u00bb][vc_row_inner][vc_column_inner width=\u00a0\u00bb7\/12&Prime;][vc_column_text list-marker-style=\u00a0\u00bb0&Prime;]<\/p>\n<ol>\n<li>L\u2019enfant b\u00e9n\u00e9ficiera du programme \u00e9ducationnel Montessori complet et BILINGUE, enseign\u00e9 par des professeurs qualifi\u00e9s, de 8h00 \u00e0 17h00. Le service de garde est inclus sans frais suppl\u00e9mentaires de 7h00 \u00e0 8h00 et de 17h00 \u00e0 18h00. Apr\u00e8s 18h00, un frais de retard de 1$ par minute sera payable directement au membre du personnel en charge.<\/li>\n<li>L\u2019enfant profitera d\u2019un programme musical exhaustif donn\u00e9 par un professeur de musique professionnel. Les cours de musique se d\u00e9roulent le mercredi et jeudi (cours de 30 minutes l\u2019apr\u00e8s-midi \u2013 chaque enfant aura un cours par semaine, dans un groupe d\u2019environ 15-20 enfants). Dans les cours l\u2019enfant apprendra des chansons, utilisera\u00a0les instruments \u00e0 percussion, apprendra le rythme de la musique et des routines de danse folklorique, apprendra la musique de partout dans le monde et plus encore. Les cours font partie du programme de base de Montessori.<\/li>\n<li>Un programme d\u2019introduction \u00e0 la science est enseign\u00e9\u00a0par un membre du personnel\u00a0qualifi\u00e9. L\u2019objectif du programme scientifique est de d\u00e9velopper l\u2019int\u00e9r\u00eat inn\u00e9 de l\u2019enfant \u00e0 apprendre comment fonctionnent les choses. Le but est d\u2019\u00e9veiller l\u2019esprit de l\u2019enfant \u00e0 toutes les possibilit\u00e9s et aux joies des d\u00e9couvertes scientifiques, de fa\u00e7on \u00e0 qu\u2019il\/elle conserve cette ouverture tout au long de son cheminement scolaire.<\/li>\n<li>L\u2019espagnol\u00a0de niveau pr\u00e9scolaire est enseign\u00e9 par nos professeurs d\u2019espagnol dans les groupes Pr\u00e9-Maternelle et Pr\u00e9-Maternelle Junior (3 ans). \u00a0L\u2019apprentissage de l\u2019espagnol permet \u00e0 l\u2019enfant de vivre la joie d\u2019apprendre une nouvelle langue et motive l\u2019enfant\u00a0continuer l\u2019apprentissage de langues nouvelles au cours de son \u00e9ducation.<\/li>\n<li>Un merveilleux programme de jardinage et de cuisine est offert par\u00a0la chef de la garderie, Chef Pina. Avec cette chef Italienne, les enfants apprendrons d\u2019o\u00f9 viennent les aliments, comment planter des fines herbes et des l\u00e9gumes en plus d\u2019apprendre sur la nutrition et combien il est plaisant de cr\u00e9er leurs propres pains, biscuits, pizzas et plus encore!<\/li>\n<li>Tout le mat\u00e9riel \u00e9ducatif et les fournitures scolaires (marqueurs, cahier de notes, mat\u00e9riel de bricolage etc.) sont inclus dans les frais de scolarit\u00e9. Il n\u2019y a pas d\u2019uniforme requis, les enfants doivent seulement \u00eatre habill\u00e9s confortablement pour pouvoir jouer.<\/li>\n<li>Un excellent repas chaud et du lait sont servis tous les jours pour le d\u00eener (s\u2019il vous pla\u00eet vous r\u00e9f\u00e9rer au <a href=\"https:\/\/montessoripc.com\/files\/academic_menu\">menu mensuel<\/a> pour une description d\u00e9taill\u00e9e). Le menu peut \u00eatre adapt\u00e9 en fonction des allergies ou tout autre besoin alimentaire.<\/li>\n<li>Le lait est donn\u00e9 aussi \u00e0 l\u2019heure de la collation (environ vers 9h45 et 15h30). Veuillez noter que les collations ne sont pas incluses. Les parents doivent envoyer 2 collations sant\u00e9 chaque jour.<\/li>\n<\/ol>\n<p>[\/vc_column_text][vc_message]Les aliments apport\u00e9s \u00e0 l&rsquo;\u00e9cole pour le go\u00fbter ou les f\u00eates doivent \u00eatre exempts de tout fruit \u00e0 coque ou de traces de fruits \u00e0 coque en raison de graves probl\u00e8mes d&rsquo;allergie. Veuillez lire attentivement les \u00e9tiquettes. Tout ce qui contient des fruits \u00e0 coque (amandes, noix, cacahu\u00e8tes, noisettes, etc.) est interdit. Les produits portant la mention \u00ab\u00a0peut contenir des traces de fruits \u00e0 coque\u00a0\u00bb sont \u00e9galement interdits. Les en-cas pr\u00e9par\u00e9s \u00e0 la maison doivent \u00eatre accompagn\u00e9s d&rsquo;une note indiquant qu&rsquo;ils ne contiennent pas de fruits \u00e0 coque. Nous vous remercions de votre aide.[\/vc_message][vc_btn title=\u00a0\u00bbR\u00e9servez une visite guid\u00e9e\u00a0\u00bb style=\u00a0\u00bbflat\u00a0\u00bb color=\u00a0\u00bbprimary\u00a0\u00bb link=\u00a0\u00bburl:https%3A%2F%2Fmontessoripc.com%2Ffr%2Fnous-joindre%2F|title:Comment%20nous%20rejoindre%3F|\u00a0\u00bb][\/vc_column_inner][vc_column_inner width=\u00a0\u00bb1\/12&Prime;][\/vc_column_inner][vc_column_inner width=\u00a0\u00bb4\/12&Prime;][vc_single_image image=\u00a0\u00bb35108&Prime; img_size=\u00a0\u00bblarge\u00a0\u00bb alignment=\u00a0\u00bbright\u00a0\u00bb][vc_single_image image=\u00a0\u00bb35069&Prime; img_size=\u00a0\u00bblarge\u00a0\u00bb alignment=\u00a0\u00bbright\u00a0\u00bb][\/vc_column_inner][\/vc_row_inner][\/vc_column][\/vc_row][vc_row full_width=\u00a0\u00bbstretch_row\u00a0\u00bb css=\u00a0\u00bb.vc_custom_1664327135412{background-image: url(https:\/\/montessoripc.com\/wp-content\/uploads\/2018\/01\/montessori-purp-light.png?id=2270) !important;}\u00a0\u00bb][vc_column][vc_custom_heading text=\u00a0\u00bbActivit\u00e9s optionnelles\u00a0\u00bb use_theme_fonts=\u00a0\u00bbyes\u00a0\u00bb][vc_row_inner equal_height=\u00a0\u00bbyes\u00a0\u00bb content_placement=\u00a0\u00bbmiddle\u00a0\u00bb][vc_column_inner width=\u00a0\u00bb7\/12&Prime;][vc_column_text list-marker-style=\u00a0\u00bbstar\u00a0\u00bb]L\u2019information \u00e0 propos des \u00e9v\u00e8nements \u00e0 venir sera donn\u00e9e \u00e0 chaque d\u00e9but de mois. C\u2019est \u00e0 ce moment que les parents devront compl\u00e9ter le formulaire de permission et inclure le montant applicable s\u2019ils d\u00e9sirent que leur enfant participe \u00e0 l\u2019activit\u00e9.<\/p>\n<p>Vous pourriez payer entre 10 et 80$ suppl\u00e9mentaires pour les sorties scolaires et les \u00e9v\u00e8nements sp\u00e9ciaux. Veuillez noter : AUCUN REMBOURSEMENT NE SERA\u00a0EFFECTU\u00c9 POUR LES COURS SUPPL\u00c9MENTAIRES\u00a0ET \u00c9V\u00c8NEMENT SP\u00c9CIAUX APR\u00c8S L\u2019\u00c9V\u00c8NEMENT OU APR\u00c8S LE D\u00c9BUT D\u2019UNE SESSION.<\/p>\n<p>Les activit\u00e9s optionnelles peuvent inclure:<\/p>\n<ul>\n<li>Yoga<\/li>\n<li>Ballet<\/li>\n<li>Sportball<\/li>\n<li>Karat\u00e9<\/li>\n<li>Th\u00e9\u00e2tre<\/li>\n<li>Patinage<\/li>\n<li>Gymnastique<\/li>\n<li>Natation<\/li>\n<\/ul>\n<p>[\/vc_column_text][vc_btn title=\u00a0\u00bbEn savoir plus sur nos activit\u00e9s\u00a0\u00bb style=\u00a0\u00bbflat\u00a0\u00bb color=\u00a0\u00bbprimary\u00a0\u00bb link=\u00a0\u00bburl:https%3A%2F%2Fmontessoripc.com%2Ffr%2Flannee-scolaire%2Factivites-optionnelles%2F|\u00a0\u00bb][\/vc_column_inner][vc_column_inner width=\u00a0\u00bb1\/12&Prime;][\/vc_column_inner][vc_column_inner width=\u00a0\u00bb4\/12&Prime;][vc_single_image image=\u00a0\u00bb35049&Prime; img_size=\u00a0\u00bblarge\u00a0\u00bb alignment=\u00a0\u00bbright\u00a0\u00bb][\/vc_column_inner][\/vc_row_inner][\/vc_column][\/vc_row]<\/p>\n<\/div>","protected":false},"excerpt":{"rendered":"<p>[vc_row][vc_column][vc_message]Cette ann\u00e9e scolaire s\u2019\u00e9tend du 5 septembre 2024 au 23 juin 2025.[\/vc_message][vc_message]Frais D\u2019inscription\u00a0$195.00[\/vc_message][\/vc_column][\/vc_row][vc_row][vc_column width=\u00a0\u00bb1\/4&Prime;][vc_custom_heading text=\u00a0\u00bbPROGRAMME TEMPS PLEIN\u00a0\u00bb font_container=\u00a0\u00bbtag:div|text_align:center\u00a0\u00bb use_theme_fonts=\u00a0\u00bbyes\u00a0\u00bb el_class=\u00a0\u00bbheading-bold\u00a0\u00bb][vc_row_inner][vc_column_inner][vc_column_text list-marker-style=\u00a0\u00bb0&Prime;]5 jours\/sem : 1496.00$[\/vc_column_text][\/vc_column_inner][\/vc_row_inner][\/vc_column][vc_column width=\u00a0\u00bb3\/4&Prime;][vc_custom_heading text=\u00a0\u00bbPROGRAMME TEMPS PARTIEL\u00a0\u00bb font_container=\u00a0\u00bbtag:div|text_align:center\u00a0\u00bb use_theme_fonts=\u00a0\u00bbyes\u00a0\u00bb el_class=\u00a0\u00bbheading-bold\u00a0\u00bb][vc_row_inner][vc_column_inner width=\u00a0\u00bb1\/3&Prime;][vc_column_text list-marker-style=\u00a0\u00bb0&Prime;]2 jours\/sem : 6600.00$[\/vc_column_text][\/vc_column_inner][vc_column_inner width=\u00a0\u00bb1\/3&Prime;][vc_column_text list-marker-style=\u00a0\u00bb0&Prime;]3 jours\/sem : 9600.00$[\/vc_column_text][\/vc_column_inner][vc_column_inner width=\u00a0\u00bb1\/3&Prime;][vc_column_text list-marker-style=\u00a0\u00bb0&Prime;]4 jours\/sem : 1280.00$[\/vc_column_text][\/vc_column_inner][\/vc_row_inner][\/vc_column][\/vc_row][vc_row][vc_column][vc_column_text list-marker-style=\u00a0\u00bb0&Prime;]Pour vous faciliter la t\u00e2che, les frais sont divis\u00e9s [&hellip;]<\/p>\n","protected":false},"author":1,"featured_media":0,"parent":784,"menu_order":0,"comment_status":"closed","ping_status":"closed","template":"","meta":{"_acf_changed":false,"footnotes":""},"class_list":["post-42849","page","type-page","status-publish","hentry"],"acf":[],"_links":{"self":[{"href":"https:\/\/montessoripc.com\/fr\/wp-json\/wp\/v2\/pages\/42849","targetHints":{"allow":["GET"]}}],"collection":[{"href":"https:\/\/montessoripc.com\/fr\/wp-json\/wp\/v2\/pages"}],"about":[{"href":"https:\/\/montessoripc.com\/fr\/wp-json\/wp\/v2\/types\/page"}],"author":[{"embeddable":true,"href":"https:\/\/montessoripc.com\/fr\/wp-json\/wp\/v2\/users\/1"}],"replies":[{"embeddable":true,"href":"https:\/\/montessoripc.com\/fr\/wp-json\/wp\/v2\/comments?post=42849"}],"version-history":[{"count":3,"href":"https:\/\/montessoripc.com\/fr\/wp-json\/wp\/v2\/pages\/42849\/revisions"}],"predecessor-version":[{"id":42852,"href":"https:\/\/montessoripc.com\/fr\/wp-json\/wp\/v2\/pages\/42849\/revisions\/42852"}],"up":[{"embeddable":true,"href":"https:\/\/montessoripc.com\/fr\/wp-json\/wp\/v2\/pages\/784"}],"wp:attachment":[{"href":"https:\/\/montessoripc.com\/fr\/wp-json\/wp\/v2\/media?parent=42849"}],"curies":[{"name":"wp","href":"https:\/\/api.w.org\/{rel}","templated":true}]}}