{"id":748,"date":"2014-12-04T16:16:21","date_gmt":"2014-12-04T16:16:21","guid":{"rendered":"https:\/\/montessoripc.com\/?page_id=748"},"modified":"2025-06-06T20:28:50","modified_gmt":"2025-06-06T20:28:50","slug":"nos-installations","status":"publish","type":"page","link":"https:\/\/montessoripc.com\/fr\/nos-installations\/","title":{"rendered":"Installations"},"content":{"rendered":"<div class=\"wpb-content-wrapper\"><p>[vc_row content_placement=\u00a0\u00bbmiddle\u00a0\u00bb][vc_column width=\u00a0\u00bb6\/12&Prime;][vc_icon icon_fontawesome=\u00a0\u00bbfas fa-map-marked\u00a0\u00bb color=\u00a0\u00bbwhite\u00a0\u00bb background_style=\u00a0\u00bbrounded\u00a0\u00bb background_color=\u00a0\u00bbpurple\u00a0\u00bb size=\u00a0\u00bblg\u00a0\u00bb align=\u00a0\u00bbcenter\u00a0\u00bb][vc_custom_heading text=\u00a0\u00bbUn merveilleux quartier, un endroit facile d&apos;acc\u00e8s\u00a0\u00bb use_theme_fonts=\u00a0\u00bbyes\u00a0\u00bb el_class=\u00a0\u00bbno-underline\u00a0\u00bb][vc_column_text]Montessori Pointe-Claire est situ\u00e9e dans l\u2019Ouest-de-l\u2019\u00cele, dans un secteur r\u00e9sidentiel calme et paisible. Nous sommes \u00e0 moins de 5 minutes de deux autoroutes principales, la 20 et la 40 et pr\u00e8s du transport en commun, y compris le bus 201 et la gare de Pointe-Claire.[\/vc_column_text][\/vc_column][vc_column width=\u00a0\u00bb1\/12&Prime;][\/vc_column][vc_column width=\u00a0\u00bb5\/12&Prime;][vc_gmaps link=\u00a0\u00bb#E-8_JTNDaWZyYW1lJTIwc3JjJTNEJTIyaHR0cHMlM0ElMkYlMkZ3d3cuZ29vZ2xlLmNvbSUyRm1hcHMlMkZlbWJlZCUzRnBiJTNEJTIxMW0xOCUyMTFtMTIlMjExbTMlMjExZDI3OTguNDEzMzU0NDIyMzM3JTIxMmQtNzMuODEyMzQyNTgzNDQ4OTElMjEzZDQ1LjQ2MTQ3NjU3OTEwMDk1JTIxMm0zJTIxMWYwJTIxMmYwJTIxM2YwJTIxM20yJTIxMWkxMDI0JTIxMmk3NjglMjE0ZjEzLjElMjEzbTMlMjExbTIlMjExczB4NGNjOTNjNDM3ZGIwMGJmYiUyNTNBMHhkMGFlYmZjNDc2M2ZhNDIyJTIxMnNNb250ZXNzb3JpJTJCUG9pbnRlJTJCQ2xhaXJlJTIxNWUwJTIxM20yJTIxMXNlbiUyMTJzY2ElMjE0djE1NDc3Nzc2MTA4MzYlMjIlMjB3aWR0aCUzRCUyMjYwMCUyMiUyMGhlaWdodCUzRCUyMjYwMCUyMiUyMGZyYW1lYm9yZGVyJTNEJTIyMCUyMiUyMHN0eWxlJTNEJTIyYm9yZGVyJTNBMCUyMiUyMGFsbG93ZnVsbHNjcmVlbiUzRSUzQyUyRmlmcmFtZSUzRQ==\u00a0\u00bb][\/vc_column][\/vc_row][vc_row full_width=\u00a0\u00bbstretch_row\u00a0\u00bb content_placement=\u00a0\u00bbmiddle\u00a0\u00bb css=\u00a0\u00bb.vc_custom_1749241704374{background-image: url(https:\/\/montessoripc.com\/wp-content\/uploads\/2018\/01\/montessori-purp-light.png?id=2270) !important;}\u00a0\u00bb][vc_column width=\u00a0\u00bb6\/12&Prime; el_class=\u00a0\u00bbpush-right\u00a0\u00bb][vc_icon icon_fontawesome=\u00a0\u00bbfas fa-tree\u00a0\u00bb color=\u00a0\u00bbwhite\u00a0\u00bb background_style=\u00a0\u00bbrounded\u00a0\u00bb background_color=\u00a0\u00bbpurple\u00a0\u00bb size=\u00a0\u00bblg\u00a0\u00bb align=\u00a0\u00bbcenter\u00a0\u00bb][vc_custom_heading text=\u00a0\u00bbDe grands espaces de jeux en plein air\u00a0\u00bb font_container=\u00a0\u00bbtag:h2|text_align:center\u00a0\u00bb use_theme_fonts=\u00a0\u00bbyes\u00a0\u00bb el_class=\u00a0\u00bbno-underline\u00a0\u00bb][vc_column_text]Notre \u00e9cole est situ\u00e9e sur un grand terrain rempli d\u2019arbres adultes, de gazon et de jardins o\u00f9 les enfants peuvent courir et jouer avec leurs amis.<\/p>\n<p>Les enfants \u00e2g\u00e9s de 2 ans et plus passent beaucoup de temps \u00e0 jouer \u00e0 l\u2019ext\u00e9rieur dans notre belle et grande aire de jeux en bois, tandis que les enfants plus jeunes jouent dans leur propre espace ext\u00e9rieur qui est adapt\u00e9 pour leur \u00e2ge. Tous les espaces ext\u00e9rieurs sont bien entretenus et sans danger pour les enfants.<\/p>\n<p>Que ce soit se balancer sur les balan\u00e7oires, courir dans l\u2019herbe avec des amis, grimper dans la maison de jeu ou glisser sur le toboggan, les enfants \u00e0 Montessori Pointe-Claire profitent de nombreuses occasions d\u2019apprendre, explorer et jouer \u00e0 l\u2019ext\u00e9rieur.[\/vc_column_text][\/vc_column][vc_column width=\u00a0\u00bb1\/12&Prime;][\/vc_column][vc_column width=\u00a0\u00bb5\/12&Prime; el_class=\u00a0\u00bbpush-left\u00a0\u00bb][vc_single_image image=\u00a0\u00bb33544&Prime; img_size=\u00a0\u00bblarge\u00a0\u00bb onclick=\u00a0\u00bblink_image\u00a0\u00bb][\/vc_column][\/vc_row][vc_row content_placement=\u00a0\u00bbmiddle\u00a0\u00bb][vc_column width=\u00a0\u00bb6\/12&Prime;][vc_icon icon_fontawesome=\u00a0\u00bbfas fa-sun\u00a0\u00bb color=\u00a0\u00bbwhite\u00a0\u00bb background_style=\u00a0\u00bbrounded\u00a0\u00bb background_color=\u00a0\u00bbpurple\u00a0\u00bb size=\u00a0\u00bblg\u00a0\u00bb align=\u00a0\u00bbcenter\u00a0\u00bb][vc_custom_heading text=\u00a0\u00bbDe grandes salles de classes lumineuses\u00a0\u00bb font_container=\u00a0\u00bbtag:h2|text_align:center\u00a0\u00bb use_theme_fonts=\u00a0\u00bbyes\u00a0\u00bb el_class=\u00a0\u00bbno-underline\u00a0\u00bb][vc_column_text]Les classes de Montessori Pointe-Claire sont uniques, car elles offrent de grands espaces a\u00e9r\u00e9s avec de nombreuses fen\u00eatres. Beaucoup de lumi\u00e8re rayonne durant toute la journ\u00e9e, ce qui fournit un environnement stimulant et vivifiant pour l\u2019apprentissage des enfants.<\/p>\n<p>La grande taille des classes permet d\u2019avoir en m\u00eame temps de nombreuses activit\u00e9s se d\u00e9roulant \u00e0 diff\u00e9rentes stations. Cette mise en place donne le choix aux enfants, favorisant l\u2019autonomie et leur permettant de se sentir en contr\u00f4le de leur apprentissage.[\/vc_column_text][\/vc_column][vc_column width=\u00a0\u00bb1\/12&Prime;][\/vc_column][vc_column width=\u00a0\u00bb5\/12&Prime;][vc_single_image image=\u00a0\u00bb35004&Prime; img_size=\u00a0\u00bblarge\u00a0\u00bb onclick=\u00a0\u00bblink_image\u00a0\u00bb][\/vc_column][\/vc_row][vc_row full_width=\u00a0\u00bbstretch_row\u00a0\u00bb content_placement=\u00a0\u00bbmiddle\u00a0\u00bb css=\u00a0\u00bb.vc_custom_1749241715782{background-image: url(https:\/\/montessoripc.com\/wp-content\/uploads\/2022\/11\/footer-background-light-1.png?id=41641) !important;background-position: 0 0 !important;background-repeat: repeat !important;}\u00a0\u00bb][vc_column width=\u00a0\u00bb6\/12&Prime; el_class=\u00a0\u00bbpush-right\u00a0\u00bb][vc_icon icon_fontawesome=\u00a0\u00bbfas fa-guitar\u00a0\u00bb color=\u00a0\u00bbwhite\u00a0\u00bb background_style=\u00a0\u00bbrounded\u00a0\u00bb background_color=\u00a0\u00bbpurple\u00a0\u00bb size=\u00a0\u00bblg\u00a0\u00bb align=\u00a0\u00bbcenter\u00a0\u00bb][vc_custom_heading text=\u00a0\u00bbUn espace commun ouvert et vibrant\u00a0\u00bb font_container=\u00a0\u00bbtag:h2|text_align:center\u00a0\u00bb use_theme_fonts=\u00a0\u00bbyes\u00a0\u00bb el_class=\u00a0\u00bbno-underline\u00a0\u00bb][vc_column_text]De nombreuses activit\u00e9s ont lieu dans notre espace commun, qui, comme le reste de notre \u00e9cole, poss\u00e8de de hauts plafonds et de grandes fen\u00eatres. Les enfants aiment participer \u00e0 de nombreuses activit\u00e9s dans cet espace, telles que les cours de musique, le yoga, l\u2019a\u00e9robie et le karat\u00e9.[\/vc_column_text][\/vc_column][vc_column width=\u00a0\u00bb1\/12&Prime;][\/vc_column][vc_column width=\u00a0\u00bb5\/12&Prime; el_class=\u00a0\u00bbpush-left\u00a0\u00bb][vc_single_image image=\u00a0\u00bb35050&Prime; img_size=\u00a0\u00bblarge\u00a0\u00bb onclick=\u00a0\u00bblink_image\u00a0\u00bb][\/vc_column][\/vc_row][vc_row content_placement=\u00a0\u00bbmiddle\u00a0\u00bb][vc_column width=\u00a0\u00bb6\/12&Prime;][vc_icon icon_fontawesome=\u00a0\u00bbfas fa-palette\u00a0\u00bb color=\u00a0\u00bbwhite\u00a0\u00bb background_style=\u00a0\u00bbrounded\u00a0\u00bb background_color=\u00a0\u00bbpurple\u00a0\u00bb size=\u00a0\u00bblg\u00a0\u00bb align=\u00a0\u00bbcenter\u00a0\u00bb][vc_custom_heading text=\u00a0\u00bbMurales Vibrantes\u00a0\u00bb font_container=\u00a0\u00bbtag:h2|text_align:center\u00a0\u00bb use_theme_fonts=\u00a0\u00bbyes\u00a0\u00bb el_class=\u00a0\u00bbno-underline\u00a0\u00bb][vc_column_text]<a href=\"http:\/\/fauxfinisplus.ca\/index.htm\">Janice Donato<\/a>, une artiste locale de Pointe-Claire, a rempli l\u2019\u00e9cole de vie avec ses belles\u00a0et vastes murales\u00a0dans chaque espace. Son travail stimule l\u2019imagination et offre du\u00a0dynamisme \u00e0 l\u2019environnement d\u2019apprentissage.[\/vc_column_text][\/vc_column][vc_column width=\u00a0\u00bb1\/12&Prime;][\/vc_column][vc_column width=\u00a0\u00bb5\/12&Prime;][vc_single_image image=\u00a0\u00bb33473&Prime; img_size=\u00a0\u00bblarge\u00a0\u00bb onclick=\u00a0\u00bblink_image\u00a0\u00bb][\/vc_column][\/vc_row]<\/p>\n<\/div>","protected":false},"excerpt":{"rendered":"<p>[vc_row content_placement=\u00a0\u00bbmiddle\u00a0\u00bb][vc_column width=\u00a0\u00bb6\/12&Prime;][vc_icon icon_fontawesome=\u00a0\u00bbfas fa-map-marked\u00a0\u00bb color=\u00a0\u00bbwhite\u00a0\u00bb background_style=\u00a0\u00bbrounded\u00a0\u00bb background_color=\u00a0\u00bbpurple\u00a0\u00bb size=\u00a0\u00bblg\u00a0\u00bb align=\u00a0\u00bbcenter\u00a0\u00bb][vc_custom_heading text=\u00a0\u00bbUn merveilleux quartier, un endroit facile d&apos;acc\u00e8s\u00a0\u00bb use_theme_fonts=\u00a0\u00bbyes\u00a0\u00bb el_class=\u00a0\u00bbno-underline\u00a0\u00bb][vc_column_text]Montessori Pointe-Claire est situ\u00e9e dans l\u2019Ouest-de-l\u2019\u00cele, dans un secteur r\u00e9sidentiel calme et paisible. Nous sommes \u00e0 moins de 5 minutes de deux autoroutes principales, la 20 et la 40 et pr\u00e8s du transport en commun, y compris [&hellip;]<\/p>\n","protected":false},"author":1,"featured_media":0,"parent":0,"menu_order":0,"comment_status":"closed","ping_status":"closed","template":"","meta":{"_acf_changed":false,"footnotes":""},"class_list":["post-748","page","type-page","status-publish","hentry"],"acf":[],"_links":{"self":[{"href":"https:\/\/montessoripc.com\/fr\/wp-json\/wp\/v2\/pages\/748","targetHints":{"allow":["GET"]}}],"collection":[{"href":"https:\/\/montessoripc.com\/fr\/wp-json\/wp\/v2\/pages"}],"about":[{"href":"https:\/\/montessoripc.com\/fr\/wp-json\/wp\/v2\/types\/page"}],"author":[{"embeddable":true,"href":"https:\/\/montessoripc.com\/fr\/wp-json\/wp\/v2\/users\/1"}],"replies":[{"embeddable":true,"href":"https:\/\/montessoripc.com\/fr\/wp-json\/wp\/v2\/comments?post=748"}],"version-history":[{"count":16,"href":"https:\/\/montessoripc.com\/fr\/wp-json\/wp\/v2\/pages\/748\/revisions"}],"predecessor-version":[{"id":44928,"href":"https:\/\/montessoripc.com\/fr\/wp-json\/wp\/v2\/pages\/748\/revisions\/44928"}],"wp:attachment":[{"href":"https:\/\/montessoripc.com\/fr\/wp-json\/wp\/v2\/media?parent=748"}],"curies":[{"name":"wp","href":"https:\/\/api.w.org\/{rel}","templated":true}]}}