{"id":762,"date":"2014-12-04T16:32:58","date_gmt":"2014-12-04T16:32:58","guid":{"rendered":"https:\/\/montessoripc.com\/?page_id=762"},"modified":"2025-10-31T14:58:43","modified_gmt":"2025-10-31T14:58:43","slug":"a-propos","status":"publish","type":"page","link":"https:\/\/montessoripc.com\/fr\/a-propos\/","title":{"rendered":"\u00c0 propos"},"content":{"rendered":"<div class=\"wpb-content-wrapper\"><p>[vc_row][vc_column width=\u00a0\u00bb7\/12&Prime;][vc_column_text css=\u00a0\u00bb\u00a0\u00bb list-marker-style=\u00a0\u00bb0&Prime;]L\u2019enfance est une p\u00e9riode sp\u00e9ciale. Les enfants ont besoin de grandir dans un environnement s\u00fbr leur procurant\u00a0amour, opportunit\u00e9\u00a0de croissance et exp\u00e9rience de vie positive \u2026 et bien s\u00fbr, des\u00a0amis et du\u00a0plaisir!<\/p>\n<p>\u00c0 Montessori Pointe-Claire, nous fournissons aux enfants un environnement o\u00f9 ils peuvent se faire des amis, jouer et apprendre ensemble. Notre objectif est d\u2019aider les enfants \u00e0 se d\u00e9velopper acad\u00e9miquement, physiquement et socialement en plus\u00a0de leur faire dire: \u201cJ\u2019aime l\u2019\u00e9cole!\u201d.<\/p>\n<p>Montessori Pointe-Claire est une garderie priv\u00e9e, mais les parents sont admissibles \u00e0 un abattement fiscal ou \u00e0 des cr\u00e9dits f\u00e9d\u00e9raux et provinciaux. De plus amples informations sur ces cr\u00e9dits est\u00a0disponible\u00a0sur le site\u00a0du\u00a0Gouvernement du Qu\u00e9bec \u2013\u00a0<a href=\"http:\/\/www.budget.finances.gouv.qc.ca\/Budget\/outils\/garde_fr.asp\">Co\u00fbt de Garde Quotidien<\/a>. Montessori Pointe-Claire est certifi\u00e9e par le Minist\u00e8re de la Famille et est conforme aux directives et r\u00e8glements sur les centres de la petite enfance (Num\u00e9ro de permis 2858-4241 et 3097-3143). Nous avons 115 places disponibles pour les enfants de 14 mois \u00e0 5 ans.[\/vc_column_text][\/vc_column][vc_column width=\u00a0\u00bb1\/12&Prime;][\/vc_column][vc_column width=\u00a0\u00bb4\/12&Prime;][vc_single_image image=\u00a0\u00bb33447&Prime; img_size=\u00a0\u00bblarge\u00a0\u00bb alignment=\u00a0\u00bbcenter\u00a0\u00bb onclick=\u00a0\u00bblink_image\u00a0\u00bb][\/vc_column][\/vc_row][vc_row][vc_column][vc_row_inner][vc_column_inner width=\u00a0\u00bb7\/12&Prime;][vc_custom_heading text=\u00a0\u00bbNotre Histoire\u00a0\u00bb use_theme_fonts=\u00a0\u00bbyes\u00a0\u00bb][vc_column_text css=\u00a0\u00bb\u00a0\u00bb list-marker-style=\u00a0\u00bb0&Prime;]Montessori Pointe Claire a \u00e9t\u00e9 fond\u00e9e en 1965 par Eva Stratis, une enseignante Montessori originaire d&rsquo;Ath\u00e8nes, en Gr\u00e8ce. \u00c0 l&rsquo;origine, l&rsquo;\u00e9cole \u00e9tait une \u00e9cole maternelle \u00e0 mi-temps, mais avec l&rsquo;\u00e9volution des besoins des familles, elle est devenue une \u00e9cole Montessori \u00e0 temps plein et une garderie. La philosophie progressiste de Mme Stratis a fait de l&rsquo;\u00e9cole l&rsquo;\u00e9tablissement unique qu&rsquo;elle est aujourd&rsquo;hui.<\/p>\n<p>La fille de Mme Stratis, Mme Artemis Erfle, a pris la direction de Montessori Pointe Claire en 1986. Elle est rest\u00e9e directrice jusqu&rsquo;en 2025.<br \/>Notre directrice actuelle est Mme Marina Erfle, fille d&rsquo;Artemis Erfle et petite-fille de Mme Eva Stratis.<\/p>\n<p>Montessori Pointe Claire a toujours \u00e9t\u00e9 et continue d&rsquo;\u00eatre une entreprise familiale. Zoe Stratigakos, la plus jeune fille d&rsquo;Eva Stratis, travaille \u00e9galement \u00e0 la garderie, o\u00f9 elle occupe le poste de superviseure l&rsquo;apr\u00e8s-midi. Depuis sa retraite, Rudy Erfle, le p\u00e8re de Marina, est le concierge.[\/vc_column_text][\/vc_column_inner][vc_column_inner width=\u00a0\u00bb1\/12&Prime;][\/vc_column_inner][vc_column_inner width=\u00a0\u00bb4\/12&Prime;][vc_single_image image=\u00a0\u00bb33446&Prime; img_size=\u00a0\u00bblarge\u00a0\u00bb alignment=\u00a0\u00bbcenter\u00a0\u00bb onclick=\u00a0\u00bblink_image\u00a0\u00bb][\/vc_column_inner][\/vc_row_inner][\/vc_column][\/vc_row][vc_row][vc_column][vc_custom_heading text=\u00a0\u00bbProgramme \u00c9ducationnel et la M\u00e9thode Montessori\u00a0\u00bb use_theme_fonts=\u00a0\u00bbyes\u00a0\u00bb][vc_column_text]\u00c0 Montessori Pointe-Claire, nous utilisons la philosophie et le mat\u00e9riel d\u00e9velopp\u00e9 par Maria Montessori, ainsi qu\u2019une quantit\u00e9 consid\u00e9rable de\u00a0mat\u00e9riel suppl\u00e9mentaire, pour offrir une exp\u00e9rience d\u2019apprentissage positive et enrichissante aux\u00a0jeunes enfants. Notre programme unique permet de r\u00e9pondre aux besoins de d\u00e9veloppement \u00e0 ce moment important dans la vie des enfants, les pr\u00e9pare \u00e0 appr\u00e9cier leur scolarit\u00e9 future\u00a0et les aide \u00e0 r\u00e9ussir \u00e0 l\u2019\u00e9cole une fois leur dipl\u00f4me de notre programme obtenu. Les enfants qui obtiennent un dipl\u00f4me Montessori Pointe-Claire sont garantis d\u2019avoir une transition harmonieuse et joyeuse dans le syst\u00e8me scolaire r\u00e9gulier.<\/p>\n<p>La philosophie Montessori valorise l\u2019unicit\u00e9 et comprend que chaque enfant\u00a0se d\u00e9veloppera \u00e0 son propre rythme, chacun ayant ses propres besoins scolaires, sociaux et \u00e9motionnels. L\u2019accent est mis sur l\u2019exploration\u00a0et l\u2019apprentissage\u00a0\u00e0 partir des int\u00e9r\u00eats propres \u00e0 chacun. Ainsi, les enseignantes de Montessori Pointe-Claire pr\u00e9parent un environnement avec de multiples activit\u00e9s bas\u00e9es sur les besoins des enfants, puis leurs permettent de choisir l\u2019activit\u00e9 de leur choix. En les engageant\u00a0\u00e0 travers leur\u00a0propres int\u00e9r\u00eats, l\u2019apprentissage devient une activit\u00e9 plus agr\u00e9able.[\/vc_column_text][\/vc_column][\/vc_row]<\/p>\n<\/div>","protected":false},"excerpt":{"rendered":"<p>[vc_row][vc_column width=\u00a0\u00bb7\/12&Prime;][vc_column_text css=\u00a0\u00bb\u00a0\u00bb list-marker-style=\u00a0\u00bb0&Prime;]L\u2019enfance est une p\u00e9riode sp\u00e9ciale. Les enfants ont besoin de grandir dans un environnement s\u00fbr leur procurant\u00a0amour, opportunit\u00e9\u00a0de croissance et exp\u00e9rience de vie positive \u2026 et bien s\u00fbr, des\u00a0amis et du\u00a0plaisir! \u00c0 Montessori Pointe-Claire, nous fournissons aux enfants un environnement o\u00f9 ils peuvent se faire des amis, jouer et apprendre ensemble. Notre [&hellip;]<\/p>\n","protected":false},"author":1,"featured_media":0,"parent":0,"menu_order":0,"comment_status":"closed","ping_status":"closed","template":"","meta":{"_acf_changed":false,"footnotes":""},"class_list":["post-762","page","type-page","status-publish","hentry"],"acf":[],"_links":{"self":[{"href":"https:\/\/montessoripc.com\/fr\/wp-json\/wp\/v2\/pages\/762","targetHints":{"allow":["GET"]}}],"collection":[{"href":"https:\/\/montessoripc.com\/fr\/wp-json\/wp\/v2\/pages"}],"about":[{"href":"https:\/\/montessoripc.com\/fr\/wp-json\/wp\/v2\/types\/page"}],"author":[{"embeddable":true,"href":"https:\/\/montessoripc.com\/fr\/wp-json\/wp\/v2\/users\/1"}],"replies":[{"embeddable":true,"href":"https:\/\/montessoripc.com\/fr\/wp-json\/wp\/v2\/comments?post=762"}],"version-history":[{"count":19,"href":"https:\/\/montessoripc.com\/fr\/wp-json\/wp\/v2\/pages\/762\/revisions"}],"predecessor-version":[{"id":45790,"href":"https:\/\/montessoripc.com\/fr\/wp-json\/wp\/v2\/pages\/762\/revisions\/45790"}],"wp:attachment":[{"href":"https:\/\/montessoripc.com\/fr\/wp-json\/wp\/v2\/media?parent=762"}],"curies":[{"name":"wp","href":"https:\/\/api.w.org\/{rel}","templated":true}]}}