{"id":767,"date":"2014-12-04T16:55:22","date_gmt":"2014-12-04T16:55:22","guid":{"rendered":"https:\/\/montessoripc.com\/?page_id=767"},"modified":"2022-09-27T23:31:33","modified_gmt":"2022-09-27T23:31:33","slug":"les-diners","status":"publish","type":"page","link":"https:\/\/montessoripc.com\/fr\/a-propos\/les-diners\/","title":{"rendered":"Les D\u00eeners"},"content":{"rendered":"<div class=\"wpb-content-wrapper\"><p>[vc_row][vc_column width=\u00a0\u00bb7\/12&Prime;][vc_column_text]\u00c0 Montessori Pointe-Claire, nous sommes fiers d\u2019avoir un menu de d\u00eener exceptionnel. Le\u00a0menu sain et vari\u00e9 est cr\u00e9\u00e9 par notre chef et nutritionniste. Tous les plats sont frais, nutritifs et pr\u00e9par\u00e9s sur place par notre chef. Nous maintenons une grande vari\u00e9t\u00e9 dans le menu, y compris des plats v\u00e9g\u00e9tariens. En raison des restrictions ou des allergies alimentaires, nous ne servons pas de porc, d\u2019arachides ou de noix. Si \u00e0 tout moment les parents ont des questions sur le menu, ils sont invit\u00e9s\u00a0\u00e0 parler directement avec notre chef. Les parents sont aussi invit\u00e9s \u00e0 venir essayer un d\u00eener en notre compagnie.<\/p>\n<p>Pour les enfants ayant des probl\u00e8mes alimentaires, des allergies ou autres restrictions alimentaires, ces informations essentielles\u00a0seront obtenues aupr\u00e8s des parents au moment de l\u2019inscription. Les parents se r\u00e9uniront avec le personnel d\u2019enseignement et avec le chef afin que\u00a0les menus soient\u00a0modifi\u00e9s pour r\u00e9pondre aux besoins de l\u2019enfant. Pour ceux souffrant d\u2019allergies, les repas sont pr\u00e9par\u00e9s individuellement.<\/p>\n<p>Notre objectif est que le d\u00eener soit une exp\u00e9rience\u00a0sociale agr\u00e9able pour les enfants, de sorte qu\u2019en plus de manger un repas sain, ils b\u00e9n\u00e9ficient \u00e9galement de la possibilit\u00e9 de discuter et d\u2019interagir avec leurs amis. De notre exp\u00e9rience, lorsque l\u2019heure du repas est agr\u00e9able, tout le monde mange bien.[\/vc_column_text][\/vc_column][vc_column width=\u00a0\u00bb1\/12&Prime;][\/vc_column][vc_column width=\u00a0\u00bb4\/12&Prime;][vc_single_image image=\u00a0\u00bb33452&Prime; img_size=\u00a0\u00bblarge\u00a0\u00bb alignment=\u00a0\u00bbcenter\u00a0\u00bb onclick=\u00a0\u00bblink_image\u00a0\u00bb][\/vc_column][\/vc_row][vc_row][vc_column][vc_custom_heading text=\u00a0\u00bbR\u00e9sum\u00e9 du Menu\u00a0\u00bb use_theme_fonts=\u00a0\u00bbyes\u00a0\u00bb][vc_row_inner][vc_column_inner width=\u00a0\u00bb7\/12&Prime;][vc_column_text]Le menu du d\u00eener est compos\u00e9 de plusieurs services: salade ou soupe, plat principal et dessert sant\u00e9. Une copie de notre menu actuel est \u00e9galement disponible dans la section\u00a0<a title=\"T\u00e9l\u00e9chargement\" href=\"https:\/\/montessoripc.com\/telechargement\/\">T\u00e9l\u00e9chargements<\/a>.<\/p>\n<p><strong>Salade:\u00a0<\/strong>Nous offrons des salades vari\u00e9es: salade C\u00e9sar, salade de tomate et concombre, salade printani\u00e8re, etc. Dans tous les cas, les salades sont constitu\u00e9es d\u2019une vari\u00e9t\u00e9 de laitue, chou, carottes, \u00e9pinards, c\u00e9leri, concombres, brocolis, tomates, chou-fleur, haricots, feta ou de fromage mozzarella. Nous faisons nos propres cro\u00fbtons et les vinaigrettes sont toujours servies s\u00e9par\u00e9ment.<\/p>\n<p><strong>Soupe:\u00a0<\/strong>Notre soupe est un repas en soi. Nos soupes r\u00e9confortantes sont faites maison \u00e0 partir de viande ou de l\u00e9gumes, de pur\u00e9e de l\u00e9gumes, de p\u00e2tes italiennes, de riz, d\u2019orge ou de lentilles. Que ce soit une soupe aux\u00a0carottes, une soupe aux\u00a0poireaux ou l\u2019une des quelques centaines de nos recettes de soupes, la soupe de notre chef est une des parties pr\u00e9f\u00e9r\u00e9es de l\u2019heure du d\u00eener!<\/p>\n<p><strong>Plat principal:\u00a0<\/strong>\u00c0 Montessori, les enfants prennent rapidement l\u2019habitude de\u00a0manger des plats vari\u00e9s. M\u00eame les mangeurs capricieux\u00a0ne peuvent r\u00e9sister la cuisine de notre chef. Le plat principal pour le d\u00eener\u00a0est soit une viande de qualit\u00e9 sup\u00e9rieure ou un\u00a0poisson avec des l\u00e9gumes, des sandwiches sains, des p\u00e2tes italiennes dont la c\u00e9l\u00e8bre lasagne de notre chef ou l\u2019un des nombreux repas v\u00e9g\u00e9tariens tels que des galettes de saumon ou les\u00a0hamburgers de courgettes. Dans tous les cas, les ingr\u00e9dients sont frais et sains et les repas sont \u00e9labor\u00e9s et pr\u00e9par\u00e9s\u00a0de A \u00e0 Z.<\/p>\n<p><strong>Dessert:\u00a0<\/strong>Pour finir un bon repas, rien de mieux que\u00a0des fruits frais. Nous aimons les\u00a0pommes, bananes, poires, raisins, p\u00eaches, nectarines, oranges et melons![\/vc_column_text][\/vc_column_inner][vc_column_inner width=\u00a0\u00bb1\/12&Prime;][\/vc_column_inner][vc_column_inner width=\u00a0\u00bb4\/12&Prime;][vc_single_image image=\u00a0\u00bb33451&Prime; img_size=\u00a0\u00bblarge\u00a0\u00bb alignment=\u00a0\u00bbcenter\u00a0\u00bb onclick=\u00a0\u00bblink_image\u00a0\u00bb][\/vc_column_inner][\/vc_row_inner][\/vc_column][\/vc_row][vc_row full_width=\u00a0\u00bbstretch_row\u00a0\u00bb css=\u00a0\u00bb.vc_custom_1664319253745{background-image: url(https:\/\/montessoripc.com\/wp-content\/uploads\/2018\/01\/montessori-purp-light.png?id=2270) !important;}\u00a0\u00bb][vc_column][vc_custom_heading text=\u00a0\u00bbExemple de Menu\u00a0\u00bb use_theme_fonts=\u00a0\u00bbyes\u00a0\u00bb][vc_row_inner][vc_column_inner width=\u00a0\u00bb1\/3&Prime;][vc_custom_heading text=\u00a0\u00bbLundi\u00a0\u00bb font_container=\u00a0\u00bbtag:h4|text_align:left\u00a0\u00bb use_theme_fonts=\u00a0\u00bbyes\u00a0\u00bb][vc_column_text]Soupe au Pois Costaude<br \/>\nPoisson Croustillant<br \/>\nMa\u00efs<br \/>\nTranches de Pomme[\/vc_column_text][\/vc_column_inner][vc_column_inner width=\u00a0\u00bb1\/3&Prime;][vc_custom_heading text=\u00a0\u00bbMardi\u00a0\u00bb font_container=\u00a0\u00bbtag:h4|text_align:left\u00a0\u00bb use_theme_fonts=\u00a0\u00bbyes\u00a0\u00bb][vc_column_text]Salade Grecque<br \/>\nDivan de poulet<br \/>\nCouscous<br \/>\nPois Sucr\u00e9s<br \/>\nRaisins[\/vc_column_text][\/vc_column_inner][vc_column_inner width=\u00a0\u00bb1\/3&Prime;][vc_custom_heading text=\u00a0\u00bbMercredi\u00a0\u00bb font_container=\u00a0\u00bbtag:h4|text_align:left\u00a0\u00bb use_theme_fonts=\u00a0\u00bbyes\u00a0\u00bb][vc_column_text]Salade C\u00e9sar<br \/>\nTortellinis au fromage avec sauce ros\u00e9e<br \/>\nM\u00e9lange de l\u00e9gumes cuits \u00e0 la vapeur<br \/>\nMelon miel[\/vc_column_text][\/vc_column_inner][\/vc_row_inner][vc_row_inner][vc_column_inner width=\u00a0\u00bb1\/3&Prime;][vc_custom_heading text=\u00a0\u00bbJeudi\u00a0\u00bb font_container=\u00a0\u00bbtag:h4|text_align:left\u00a0\u00bb use_theme_fonts=\u00a0\u00bbyes\u00a0\u00bb][vc_column_text]Soupe poulet et\u00a0riz<br \/>\nQuiche au brocoli et fromage<br \/>\nHaricots jaunes et verts<br \/>\nMelon d\u2019eau[\/vc_column_text][\/vc_column_inner][vc_column_inner width=\u00a0\u00bb1\/3&Prime;][vc_custom_heading text=\u00a0\u00bbVendredi\u00a0\u00bb font_container=\u00a0\u00bbtag:h4|text_align:left\u00a0\u00bb use_theme_fonts=\u00a0\u00bbyes\u00a0\u00bb][vc_column_text]Cr\u00e8me de poireau<br \/>\nSalade d\u2019\u00e9pinards<br \/>\nRouleau de thon et fromage<br \/>\nFleurets de brocoli et chou-fleur<br \/>\nTranches de p\u00eaches fra\u00eeches[\/vc_column_text][\/vc_column_inner][vc_column_inner width=\u00a0\u00bb1\/3&Prime;][vc_single_image image=\u00a0\u00bb33622&Prime; img_size=\u00a0\u00bbmedium\u00a0\u00bb onclick=\u00a0\u00bblink_image\u00a0\u00bb][\/vc_column_inner][\/vc_row_inner][\/vc_column][\/vc_row]<\/p>\n<\/div>","protected":false},"excerpt":{"rendered":"<p>[vc_row][vc_column width=\u00a0\u00bb7\/12&Prime;][vc_column_text]\u00c0 Montessori Pointe-Claire, nous sommes fiers d\u2019avoir un menu de d\u00eener exceptionnel. Le\u00a0menu sain et vari\u00e9 est cr\u00e9\u00e9 par notre chef et nutritionniste. Tous les plats sont frais, nutritifs et pr\u00e9par\u00e9s sur place par notre chef. Nous maintenons une grande vari\u00e9t\u00e9 dans le menu, y compris des plats v\u00e9g\u00e9tariens. En raison des restrictions ou [&hellip;]<\/p>\n","protected":false},"author":1,"featured_media":0,"parent":762,"menu_order":0,"comment_status":"closed","ping_status":"closed","template":"","meta":{"_acf_changed":false,"footnotes":""},"class_list":["post-767","page","type-page","status-publish","hentry"],"acf":[],"_links":{"self":[{"href":"https:\/\/montessoripc.com\/fr\/wp-json\/wp\/v2\/pages\/767","targetHints":{"allow":["GET"]}}],"collection":[{"href":"https:\/\/montessoripc.com\/fr\/wp-json\/wp\/v2\/pages"}],"about":[{"href":"https:\/\/montessoripc.com\/fr\/wp-json\/wp\/v2\/types\/page"}],"author":[{"embeddable":true,"href":"https:\/\/montessoripc.com\/fr\/wp-json\/wp\/v2\/users\/1"}],"replies":[{"embeddable":true,"href":"https:\/\/montessoripc.com\/fr\/wp-json\/wp\/v2\/comments?post=767"}],"version-history":[{"count":21,"href":"https:\/\/montessoripc.com\/fr\/wp-json\/wp\/v2\/pages\/767\/revisions"}],"predecessor-version":[{"id":41231,"href":"https:\/\/montessoripc.com\/fr\/wp-json\/wp\/v2\/pages\/767\/revisions\/41231"}],"up":[{"embeddable":true,"href":"https:\/\/montessoripc.com\/fr\/wp-json\/wp\/v2\/pages\/762"}],"wp:attachment":[{"href":"https:\/\/montessoripc.com\/fr\/wp-json\/wp\/v2\/media?parent=767"}],"curies":[{"name":"wp","href":"https:\/\/api.w.org\/{rel}","templated":true}]}}