{"id":771,"date":"2014-12-04T17:02:18","date_gmt":"2014-12-04T17:02:18","guid":{"rendered":"https:\/\/montessoripc.com\/?page_id=771"},"modified":"2021-04-12T20:03:38","modified_gmt":"2021-04-12T20:03:38","slug":"notre-methode-montessori","status":"publish","type":"page","link":"https:\/\/montessoripc.com\/fr\/a-propos\/notre-methode-montessori\/","title":{"rendered":"Notre M\u00e9thode Montessori"},"content":{"rendered":"<div class=\"wpb-content-wrapper\"><p>[vc_row][vc_column width=\u00a0\u00bb2\/3&Prime;][vc_column_text]La m\u00e9thode Montessori est une philosophie d\u2019enseignement aux enfants qui a \u00e9t\u00e9 d\u00e9velopp\u00e9e en Italie au d\u00e9but des ann\u00e9es 1900 par Dre Maria Montessori, une femme m\u00e9decin remarquablement intelligente et perspicace. Dre Montessori d\u00e9veloppe des jouets sp\u00e9ciaux appel\u00e9s \u201cle mat\u00e9riel Montessori\u201d, qui permet \u00e0 l\u2019enfant de s\u2019enseigner ce qu\u2019il est pr\u00eat et d\u00e9sireux d\u2019apprendre, guid\u00e9 par sa propre curiosit\u00e9.<\/p>\n<p>La philosophie Montessori est bas\u00e9e sur la pr\u00e9misse que les enfants sont naturellement curieux et que s\u2019ils ont la possibilit\u00e9 de \u201ccomprendre les choses par eux-m\u00eames\u201d, ils apprendront. La philosophie reconna\u00eet aussi que chaque enfant est unique et apprendra \u00e0\u00a0son propre rythme de d\u00e9veloppement. Le mat\u00e9riel lui fournit des moyens pour se d\u00e9velopper et apprendre \u00e0 son propre rythme.<\/p>\n<p>Ce qui est remarquable de la m\u00e9thode Montessori est non seulement la fa\u00e7on dont les enfants se d\u00e9veloppent de fa\u00e7on scolaire et sociale, mais aussi le plaisir qu\u2019ils\u00a0tirent de leur exp\u00e9rience au sein d\u2019un environnement Montessori.<\/p>\n<p>La m\u00e9thode Montessori est utilis\u00e9e avec succ\u00e8s dans des milliers d\u2019\u00e9coles \u00e0 travers le monde.[\/vc_column_text][\/vc_column][vc_column width=\u00a0\u00bb1\/3&Prime;][vc_single_image image=\u00a0\u00bb33434&Prime; img_size=\u00a0\u00bblarge\u00a0\u00bb alignment=\u00a0\u00bbcenter\u00a0\u00bb onclick=\u00a0\u00bblink_image\u00a0\u00bb][\/vc_column][\/vc_row][vc_row][vc_column][vc_custom_heading text=\u00a0\u00bbNotre fa\u00e7on de proc\u00e9der\u00a0\u00bb use_theme_fonts=\u00a0\u00bbyes\u00a0\u00bb][vc_row_inner][vc_column_inner width=\u00a0\u00bb2\/3&Prime;][vc_column_text]\u00c0 l\u2019\u00e9cole Montessori Pointe-Claire, nous utilisons la philosophie et le mat\u00e9riel d\u00e9velopp\u00e9 par Maria Montessori pour offrir une exp\u00e9rience d\u2019apprentissage positive et enrichissante. Cette philosophie et le mat\u00e9riel qui l\u2019accompagne r\u00e9pondent aux besoins de d\u00e9veloppement sp\u00e9cifique aux\u00a0enfants. Elle les pr\u00e9pare \u00e0\u00a0tirer le meilleur de\u00a0leur scolarit\u00e9 future et \u00e0\u00a0r\u00e9ussir \u00e0 l\u2019\u00e9cole apr\u00e8s avoir obtenu leur dipl\u00f4me de notre programme. Notre programme est con\u00e7u pour assurer\u00a0une transition en douceur de Montessori vers le syst\u00e8me scolaire r\u00e9gulier.<\/p>\n<p>Ce que l\u2019enfant ressent, c\u2019est qu\u2019il vient pour jouer avec ses amis \u00e0 Montessori. Il est \u00e0 l\u2019aise dans l\u2019environnement sachant qu\u2019il est pris en charge par l\u2019amour des adultes. Il\u00a0ne sent pas que son apprentissage est un travail forc\u00e9, mais comprend plut\u00f4t qu\u2019il se fait \u00e0 partir d\u2019activit\u00e9s int\u00e9ressantes et amusantes \u00e0 faire avec ses amis.[\/vc_column_text][\/vc_column_inner][vc_column_inner width=\u00a0\u00bb1\/3&Prime;][vc_single_image image=\u00a0\u00bb33444&Prime; img_size=\u00a0\u00bblarge\u00a0\u00bb alignment=\u00a0\u00bbcenter\u00a0\u00bb onclick=\u00a0\u00bblink_image\u00a0\u00bb][\/vc_column_inner][\/vc_row_inner][vc_column_text]\u00c0 la garderie, nous poss\u00e9dons la gamme compl\u00e8te de mat\u00e9riel Montessori con\u00e7u pour les jeunes enfants. Nous avons \u00e9galement une grande gamme de jouets compl\u00e9mentaires au mat\u00e9riel Montessori qui ajoute au plaisir de l\u2019enfant. Nous croyons que l&rsquo;apprentissage est avant tout un jeu et vice versa. Cliquez pour en savoir plus sur le programme d\u2019\u00e9tude de <a href=\"https:\/\/montessoripc.com\/lannee-scolaire\/curriculum-prematernelle\/\">pr\u00e9-maternelle<\/a>,\u00a0<a href=\"https:\/\/montessoripc.com\/fr\/lannee-scolaire\/curriculum-prescolaire\/\">pr\u00e9scolaire<\/a>\u00a0et\u00a0<a href=\"https:\/\/montessoripc.com\/fr\/lannee-scolaire\/curriculum-de-socialisation-anticipee\/\">socialisation anticip\u00e9e<\/a>.<\/p>\n<p>Pendant son temps \u00e0 Montessori, l\u2019enfant apprendra des comp\u00e9tences sociales, les valeurs morales, d\u00e9veloppera ses comp\u00e9tences linguistiques en fran\u00e7ais et en anglais, sera stimul\u00e9 intellectuellement et commencera \u00e0 apprendre les rudiments de l\u2019arithm\u00e9tique (concepts math\u00e9matiques) et de la lecture (phon\u00e9tique). Il d\u00e9veloppera \u00e9galement sa motricit\u00e9 gr\u00e2ce \u00e0 l\u2019utilisation du mat\u00e9riel Montessori pour le d\u00e9veloppement de la motricit\u00e9 fine et gr\u00e2ce au\u00a0programme d\u2019\u00e9ducation physique pour le d\u00e9veloppement de la motricit\u00e9 globale.<\/p>\n<p>Les parents sont encourag\u00e9s \u00e0 en apprendre davantage sur la philosophie Montessori. Les enseignantes organiseront une soir\u00e9e au d\u00e9but de notre ann\u00e9e scolaire pour expliquer la mati\u00e8re et la\u00a0routine de classe. La continuit\u00e9 des activit\u00e9s de l\u2019\u00e9cole \u00e0 la maison est encourag\u00e9e.[\/vc_column_text][\/vc_column][\/vc_row][vc_row][vc_column][vc_custom_heading text=\u00a0\u00bbActivit\u00e9s Montessori\u00a0\u00bb use_theme_fonts=\u00a0\u00bbyes\u00a0\u00bb][vc_column_text]Au cours de l\u2019ann\u00e9e, les enfants utiliseront le mat\u00e9riel suivant (selon l\u2019\u00e2ge de l\u2019enfant). L\u2019enseignante explique\u00a0la mati\u00e8re \u00e0 l\u2019enfant, l\u2019invite \u00e0 l\u2019essayer et est disponible pour l\u2019enseignement et les conseils en cas de besoin. L\u2019enfant apprend \u00e0 son propre rythme et est encourag\u00e9 \u00e0 utiliser tous les diff\u00e9rents mat\u00e9riaux dans la salle de classe. L\u2019enfant doit ultimement choisir ce qu\u2019il\/elle fera selon son int\u00e9r\u00eat \u00e0 ce moment-l\u00e0. C\u2019est la meilleure et la plus agr\u00e9able fa\u00e7on d\u2019apprendre.[\/vc_column_text][vc_row_inner][vc_column_inner width=\u00a0\u00bb1\/4&Prime;][vc_column_text]<strong>Activit\u00e9s Math\u00e9matiques<\/strong><\/p>\n<ul>\n<li>Num\u00e9ros en papier sabl\u00e9<\/li>\n<li>Tiges rouges et bleues<\/li>\n<li>Perles color\u00e9es<\/li>\n<li>Boite de fuseaux (pour compter)<\/li>\n<li>Valeur de position<\/li>\n<li>Syst\u00e8me d\u00e9cimal (mat\u00e9riaux en perle d\u2019or)<\/li>\n<li>Table S\u00e9guin (11 \u00e0 100)<\/li>\n<\/ul>\n<p>[\/vc_column_text][\/vc_column_inner][vc_column_inner width=\u00a0\u00bb1\/4&Prime;][vc_column_text]<strong>Activit\u00e9s Linguistiques<\/strong><\/p>\n<ul>\n<li>Lettres en papier sabl\u00e9 (tra\u00e7age, sons, association d\u2019image)<\/li>\n<li>Cadres m\u00e9talliques<\/li>\n<li>Ardoises\/Tableaux<\/li>\n<li>Alphabet mobile (orthographe)<\/li>\n<li>Jeux de vocabulaires (objet concrets)<\/li>\n<li>Exercice d\u2019association d\u2019images<\/li>\n<li>Lecture et histoires<\/li>\n<li>Livres<\/li>\n<li>Rimes<\/li>\n<li>Discussions<\/li>\n<li>Copie<\/li>\n<\/ul>\n<p>[\/vc_column_text][\/vc_column_inner][vc_column_inner width=\u00a0\u00bb1\/4&Prime;][vc_column_text]<strong>Activit\u00e9s Sensorielles<\/strong><\/p>\n<ul>\n<li>Cylindres<\/li>\n<li>Tablettes rugueuses et lisses<\/li>\n<li>Tablettes de couleur<\/li>\n<li>Prisme brun (l\u00e9ger\/lourd)<\/li>\n<li>Routes rouges (long\/court)<\/li>\n<li>Tour rose (grand\/petit)<\/li>\n<li>Boites \u00e0 son (fort\/faible)<\/li>\n<li>Tablette Thermiques (chaud\/froid)<\/li>\n<li>Tablette Barriques (l\u00e9ger\/lourd)<\/li>\n<\/ul>\n<p>[\/vc_column_text][\/vc_column_inner][vc_column_inner width=\u00a0\u00bb1\/4&Prime;][vc_column_text]<strong>Activit\u00e9s de Vie\u00a0Quotidienne<\/strong><\/p>\n<ul>\n<li>Cadres d\u2019habillement<\/li>\n<li>Exercices de\u00a0versage<\/li>\n<li>Activit\u00e9s de cuisine<\/li>\n<li>Pliages<\/li>\n<li>Lavage\u00a0des mains<\/li>\n<li>Activit\u00e9s de nettoyage<\/li>\n<li>Mettre\u00a0la table<\/li>\n<li>Habillement<\/li>\n<\/ul>\n<p>[\/vc_column_text][\/vc_column_inner][\/vc_row_inner][\/vc_column][\/vc_row]<\/p>\n<\/div>","protected":false},"excerpt":{"rendered":"<p>[vc_row][vc_column width=\u00a0\u00bb2\/3&Prime;][vc_column_text]La m\u00e9thode Montessori est une philosophie d\u2019enseignement aux enfants qui a \u00e9t\u00e9 d\u00e9velopp\u00e9e en Italie au d\u00e9but des ann\u00e9es 1900 par Dre Maria Montessori, une femme m\u00e9decin remarquablement intelligente et perspicace. Dre Montessori d\u00e9veloppe des jouets sp\u00e9ciaux appel\u00e9s \u201cle mat\u00e9riel Montessori\u201d, qui permet \u00e0 l\u2019enfant de s\u2019enseigner ce qu\u2019il est pr\u00eat et d\u00e9sireux d\u2019apprendre, [&hellip;]<\/p>\n","protected":false},"author":1,"featured_media":0,"parent":762,"menu_order":0,"comment_status":"closed","ping_status":"closed","template":"","meta":{"_acf_changed":false,"footnotes":""},"class_list":["post-771","page","type-page","status-publish","hentry"],"acf":[],"_links":{"self":[{"href":"https:\/\/montessoripc.com\/fr\/wp-json\/wp\/v2\/pages\/771","targetHints":{"allow":["GET"]}}],"collection":[{"href":"https:\/\/montessoripc.com\/fr\/wp-json\/wp\/v2\/pages"}],"about":[{"href":"https:\/\/montessoripc.com\/fr\/wp-json\/wp\/v2\/types\/page"}],"author":[{"embeddable":true,"href":"https:\/\/montessoripc.com\/fr\/wp-json\/wp\/v2\/users\/1"}],"replies":[{"embeddable":true,"href":"https:\/\/montessoripc.com\/fr\/wp-json\/wp\/v2\/comments?post=771"}],"version-history":[{"count":9,"href":"https:\/\/montessoripc.com\/fr\/wp-json\/wp\/v2\/pages\/771\/revisions"}],"predecessor-version":[{"id":35918,"href":"https:\/\/montessoripc.com\/fr\/wp-json\/wp\/v2\/pages\/771\/revisions\/35918"}],"up":[{"embeddable":true,"href":"https:\/\/montessoripc.com\/fr\/wp-json\/wp\/v2\/pages\/762"}],"wp:attachment":[{"href":"https:\/\/montessoripc.com\/fr\/wp-json\/wp\/v2\/media?parent=771"}],"curies":[{"name":"wp","href":"https:\/\/api.w.org\/{rel}","templated":true}]}}