{"id":777,"date":"2014-12-04T17:14:30","date_gmt":"2014-12-04T17:14:30","guid":{"rendered":"https:\/\/montessoripc.com\/?page_id=777"},"modified":"2022-11-30T19:53:49","modified_gmt":"2022-11-30T19:53:49","slug":"temoignages","status":"publish","type":"page","link":"https:\/\/montessoripc.com\/fr\/a-propos\/temoignages\/","title":{"rendered":"T\u00e9moignages"},"content":{"rendered":"<div class=\"wpb-content-wrapper\"><p>[vc_row content_placement=\u00a0\u00bbmiddle\u00a0\u00bb][vc_column width=\u00a0\u00bb6\/12&Prime;][vc_column_text]Au fil des ann\u00e9es, de nombreux enfants et leurs familles sont pass\u00e9s par\u00a0notre \u00e9cole. Parce que nous avons la chance d\u2019avoir re\u00e7u autant de fr\u00e8res et s\u0153urs, nous sommes\u00a0au courant de l\u2019\u00e9volution de nos anciens \u00e9tudiants. Un refrain souvent entendu\u00a0est \u201cnotre enfant se porte si bien \u00e0 l\u2019\u00e9cole et nous sommes convaincus que c\u2019est en raison de son excellent d\u00e9but \u00e0 Montessori\u201d.<\/p>\n<p>De nombreux parents nous ont envoy\u00e9 leurs remerciements au fil des ann\u00e9es et nous aimerions partager quelques-uns de leurs commentaires avec vous.[\/vc_column_text][\/vc_column][vc_column width=\u00a0\u00bb1\/12&Prime;][\/vc_column][vc_column width=\u00a0\u00bb5\/12&Prime;][vc_single_image image=\u00a0\u00bb33413&Prime; img_size=\u00a0\u00bblarge\u00a0\u00bb alignment=\u00a0\u00bbcenter\u00a0\u00bb onclick=\u00a0\u00bblink_image\u00a0\u00bb][\/vc_column][\/vc_row][vc_row full_width=\u00a0\u00bbstretch_row\u00a0\u00bb content_placement=\u00a0\u00bbmiddle\u00a0\u00bb css=\u00a0\u00bb.vc_custom_1662001731360{padding-top: 1.5rem !important;padding-bottom: 1.5rem !important;background-image: url(https:\/\/montessoripc.com\/wp-content\/uploads\/2018\/01\/montessori-purp-light.png?id=2270) !important;}\u00a0\u00bb][vc_column width=\u00a0\u00bb6\/12&Prime; el_class=\u00a0\u00bbpush-right\u00a0\u00bb][vc_tta_pageable no_fill_content_area=\u00a0\u00bbtrue\u00a0\u00bb active_section=\u00a0\u00bb1&Prime; pagination_style=\u00a0\u00bbmpc\u00a0\u00bb pagination_color=\u00a0\u00bbblack\u00a0\u00bb][vc_tta_section title=\u00a0\u00bbSection 1&Prime; tab_id=\u00a0\u00bb1662000658640-235972ab-b563&Prime;][vc_column_text]<i>\u00ab Nous avons trouv\u00e9 l\u2019exp\u00e9rience d\u2019Andrew \u00e0 Montessori inestimable pour sa croissance et son d\u00e9veloppement. Nadine et Lorraine ont \u00e9t\u00e9 d\u2019excellentes enseignantes et de grandes amies pour Andrew et elles nous manqueront beaucoup. \u00bb<\/i><br \/>\n\u2013\u00a0<b>Mimi H<\/b>[\/vc_column_text][\/vc_tta_section][vc_tta_section title=\u00a0\u00bbSection 2&Prime; tab_id=\u00a0\u00bb1662000658645-01a8b327-76d0&Prime;][vc_column_text]<i>\u00ab Les enseignantes sont tr\u00e8s bonnes pour me dire\u00a0comment la journ\u00e9e de mon fils s\u2019est d\u00e9roul\u00e9e\u00a0et se sentent sinc\u00e8rement pr\u00e9occup\u00e9es\u00a0par son bien-\u00eatre. J\u2019appr\u00e9cie leurs conseils sur la fa\u00e7on de l\u2019aider et comment je peux, \u00e0 mon tour les aider. Vous avez une \u00e9quipe formidable et elle fait honneur \u00e0 vous et votre \u00e9cole. \u00bb<\/i><br \/>\n\u2013\u00a0<b>Margaret C<\/b>[\/vc_column_text][\/vc_tta_section][vc_tta_section title=\u00a0\u00bbSection\u00a0\u00bb tab_id=\u00a0\u00bb1662000840377-194065f6-9628&Prime;][vc_column_text]<i>\u00ab Je dois dire que j\u2019estime \u00e9norm\u00e9ment cette \u00e9cole. Je veux sinc\u00e8rement\u00a0vous remercier et votre personnel pour tout ce que vous avez fait pour mon enfant. Comme la plupart des m\u00e8res, je ne croyais pas que personne ne puisse\u00a0s\u2019occuper de mon enfant aussi bien que moi jusqu\u2019\u00e0 ce que j\u2019aie rencontr\u00e9 votre \u00e9cole et toutes vos enseignantes. Pour toujours, Bonnie et Diane seront\u00a0pour ma Juliana : \u00ab ses\u00a0autres mamans \u00bb. \u00bb<\/i><br \/>\n\u2013<b>Marie D<\/b>[\/vc_column_text][\/vc_tta_section][vc_tta_section title=\u00a0\u00bbSection\u00a0\u00bb tab_id=\u00a0\u00bb1662000850099-e31840c1-61ef\u00a0\u00bb][vc_column_text]<i>\u00ab Juste un mot pour vous dire merci pour vos merveilleux conseils, amour et soins pour Lauren. Les exp\u00e9riences, \u00a0le plaisir et les amiti\u00e9s de Lauren dureront toute une vie. \u00bb<\/i><br \/>\n\u2013<b>Lauren M<\/b>[\/vc_column_text][\/vc_tta_section][vc_tta_section title=\u00a0\u00bbSection\u00a0\u00bb tab_id=\u00a0\u00bb1662000856381-4e725501-ece1&Prime;][vc_column_text]<i>\u00ab Il est difficile de mettre en mots combien votre \u00e9cole nous manque et\u00a0l\u2019ampleur de l\u2019effet positif qu\u2019elle a eu. Nous recommandons votre \u00e9cole avec enthousiasme \u00e0 tout le monde. \u00bb<\/i><br \/>\n\u2013<b>Nora, Richard and Adam G<\/b>[\/vc_column_text][\/vc_tta_section][vc_tta_section title=\u00a0\u00bbSection\u00a0\u00bb tab_id=\u00a0\u00bb1662000868086-8b10f6cd-9b66&Prime;][vc_column_text]<i>\u00ab Il n\u2019y a pas de meilleur sentiment que lorsque nous envoyons notre enfant \u00e0 une \u00e9cole qui r\u00e9pond \u00e0 nos besoins dans tous les aspects. Votre \u00e9cole poss\u00e8de un environnement chaleureux, tr\u00e8s uni qui valorise\u00a0l\u2019ind\u00e9pendance, le respect, l\u2019intellect ainsi que l\u2019apprentissage physique. \u00bb<\/i><br \/>\n\u2013<b>Lorime, Maga and Daniel S<\/b>[\/vc_column_text][\/vc_tta_section][vc_tta_section title=\u00a0\u00bbSection\u00a0\u00bb tab_id=\u00a0\u00bb1662000874446-1464b073-d4ab\u00a0\u00bb][vc_column_text]<i>\u00ab Nous recommandons fortement l\u2019\u00e9cole Montessori Pointe-Claire. Merci encore \u00e0 un grand groupe de merveilleuses personnes. \u00bb<\/i><br \/>\n\u2013<b>Brenda and Bill H<\/b>[\/vc_column_text][\/vc_tta_section][vc_tta_section title=\u00a0\u00bbSection\u00a0\u00bb tab_id=\u00a0\u00bb1662000880539-6b9eed51-2cfc\u00a0\u00bb][vc_column_text]<i>\u00ab Votre \u00e9cole est un lieu remarquable non seulement pour les enfants \u2026 pour les parents aussi. Elle\u00a0est tellement inspirante et pleine de sagesse. \u00bb<\/i><br \/>\n\u2013<b>Andree S<\/b>[\/vc_column_text][\/vc_tta_section][\/vc_tta_pageable][\/vc_column][vc_column width=\u00a0\u00bb1\/12&Prime;][\/vc_column][vc_column width=\u00a0\u00bb5\/12&Prime; el_class=\u00a0\u00bbpush-left\u00a0\u00bb][vc_single_image image=\u00a0\u00bb33500&Prime; img_size=\u00a0\u00bblarge\u00a0\u00bb alignment=\u00a0\u00bbcenter\u00a0\u00bb][\/vc_column][\/vc_row][vc_row content_placement=\u00a0\u00bbmiddle\u00a0\u00bb][vc_column][vc_column_text]Voici quelques aspects que les parents appr\u00e9cient le plus de l\u2019\u00e9cole Montessori:[\/vc_column_text][vc_row_inner][vc_column_inner width=\u00a0\u00bb1\/3&Prime;][vc_column_text]<\/p>\n<ul class=\"check\">\n<li>Les \u00e9v\u00e9nements sp\u00e9ciaux sont bien choisis<\/li>\n<li>Les activit\u00e9s culturelles et les projets scientifiques diversifi\u00e9s<\/li>\n<li>L\u2019enthousiasme et le d\u00e9vouement dans la salle de classe<\/li>\n<li>Les programmes int\u00e9ressants pour les enfants<\/li>\n<li>Les \u00e9v\u00e8nements sp\u00e9ciaux et les excursions enrichissantes<\/li>\n<li>Le forum ouvert aux r\u00e9unions du comit\u00e9 de parents<\/li>\n<li>Les le\u00e7ons de musique et l\u2019a\u00e9robie durant les heures de classes<\/li>\n<li>Les cours de fran\u00e7ais<\/li>\n<\/ul>\n<p>[\/vc_column_text][\/vc_column_inner][vc_column_inner width=\u00a0\u00bb1\/3&Prime;][vc_column_text]<\/p>\n<ul class=\"check\">\n<li>Le merveilleux terrain et l\u2019aire de jeux ext\u00e9rieure<\/li>\n<li>Les repas sains et vari\u00e9s<\/li>\n<li>Les enseignantes chaleureuses et compr\u00e9hensives qui sont en harmonie avec les\u00a0enfants et les\u00a0parents<\/li>\n<li>La volont\u00e9 de l\u2019\u00e9cole de\u00a0r\u00e9pondre aux besoins des enfants et des familles<\/li>\n<li>Le travail sans rel\u00e2che et le\u00a0grand soin\u00a0des enseignantes pour les enfants<\/li>\n<li>Les enfants sont heureux avec leurs enseignantes et amis<\/li>\n<li>L\u2019approche de l\u2019apprentissage est sans stress et amusante<\/li>\n<\/ul>\n<p>[\/vc_column_text][\/vc_column_inner][vc_column_inner width=\u00a0\u00bb1\/3&Prime;][vc_column_text]<\/p>\n<ul class=\"check\">\n<li>Les activit\u00e9s artistiques et musicales<\/li>\n<li>Les semaines th\u00e9matiques<\/li>\n<li>L\u2019excellent personnel<\/li>\n<li>La\u00a0bonne hygi\u00e8ne<\/li>\n<li>Les activit\u00e9s<\/li>\n<li>Les enseignantes<\/li>\n<li>Les soins affectueux envers les\u00a0enfants<\/li>\n<li>Le dur travail et d\u00e9vouement<\/li>\n<\/ul>\n<p>[\/vc_column_text][\/vc_column_inner][\/vc_row_inner][\/vc_column][\/vc_row]<\/p>\n<\/div>","protected":false},"excerpt":{"rendered":"<p>[vc_row content_placement=\u00a0\u00bbmiddle\u00a0\u00bb][vc_column width=\u00a0\u00bb6\/12&Prime;][vc_column_text]Au fil des ann\u00e9es, de nombreux enfants et leurs familles sont pass\u00e9s par\u00a0notre \u00e9cole. Parce que nous avons la chance d\u2019avoir re\u00e7u autant de fr\u00e8res et s\u0153urs, nous sommes\u00a0au courant de l\u2019\u00e9volution de nos anciens \u00e9tudiants. Un refrain souvent entendu\u00a0est \u201cnotre enfant se porte si bien \u00e0 l\u2019\u00e9cole et nous sommes convaincus que [&hellip;]<\/p>\n","protected":false},"author":1,"featured_media":0,"parent":762,"menu_order":0,"comment_status":"closed","ping_status":"closed","template":"","meta":{"_acf_changed":false,"footnotes":""},"class_list":["post-777","page","type-page","status-publish","hentry"],"acf":[],"_links":{"self":[{"href":"https:\/\/montessoripc.com\/fr\/wp-json\/wp\/v2\/pages\/777","targetHints":{"allow":["GET"]}}],"collection":[{"href":"https:\/\/montessoripc.com\/fr\/wp-json\/wp\/v2\/pages"}],"about":[{"href":"https:\/\/montessoripc.com\/fr\/wp-json\/wp\/v2\/types\/page"}],"author":[{"embeddable":true,"href":"https:\/\/montessoripc.com\/fr\/wp-json\/wp\/v2\/users\/1"}],"replies":[{"embeddable":true,"href":"https:\/\/montessoripc.com\/fr\/wp-json\/wp\/v2\/comments?post=777"}],"version-history":[{"count":15,"href":"https:\/\/montessoripc.com\/fr\/wp-json\/wp\/v2\/pages\/777\/revisions"}],"predecessor-version":[{"id":41647,"href":"https:\/\/montessoripc.com\/fr\/wp-json\/wp\/v2\/pages\/777\/revisions\/41647"}],"up":[{"embeddable":true,"href":"https:\/\/montessoripc.com\/fr\/wp-json\/wp\/v2\/pages\/762"}],"wp:attachment":[{"href":"https:\/\/montessoripc.com\/fr\/wp-json\/wp\/v2\/media?parent=777"}],"curies":[{"name":"wp","href":"https:\/\/api.w.org\/{rel}","templated":true}]}}