{"id":784,"date":"2014-12-04T17:28:13","date_gmt":"2014-12-04T17:28:13","guid":{"rendered":"https:\/\/montessoripc.com\/?page_id=784"},"modified":"2022-08-31T03:57:27","modified_gmt":"2022-08-31T03:57:27","slug":"lannee-scolaire","status":"publish","type":"page","link":"https:\/\/montessoripc.com\/fr\/lannee-scolaire\/","title":{"rendered":"Ann\u00e9e Scolaire"},"content":{"rendered":"<div class=\"wpb-content-wrapper\"><p>[vc_row][vc_column][vc_row_inner][vc_column_inner width=\u00a0\u00bb7\/12&Prime;][vc_column_text]Notre ann\u00e9e acad\u00e9mique s&rsquo;\u00e9tend de septembre \u00e0 juin. L&rsquo;inscription est \u00e9galement possible \u00e0 d&rsquo;autres moments de l&rsquo;ann\u00e9e. Les inscriptions pour les mois d&rsquo;\u00e9t\u00e9 sont trait\u00e9es par notre <a href=\"https:\/\/montessoripc.com\/fr\/camp\/\">programme de camp d&rsquo;\u00e9t\u00e9<\/a>.<\/p>\n<p>Les parents choisissent un programme pour 2, 3, 4 ou 5 jours par semaine. Les programmes sont pour des journ\u00e9es compl\u00e8tes avec des heures d&rsquo;arriv\u00e9e et de d\u00e9part flexibles.[\/vc_column_text][vc_column_text]Les enfants sont inscrits dans l\u2019un des groupes d\u2019\u00e2ge suivants:<\/p>\n<ul>\n<li>18 mois \u00e0 2 ans et demi \u2013 Programme de Socialisation\u00a0Anticip\u00e9e<\/li>\n<li>2 ans et demi \u00e0 3 ans et demi \u2013 Programme Pr\u00e9scolaire<\/li>\n<li>3 ans et demi \u00e0 4 ans et demi \u2013 Programme Pr\u00e9-maternelle Junior<\/li>\n<li>4 ans et demi \u00e0 5 ans \u2013 Programme Pr\u00e9-maternelle Senior et Maternelle<\/li>\n<\/ul>\n<p>Les parents sont encourag\u00e9s \u00e0 visiter l\u2019\u00e9cole avec leur enfant pour observer nos classes en cours ainsi que d\u2019introduire l\u2019enfant \u00e0 son\u00a0nouvel environnement potentiel.<\/p>\n<p>Les places pour l\u2019ann\u00e9e scolaire sont limit\u00e9es et sont attribu\u00e9es sur une base du premier arriv\u00e9, premier servi.[\/vc_column_text][\/vc_column_inner][vc_column_inner width=\u00a0\u00bb1\/12&Prime;][\/vc_column_inner][vc_column_inner width=\u00a0\u00bb4\/12&Prime;][vc_single_image image=\u00a0\u00bb33407&Prime; img_size=\u00a0\u00bblarge\u00a0\u00bb alignment=\u00a0\u00bbcenter\u00a0\u00bb onclick=\u00a0\u00bblink_image\u00a0\u00bb][\/vc_column_inner][\/vc_row_inner][\/vc_column][\/vc_row]<\/p>\n<\/div>","protected":false},"excerpt":{"rendered":"<p>[vc_row][vc_column][vc_row_inner][vc_column_inner width=\u00a0\u00bb7\/12&Prime;][vc_column_text]Notre ann\u00e9e acad\u00e9mique s&rsquo;\u00e9tend de septembre \u00e0 juin. L&rsquo;inscription est \u00e9galement possible \u00e0 d&rsquo;autres moments de l&rsquo;ann\u00e9e. Les inscriptions pour les mois d&rsquo;\u00e9t\u00e9 sont trait\u00e9es par notre programme de camp d&rsquo;\u00e9t\u00e9. Les parents choisissent un programme pour 2, 3, 4 ou 5 jours par semaine. Les programmes sont pour des journ\u00e9es compl\u00e8tes avec des [&hellip;]<\/p>\n","protected":false},"author":1,"featured_media":0,"parent":0,"menu_order":0,"comment_status":"closed","ping_status":"closed","template":"","meta":{"_acf_changed":false,"footnotes":""},"class_list":["post-784","page","type-page","status-publish","hentry"],"acf":[],"_links":{"self":[{"href":"https:\/\/montessoripc.com\/fr\/wp-json\/wp\/v2\/pages\/784","targetHints":{"allow":["GET"]}}],"collection":[{"href":"https:\/\/montessoripc.com\/fr\/wp-json\/wp\/v2\/pages"}],"about":[{"href":"https:\/\/montessoripc.com\/fr\/wp-json\/wp\/v2\/types\/page"}],"author":[{"embeddable":true,"href":"https:\/\/montessoripc.com\/fr\/wp-json\/wp\/v2\/users\/1"}],"replies":[{"embeddable":true,"href":"https:\/\/montessoripc.com\/fr\/wp-json\/wp\/v2\/comments?post=784"}],"version-history":[{"count":22,"href":"https:\/\/montessoripc.com\/fr\/wp-json\/wp\/v2\/pages\/784\/revisions"}],"predecessor-version":[{"id":40427,"href":"https:\/\/montessoripc.com\/fr\/wp-json\/wp\/v2\/pages\/784\/revisions\/40427"}],"wp:attachment":[{"href":"https:\/\/montessoripc.com\/fr\/wp-json\/wp\/v2\/media?parent=784"}],"curies":[{"name":"wp","href":"https:\/\/api.w.org\/{rel}","templated":true}]}}