{"id":790,"date":"2014-12-04T17:45:14","date_gmt":"2014-12-04T17:45:14","guid":{"rendered":"https:\/\/montessoripc.com\/?page_id=790"},"modified":"2022-12-07T19:17:32","modified_gmt":"2022-12-07T19:17:32","slug":"curriculum-de-socialisation-anticipee","status":"publish","type":"page","link":"https:\/\/montessoripc.com\/fr\/lannee-scolaire\/curriculum-de-socialisation-anticipee\/","title":{"rendered":"Curriculum de Socialisation Anticip\u00e9e"},"content":{"rendered":"<div class=\"wpb-content-wrapper\"><p>[vc_row][vc_column width=\u00a0\u00bb7\/12&Prime;][vc_column_text list-marker-style=\u00a0\u00bb0&Prime;]Notre programme, destin\u00e9 aux enfants \u00e2g\u00e9s de 14 \u00e0 35 mois, vise \u00e0 offrir un environnement social et convivial o\u00f9 les enfants apprennent selon le principe Montessori, qui consiste \u00e0 utiliser la curiosit\u00e9 de l&rsquo;enfant pour guider son apprentissage.<\/p>\n<p>Les enfants sont r\u00e9partis dans les groupes d&rsquo;\u00e2ge suivants dans des salles de classe s\u00e9par\u00e9es : 14 \u00e0 24 mois et 24 \u00e0 35 mois. Il est garanti que l&rsquo;enfant aura une journ\u00e9e int\u00e9ressante, agr\u00e9able et productive.[\/vc_column_text][\/vc_column][vc_column width=\u00a0\u00bb1\/12&Prime;][\/vc_column][vc_column width=\u00a0\u00bb4\/12&Prime;][vc_single_image image=\u00a0\u00bb33795&Prime; img_size=\u00a0\u00bblarge\u00a0\u00bb alignment=\u00a0\u00bbcenter\u00a0\u00bb onclick=\u00a0\u00bblink_image\u00a0\u00bb][\/vc_column][\/vc_row][vc_row full_width=\u00a0\u00bbstretch_row\u00a0\u00bb css=\u00a0\u00bb.vc_custom_1606173205144{background-image: url(https:\/\/montessoripc.com\/wp-content\/uploads\/2018\/01\/montessori-purp-light.png?id=2270) !important;}\u00a0\u00bb][vc_column][vc_custom_heading text=\u00a0\u00bbUn peu plus \u00e0 propos du curriculum\u00a0\u00bb use_theme_fonts=\u00a0\u00bbyes\u00a0\u00bb][vc_empty_space height=\u00a0\u00bb20px\u00a0\u00bb][vc_tta_tabs style=\u00a0\u00bbflat\u00a0\u00bb color=\u00a0\u00bbwhite\u00a0\u00bb spacing=\u00a0\u00bb5&Prime; active_section=\u00a0\u00bb1&Prime;][vc_tta_section i_icon_fontawesome=\u00a0\u00bbfa fa-graduation-cap\u00a0\u00bb add_icon=\u00a0\u00bbtrue\u00a0\u00bb title=\u00a0\u00bbAcad\u00e9mique\u00a0\u00bb tab_id=\u00a0\u00bb1516392500187-67bde79a-e3a5&Prime;][vc_row_inner][vc_column_inner][vc_column_text]En plus des comp\u00e9tences acad\u00e9miques, plusieurs comp\u00e9tences se chevauchent au sein de ce groupe. Par exemple, pendant l&rsquo;activit\u00e9 de \u00ab\u00a0faire prendre le bain aux poup\u00e9es\u00a0\u00bb nous enseignerons le vocabulaire associ\u00e9 en anglais et en fran\u00e7ais. Les activit\u00e9s sont aussi abord\u00e9es diff\u00e9remment selon chaque enfant. Par exemple, les enfants ont la libert\u00e9 de mouvement, c&rsquo;est-\u00e0-dire qu&rsquo;ils ont le loisir d&rsquo;accomplir des t\u00e2ches (telles que faire un casse-t\u00eate) en \u00e9tant assis ou debout et m\u00eame qu&rsquo;ils peuvent se d\u00e9placer \u00e0 une autre table et faire une autre activit\u00e9.\u00a0 Nous avons aussi du mat\u00e9riel \u00e9ducatif exclusif aux enfants de plus de deux ans.[\/vc_column_text][\/vc_column_inner][\/vc_row_inner][vc_row_inner][vc_column_inner width=\u00a0\u00bb1\/2&Prime;][vc_custom_heading text=\u00a0\u00bbLettres et vocabulaire\u00a0\u00bb font_container=\u00a0\u00bbtag:h4|text_align:left\u00a0\u00bb use_theme_fonts=\u00a0\u00bbyes\u00a0\u00bb][vc_column_text list-marker-style=\u00a0\u00bbcheck\u00a0\u00bb]<\/p>\n<ul>\n<li>Savoir reconna\u00eetre les lettres<\/li>\n<li>R\u00e9citer l&rsquo;alphabet<\/li>\n<li>Apprendre le son de chaque lettre (phon\u00e9tique)<\/li>\n<li>Associer les lettres \u00e0 des mots sp\u00e9cifiques<\/li>\n<li>Apprendre les lettres de son propre nom<\/li>\n<li>Apprendre gr\u00e2ce aux sons et \u00e0 la musique<\/li>\n<li>Jeux d&rsquo;association, casse-t\u00eates<\/li>\n<li>Activit\u00e9s favorisant l&rsquo;expression et le langage<\/li>\n<\/ul>\n<p>[\/vc_column_text][vc_custom_heading text=\u00a0\u00bbExploration sensorielle\u00a0\u00bb font_container=\u00a0\u00bbtag:h4|text_align:left\u00a0\u00bb use_theme_fonts=\u00a0\u00bbyes\u00a0\u00bb][vc_column_text list-marker-style=\u00a0\u00bbcheck\u00a0\u00bb]<\/p>\n<ul>\n<li>Une section de la classe est r\u00e9serv\u00e9e \u00e0 l&rsquo;exploration sensorielle et elle varie quotidiennement.<\/li>\n<\/ul>\n<p>[\/vc_column_text][\/vc_column_inner][vc_column_inner width=\u00a0\u00bb1\/2&Prime;][vc_custom_heading text=\u00a0\u00bbChiffres et nombres\u00a0\u00bb font_container=\u00a0\u00bbtag:h4|text_align:left\u00a0\u00bb use_theme_fonts=\u00a0\u00bbyes\u00a0\u00bb][vc_column_text list-marker-style=\u00a0\u00bbcheck\u00a0\u00bb]<\/p>\n<ul>\n<li>Compter<\/li>\n<li>Comprendre la valeur des nombres (que repr\u00e9sente deux?)<\/li>\n<li>Classer les objets selon leur taille<\/li>\n<li>Cartes s\u00e9quentielles<\/li>\n<li>Activit\u00e9s de construction<\/li>\n<\/ul>\n<p>[\/vc_column_text][vc_custom_heading text=\u00a0\u00bbScience\u00a0\u00bb font_container=\u00a0\u00bbtag:h4|text_align:left\u00a0\u00bb use_theme_fonts=\u00a0\u00bbyes\u00a0\u00bb][vc_column_text list-marker-style=\u00a0\u00bbcheck\u00a0\u00bb]<\/p>\n<ul>\n<li>Exploration de la nature \u00e0 l&rsquo;ext\u00e9rieur<\/li>\n<li>Exp\u00e9riences scientifiques <em>\u00ab\u00a0The Science Gal\u00a0\u00bb<\/em><\/li>\n<li>Apprendre sur les plantes et les animaux<\/li>\n<li>Jardinage et activit\u00e9s culinaires<\/li>\n<li>Apprentissage de l&rsquo;alimentation saine<\/li>\n<\/ul>\n<p>[\/vc_column_text][\/vc_column_inner][\/vc_row_inner][\/vc_tta_section][vc_tta_section i_icon_fontawesome=\u00a0\u00bbfa fa-paint-brush\u00a0\u00bb add_icon=\u00a0\u00bbtrue\u00a0\u00bb title=\u00a0\u00bbCr\u00e9ativit\u00e9\u00a0\u00bb tab_id=\u00a0\u00bb1516392500230-a829929e-4a78&Prime;][vc_row_inner][vc_column_inner][vc_column_text]Nous offrons aux enfants plusieurs activit\u00e9s qui encouragent le d\u00e9veloppement de l&rsquo;imagination et la cr\u00e9ativit\u00e9. Selon Maria Montessori, chaque enfant poss\u00e8de une \u00ab\u00a0\u00e2me sensible\u00a0\u00bb qui l&rsquo;aidera \u00e0 devenir un individu \u00e9quilibr\u00e9. Les \u00e9tudes d\u00e9montrent aussi clairement qu&rsquo;il existe un lien entre la cr\u00e9ativit\u00e9 et la capacit\u00e9 \u00e0 r\u00e9soudre des probl\u00e8mes.[\/vc_column_text][\/vc_column_inner][\/vc_row_inner][vc_row_inner][vc_column_inner width=\u00a0\u00bb1\/3&Prime;][vc_custom_heading text=\u00a0\u00bbMusique\u00a0\u00bb font_container=\u00a0\u00bbtag:h4|text_align:left\u00a0\u00bb use_theme_fonts=\u00a0\u00bbyes\u00a0\u00bb][vc_column_text list-marker-style=\u00a0\u00bbcheck\u00a0\u00bb]<\/p>\n<ul>\n<li>Le\u00e7ons hebdomadaires par notre sp\u00e9cialiste musical<\/li>\n<li>Activit\u00e9s musicales (incluant chant et danse) en classe avec nos professeurs<\/li>\n<li>Cr\u00e9ation de notre propre orchestre<\/li>\n<li>\u00c9coute de diff\u00e9rents types de musique durant nos semaines th\u00e9matiques<\/li>\n<li>\u00c9v\u00e8nements sp\u00e9ciaux avec des musiciens professionnels<\/li>\n<\/ul>\n<p>[\/vc_column_text][\/vc_column_inner][vc_column_inner width=\u00a0\u00bb1\/3&Prime;][vc_custom_heading text=\u00a0\u00bbBricolage\u00a0\u00bb font_container=\u00a0\u00bbtag:h4|text_align:left\u00a0\u00bb use_theme_fonts=\u00a0\u00bbyes\u00a0\u00bb][vc_column_text list-marker-style=\u00a0\u00bbcheck\u00a0\u00bb]<\/p>\n<ul>\n<li>Activit\u00e9s artistiques au sein d&rsquo;un programme \u00e9tabli afin de maximiser la participation de l&rsquo;enfant<\/li>\n<li>Explorer la cr\u00e9ation \u00e0 travers diff\u00e9rents m\u00e9dias (par ex.: crayons de cire, peinture, p\u00e2te \u00e0 modeler, etc.)<\/li>\n<li>Bricolage pour d\u00e9corer la classe<\/li>\n<li>Bricolages \u00e0 rapporter \u00e0 la maison pour des occasions sp\u00e9ciales (par ex.: f\u00eate des M\u00e8res)<\/li>\n<li>Exploration de la science en art (par ex.: m\u00e9langer des couleurs)<\/li>\n<\/ul>\n<p>[\/vc_column_text][\/vc_column_inner][vc_column_inner width=\u00a0\u00bb1\/3&Prime;][vc_custom_heading text=\u00a0\u00bbTh\u00e9\u00e2tre\u00a0\u00bb font_container=\u00a0\u00bbtag:h4|text_align:left\u00a0\u00bb use_theme_fonts=\u00a0\u00bbyes\u00a0\u00bb][vc_column_text list-marker-style=\u00a0\u00bbcheck\u00a0\u00bb]<\/p>\n<ul>\n<li>Spectacle de marionnettes cr\u00e9\u00e9 avec nos propres marionnettes et th\u00e9\u00e2tre<\/li>\n<li>Jeux imaginaires avec la bo\u00eete \u00e0 costumes<\/li>\n<li>Jeux de r\u00f4les (par ex.: journ\u00e9e des chapeaux rigolos)<\/li>\n<li>\u00c9v\u00e8nements sp\u00e9ciaux avec des troupes de th\u00e9\u00e2tre professionnelles (spectacles de marionnettes ou pi\u00e8ces de th\u00e9\u00e2tre)<\/li>\n<\/ul>\n<p>[\/vc_column_text][\/vc_column_inner][\/vc_row_inner][\/vc_tta_section][vc_tta_section i_icon_fontawesome=\u00a0\u00bbfa fa-futbol-o\u00a0\u00bb add_icon=\u00a0\u00bbtrue\u00a0\u00bb title=\u00a0\u00bbPhysique\u00a0\u00bb tab_id=\u00a0\u00bb1516392824156-4070a261-b4c2&Prime;][vc_row_inner][vc_column_inner][vc_column_text]Le mouvement est une composante vitale pour le d\u00e9veloppement du cerveau. \u00c0 travers des activit\u00e9s non-comp\u00e9titives, les enfants sont appel\u00e9s \u00e0 \u00eatre actif physiquement et \u00e0 apprendre \u00e0 contr\u00f4ler leurs mouvements.[\/vc_column_text][\/vc_column_inner][\/vc_row_inner][vc_row_inner][vc_column_inner width=\u00a0\u00bb1\/3&Prime;][vc_custom_heading text=\u00a0\u00bbMusique et mouvement\u00a0\u00bb font_container=\u00a0\u00bbtag:h4|text_align:left\u00a0\u00bb use_theme_fonts=\u00a0\u00bbyes\u00a0\u00bb][vc_column_text list-marker-style=\u00a0\u00bbcheck\u00a0\u00bb]<\/p>\n<ul>\n<li>Jeux de ballons, hula-hoop, balles, foulards, etc.<\/li>\n<li>Jeux musicaux<\/li>\n<li>Jeux favorisant le d\u00e9veloppement de la motricit\u00e9 globale<\/li>\n<\/ul>\n<p>[\/vc_column_text][\/vc_column_inner][vc_column_inner width=\u00a0\u00bb1\/3&Prime;][vc_custom_heading text=\u00a0\u00bbAire de jeux\u00a0\u00bb font_container=\u00a0\u00bbtag:h4|text_align:left\u00a0\u00bb use_theme_fonts=\u00a0\u00bbyes\u00a0\u00bb][vc_column_text list-marker-style=\u00a0\u00bbcheck\u00a0\u00bb]<\/p>\n<ul>\n<li>Jeux avec des voiturettes, camionnettes et autres jouets d&rsquo;ext\u00e9rieur<\/li>\n<li>Carr\u00e9 de sable<\/li>\n<li>Jeux avec les amis \u00e0 l&rsquo;ext\u00e9rieur<\/li>\n<li>Jeux en compagnie des professeurs et favorisant le d\u00e9veloppement de la motricit\u00e9 globale et des comp\u00e9tences sociales (par ex.: le jeu du parachute)<\/li>\n<\/ul>\n<p>[\/vc_column_text][\/vc_column_inner][vc_column_inner width=\u00a0\u00bb1\/3&Prime;][vc_custom_heading text=\u00a0\u00bbActivit\u00e9s facultatives\u00a0\u00bb font_container=\u00a0\u00bbtag:h4|text_align:left\u00a0\u00bb use_theme_fonts=\u00a0\u00bbyes\u00a0\u00bb][vc_column_text list-marker-style=\u00a0\u00bbcheck\u00a0\u00bb]Vous pouvez inscrire votre enfant \u00e0 l&rsquo;un des programmes suivants, moyennant des frais suppl\u00e9mentaires:<\/p>\n<ul>\n<li>Yoga<\/li>\n<li>Th\u00e9\u00e2tre<\/li>\n<li>Karat\u00e9<\/li>\n<\/ul>\n<p>[\/vc_column_text][\/vc_column_inner][\/vc_row_inner][\/vc_tta_section][vc_tta_section i_icon_fontawesome=\u00a0\u00bbfa fa-users\u00a0\u00bb add_icon=\u00a0\u00bbtrue\u00a0\u00bb title=\u00a0\u00bbSocial\u00a0\u00bb tab_id=\u00a0\u00bb1516392902899-7c09fb2b-d887&Prime;][vc_column_text]<span style=\"font-weight: 400;\">\u00c0 Montessori Pointe-Claire et avec l&rsquo;aide des enseignants, les enfants deviennent autonomes. Ils n&rsquo;ont pas peur de faire les choses eux-m\u00eames et \u00e0 demander de l&rsquo;aide lorsque n\u00e9cessaire, mais le plus important, c&rsquo;est qu&rsquo;ils apprendront \u00e0 aider les autres aussi.\u00a0\u00a0<\/span>[\/vc_column_text][vc_custom_heading text=\u00a0\u00bbHabilet\u00e9s sociales\u00a0\u00bb font_container=\u00a0\u00bbtag:h4|text_align:left\u00a0\u00bb use_theme_fonts=\u00a0\u00bbyes\u00a0\u00bb][vc_row_inner][vc_column_inner width=\u00a0\u00bb1\/2&Prime;][vc_column_text list-marker-style=\u00a0\u00bbcheck\u00a0\u00bb]<\/p>\n<ul>\n<li>Apprendre \u00e0 bien s&rsquo;entendre avec les autres enfants<\/li>\n<li>Apprendre l&rsquo;ind\u00e9pendance (incluant la s\u00e9paration des parents et faire les choses soi-m\u00eame)<\/li>\n<li>Savoir attendre son tour<\/li>\n<li>Apprendre \u00e0 partager<\/li>\n<li>D\u00e9velopper sa confiance<\/li>\n<\/ul>\n<p>[\/vc_column_text][\/vc_column_inner][vc_column_inner width=\u00a0\u00bb1\/2&Prime;][vc_column_text list-marker-style=\u00a0\u00bbcheck\u00a0\u00bb]<\/p>\n<ul>\n<li>Apprendre \u00e0 demander l&rsquo;aide d&rsquo;un professeur si n\u00e9cessaire<\/li>\n<li>Apprendre \u00e0 aider<\/li>\n<li>Apprendre \u00e0 suivre les instructions<\/li>\n<li>Apprendre \u00e0 \u00e9couter une performance<\/li>\n<li>Apprendre les limites de nos comportements<\/li>\n<\/ul>\n<p>[\/vc_column_text][\/vc_column_inner][\/vc_row_inner][\/vc_tta_section][\/vc_tta_tabs][vc_empty_space height=\u00a0\u00bb20px\u00a0\u00bb][\/vc_column][\/vc_row]<\/p>\n<\/div>","protected":false},"excerpt":{"rendered":"<p>[vc_row][vc_column width=\u00a0\u00bb7\/12&Prime;][vc_column_text list-marker-style=\u00a0\u00bb0&Prime;]Notre programme, destin\u00e9 aux enfants \u00e2g\u00e9s de 14 \u00e0 35 mois, vise \u00e0 offrir un environnement social et convivial o\u00f9 les enfants apprennent selon le principe Montessori, qui consiste \u00e0 utiliser la curiosit\u00e9 de l&rsquo;enfant pour guider son apprentissage. Les enfants sont r\u00e9partis dans les groupes d&rsquo;\u00e2ge suivants dans des salles de classe [&hellip;]<\/p>\n","protected":false},"author":1,"featured_media":0,"parent":784,"menu_order":0,"comment_status":"closed","ping_status":"closed","template":"","meta":{"_acf_changed":false,"footnotes":""},"class_list":["post-790","page","type-page","status-publish","hentry"],"acf":[],"_links":{"self":[{"href":"https:\/\/montessoripc.com\/fr\/wp-json\/wp\/v2\/pages\/790","targetHints":{"allow":["GET"]}}],"collection":[{"href":"https:\/\/montessoripc.com\/fr\/wp-json\/wp\/v2\/pages"}],"about":[{"href":"https:\/\/montessoripc.com\/fr\/wp-json\/wp\/v2\/types\/page"}],"author":[{"embeddable":true,"href":"https:\/\/montessoripc.com\/fr\/wp-json\/wp\/v2\/users\/1"}],"replies":[{"embeddable":true,"href":"https:\/\/montessoripc.com\/fr\/wp-json\/wp\/v2\/comments?post=790"}],"version-history":[{"count":29,"href":"https:\/\/montessoripc.com\/fr\/wp-json\/wp\/v2\/pages\/790\/revisions"}],"predecessor-version":[{"id":41685,"href":"https:\/\/montessoripc.com\/fr\/wp-json\/wp\/v2\/pages\/790\/revisions\/41685"}],"up":[{"embeddable":true,"href":"https:\/\/montessoripc.com\/fr\/wp-json\/wp\/v2\/pages\/784"}],"wp:attachment":[{"href":"https:\/\/montessoripc.com\/fr\/wp-json\/wp\/v2\/media?parent=790"}],"curies":[{"name":"wp","href":"https:\/\/api.w.org\/{rel}","templated":true}]}}