{"id":792,"date":"2014-07-31T00:39:08","date_gmt":"2014-07-31T00:39:08","guid":{"rendered":"https:\/\/montessoripc.com\/?page_id=792"},"modified":"2022-09-27T23:28:47","modified_gmt":"2022-09-27T23:28:47","slug":"curriculum-pre-maternelle","status":"publish","type":"page","link":"https:\/\/montessoripc.com\/fr\/lannee-scolaire\/curriculum-pre-maternelle\/","title":{"rendered":"Curriculum Pr\u00e9-maternelle"},"content":{"rendered":"<div class=\"wpb-content-wrapper\"><p>[vc_row][vc_column width=\u00a0\u00bb6\/12&Prime;][vc_column_text]Les enfants qui graduent de la pr\u00e9-maternelle Montessori Pointe-Claire deviennent des leaders et auront une exp\u00e9rience positive lorsque viendra le temps de commencer l\u2019\u00e9cole. Les enfants auront non seulement ma\u00eetris\u00e9 les comp\u00e9tences scolaires, mais aussi d\u00e9velopp\u00e9 une conscience sociale.<\/p>\n<p>En exposant les enfants \u00e0 diff\u00e9rents sujets, notamment les langues, l\u2019art, la musique, les sciences, les math\u00e9matiques, les sports, la sant\u00e9 en plus de recevoir des visiteurs en classe et en faisant des excursions, les enfants deviennent par\u00e9s \u00e0 toute \u00e9ventualit\u00e9s.<\/p>\n<p>Ces enfants ont confiance en eux, ils sont des penseurs ind\u00e9pendants, ils sont capables de r\u00e9soudre des probl\u00e8mes et sont capables de travailler efficacement en \u00e9quipe.<\/p>\n<p>Nous sommes fiers de notre classe de pr\u00e9-maternelle. Les parents nous t\u00e9moignent du succ\u00e8s de leurs enfants lorsqu\u2019ils commencent \u201cl\u2019\u00e9cole des grands\u201d et nous sommes toujours ravis d\u2019entendre ces belles histoires.[\/vc_column_text][\/vc_column][vc_column width=\u00a0\u00bb1\/12&Prime;][\/vc_column][vc_column width=\u00a0\u00bb5\/12&Prime;][vc_single_image image=\u00a0\u00bb33545&Prime; img_size=\u00a0\u00bblarge\u00a0\u00bb alignment=\u00a0\u00bbcenter\u00a0\u00bb onclick=\u00a0\u00bblink_image\u00a0\u00bb][\/vc_column][\/vc_row][vc_row full_width=\u00a0\u00bbstretch_row\u00a0\u00bb css=\u00a0\u00bb.vc_custom_1599071566638{background-image: url(https:\/\/montessoripc.com\/wp-content\/uploads\/2018\/01\/montessori-purp-light.png?id=2270) !important;}\u00a0\u00bb][vc_column][vc_custom_heading text=\u00a0\u00bb\u00c0 propos du curriculum\u00a0\u00bb use_theme_fonts=\u00a0\u00bbyes\u00a0\u00bb][vc_empty_space height=\u00a0\u00bb20px\u00a0\u00bb][vc_tta_tabs style=\u00a0\u00bbflat\u00a0\u00bb color=\u00a0\u00bbwhite\u00a0\u00bb spacing=\u00a0\u00bb5&Prime; active_section=\u00a0\u00bb1&Prime;][vc_tta_section i_icon_fontawesome=\u00a0\u00bbfa fa-graduation-cap\u00a0\u00bb add_icon=\u00a0\u00bbtrue\u00a0\u00bb title=\u00a0\u00bbVolet Acad\u00e9mique\u00a0\u00bb tab_id=\u00a0\u00bb1516392500187-67bde79a-e3a5&Prime;][vc_row_inner][vc_column_inner][vc_column_text]Chez Montessori, chaque enfant apprends \u00e0 son propre rythme, sans pression, avec des activit\u00e9s amusantes et qui sont adapt\u00e9es \u00e0 leur niveau acad\u00e9mique. En jouant et en s\u2019amusant avec les chiffres et les lettres, tous nos petits \u00e9tudiants comprendront les additions, les soustractions et commenceront \u00e0 lire de fa\u00e7on phon\u00e9tique.<\/p>\n<p>Tout le travail est fait \u00e0 la fois en anglais et en fran\u00e7ais avec instructions additionnelles en espagnol.[\/vc_column_text][\/vc_column_inner][\/vc_row_inner][vc_row_inner][vc_column_inner width=\u00a0\u00bb1\/3&Prime;][vc_custom_heading text=\u00a0\u00bbLettres\u00a0\u00bb font_container=\u00a0\u00bbtag:h4|text_align:left\u00a0\u00bb use_theme_fonts=\u00a0\u00bbyes\u00a0\u00bb][vc_column_text list-marker-style=\u00a0\u00bbcheck\u00a0\u00bb]<\/p>\n<ul>\n<li>Reconna\u00eetre les lettres de l\u2019alphabet<\/li>\n<li>Associer les sons avec les lettres<\/li>\n<li>Voyelles, longues et courtes<\/li>\n<li>Correspondance des mots<\/li>\n<li>Consonance des mots<\/li>\n<li>Lire phon\u00e9tiquement en reconnaissant des mots<\/li>\n<\/ul>\n<p>[\/vc_column_text][vc_custom_heading text=\u00a0\u00bbVie pratique\u00a0\u00bb font_container=\u00a0\u00bbtag:h4|text_align:left\u00a0\u00bb use_theme_fonts=\u00a0\u00bbyes\u00a0\u00bb][vc_column_text list-marker-style=\u00a0\u00bbcheck\u00a0\u00bb]<\/p>\n<ul>\n<li>Nettoyage et entretien de l&rsquo;environnement<\/li>\n<li>Soins personnels<\/li>\n<li>Gr\u00e2ce et courtoisie<\/li>\n<\/ul>\n<p>[\/vc_column_text][\/vc_column_inner][vc_column_inner width=\u00a0\u00bb1\/3&Prime;][vc_custom_heading text=\u00a0\u00bbChiffres\u00a0\u00bb font_container=\u00a0\u00bbtag:h4|text_align:left\u00a0\u00bb use_theme_fonts=\u00a0\u00bbyes\u00a0\u00bb][vc_column_text list-marker-style=\u00a0\u00bbcheck\u00a0\u00bb]<\/p>\n<ul>\n<li>Compter<\/li>\n<li>Conna\u00eetre les noms des chiffres<\/li>\n<li>Comprendre les quantit\u00e9s associ\u00e9es aux chiffres<\/li>\n<li>Additionner et soustraire des nombres simples<\/li>\n<li>Comprendre le syst\u00e8me d\u00e9cimal (unit\u00e9s, dizaines, centaines, milliers)<\/li>\n<li>Comprendre les nombres de 10 \u00e0 20<\/li>\n<li>Addition\u00a0de num\u00e9ros complexes<\/li>\n<\/ul>\n<p>[\/vc_column_text][\/vc_column_inner][vc_column_inner width=\u00a0\u00bb1\/3&Prime;][vc_custom_heading text=\u00a0\u00bbSciences\u00a0\u00bb font_container=\u00a0\u00bbtag:h4|text_align:left\u00a0\u00bb use_theme_fonts=\u00a0\u00bbyes\u00a0\u00bb][vc_column_text list-marker-style=\u00a0\u00bbcheck\u00a0\u00bb]<\/p>\n<ul>\n<li>Comprendre les plantes<\/li>\n<li>D\u00e9couverte des animaux indig\u00e8nes au Qu\u00e9bec<\/li>\n<li>Comprendre les animaux: insectes, mammif\u00e8res, amphibiens, etc.<\/li>\n<li>R\u00e9alisation\u00a0d\u2019exp\u00e9riences scientifiques simples avec un instructeur de sciences<\/li>\n<li>La science de la m\u00e9t\u00e9o et des saisons<\/li>\n<li>Jours de la semaine<\/li>\n<li>Apprentissage des plan\u00e8tes et de l\u2019espace<\/li>\n<li>D\u00e9couverte du corps humain<\/li>\n<\/ul>\n<p>[\/vc_column_text][\/vc_column_inner][\/vc_row_inner][\/vc_tta_section][vc_tta_section i_icon_fontawesome=\u00a0\u00bbfa fa-paint-brush\u00a0\u00bb add_icon=\u00a0\u00bbtrue\u00a0\u00bb title=\u00a0\u00bbVolet Cr\u00e9atif\u00a0\u00bb tab_id=\u00a0\u00bb1516392500230-a829929e-4a78&Prime;][vc_row_inner][vc_column_inner][vc_column_text]Nous offrons aux enfants de multiples activit\u00e9s con\u00e7ues pour stimuler l\u2019imagination et la cr\u00e9ativit\u00e9. Selon Maria Montessori, chaque enfant possede une \u201c\u00e2me cr\u00e9ative\u201d qui l\u2019aide \u00e0 devenir un individu d\u00e9velopp\u00e9. Les \u00e9tudes d\u00e9montrent aussi clairement qu\u2019il y a des liens entre la cr\u00e9ativit\u00e9 et l\u2019aptitude \u00e0 r\u00e9soudre des probl\u00e8mes.[\/vc_column_text][\/vc_column_inner][\/vc_row_inner][vc_row_inner][vc_column_inner width=\u00a0\u00bb1\/3&Prime;][vc_custom_heading text=\u00a0\u00bbMusique\u00a0\u00bb font_container=\u00a0\u00bbtag:h4|text_align:left\u00a0\u00bb use_theme_fonts=\u00a0\u00bbyes\u00a0\u00bb][vc_column_text list-marker-style=\u00a0\u00bbcheck\u00a0\u00bb]<\/p>\n<ul>\n<li>Le\u00e7ons une fois par semaine donn\u00e9e par notre sp\u00e9cialiste de musique<\/li>\n<li>Activit\u00e9s musicales en classe avec nos professeurs<\/li>\n<li>Cr\u00e9ation d\u2019un\u00a0orchestre<\/li>\n<li>Chant et danse<\/li>\n<li>Apprentissage de diff\u00e9rents types de musique lors des semaines th\u00e9matiques<\/li>\n<li>\u00c9v\u00e9nements sp\u00e9ciaux avec des musiciens professionnels<\/li>\n<li>D\u00e9couverte des instruments<\/li>\n<\/ul>\n<p>[\/vc_column_text][\/vc_column_inner][vc_column_inner width=\u00a0\u00bb1\/3&Prime;][vc_custom_heading text=\u00a0\u00bbArts Plastiques\u00a0\u00bb font_container=\u00a0\u00bbtag:h4|text_align:left\u00a0\u00bb use_theme_fonts=\u00a0\u00bbyes\u00a0\u00bb][vc_column_text list-marker-style=\u00a0\u00bbcheck\u00a0\u00bb]<\/p>\n<ul>\n<li>Temps de jeu libre, cr\u00e9ation de nos propres projets artistiques pour encourager la cr\u00e9ativit\u00e9 et la motricit\u00e9 fine<\/li>\n<li>Peinture et autres m\u00e9dias artistiques<\/li>\n<li>Bricolage\u00a0avec notre professeur sp\u00e9cialiste en arts plastiques<\/li>\n<li>Bricolage\u00a0avec nos professeurs pour des occasions sp\u00e9ciales<\/li>\n<li>Maquillage<\/li>\n<li>Bricolage\u00a0en plein air: craie, peinture de neige<\/li>\n<\/ul>\n<p>[\/vc_column_text][\/vc_column_inner][vc_column_inner width=\u00a0\u00bb1\/3&Prime;][vc_custom_heading text=\u00a0\u00bbTh\u00e9\u00e2tre\u00a0\u00bb font_container=\u00a0\u00bbtag:h4|text_align:left\u00a0\u00bb use_theme_fonts=\u00a0\u00bbyes\u00a0\u00bb][vc_column_text list-marker-style=\u00a0\u00bbcheck\u00a0\u00bb]<\/p>\n<ul>\n<li>Spectacles de marionnettes avec notre th\u00e9\u00e2tre de marionnettes et pantins<\/li>\n<li>Bo\u00eete de d\u00e9guisements<\/li>\n<li>Journ\u00e9e d\u00e9guis\u00e9e avec costumes provenant de la maison<\/li>\n<li>Journ\u00e9e de chapeaux comiques<\/li>\n<li>Th\u00e9\u00e2tre de groupe performant avec des acteurs et\/ou avec des marionnettes comme \u00e9v\u00e8nement sp\u00e9cial de notre \u00e9cole<\/li>\n<li>Th\u00e9\u00e2tre \u201cmusique et mouvement\u201d avec un sp\u00e9cialiste<\/li>\n<\/ul>\n<p>[\/vc_column_text][\/vc_column_inner][\/vc_row_inner][\/vc_tta_section][vc_tta_section i_icon_fontawesome=\u00a0\u00bbfa fa-futbol-o\u00a0\u00bb add_icon=\u00a0\u00bbtrue\u00a0\u00bb title=\u00a0\u00bbVolet Physique\u00a0\u00bb tab_id=\u00a0\u00bb1516392824156-4070a261-b4c2&Prime;][vc_row_inner][vc_column_inner][vc_column_text]L\u2019activit\u00e9 physique est une composante vitale du d\u00e9veloppement du cerveau. \u00c0 travers des activit\u00e9s non-comp\u00e9titives, les enfants sont encourag\u00e9s \u00e0 \u00eatre actif physiquement et apprennent \u00e0 \u00eatre en contr\u00f4le de leurs mouvements.[\/vc_column_text][\/vc_column_inner][\/vc_row_inner][vc_row_inner][vc_column_inner width=\u00a0\u00bb1\/3&Prime;][vc_custom_heading text=\u00a0\u00bbA\u00e9robie et sport\u00a0\u00bb font_container=\u00a0\u00bbtag:h4|text_align:left\u00a0\u00bb use_theme_fonts=\u00a0\u00bbyes\u00a0\u00bb][vc_column_text list-marker-style=\u00a0\u00bbcheck\u00a0\u00bb]<\/p>\n<ul>\n<li>Jeux avec balles, cerceaux, ballons, \u00e9charpes<\/li>\n<li>A\u00e9robie de base<\/li>\n<li>Mini-courses \u00e0\u00a0relais<\/li>\n<li>Jeux de chaises musicales de type \u00ab f\u00eate \u00bb<\/li>\n<li>Danse\/fige<\/li>\n<li>Introduction aux sports de pleins airs<\/li>\n<li>Jeux de style \u00ab\u00a0Olympiques\u00a0\u00bb<\/li>\n<\/ul>\n<p>[\/vc_column_text][\/vc_column_inner][vc_column_inner width=\u00a0\u00bb1\/3&Prime;][vc_custom_heading text=\u00a0\u00bbActivit\u00e9s au terrain de jeu\u00a0\u00bb font_container=\u00a0\u00bbtag:h4|text_align:left\u00a0\u00bb use_theme_fonts=\u00a0\u00bbyes\u00a0\u00bb][vc_column_text list-marker-style=\u00a0\u00bbcheck\u00a0\u00bb]<\/p>\n<ul>\n<li>Jeux avec les\u00a0amis<\/li>\n<li>Jeux sur le mat\u00e9riel du terrain de jeu<\/li>\n<li>Jeux de sable<\/li>\n<\/ul>\n<p>[\/vc_column_text][\/vc_column_inner][vc_column_inner width=\u00a0\u00bb1\/3&Prime;][vc_custom_heading text=\u00a0\u00bbOptional Activities\u00a0\u00bb font_container=\u00a0\u00bbtag:h4|text_align:left\u00a0\u00bb use_theme_fonts=\u00a0\u00bbyes\u00a0\u00bb][vc_column_text list-marker-style=\u00a0\u00bbcheck\u00a0\u00bb]<\/p>\n<ul>\n<li>Gymnastique Wimgym (programme Kindergym offert dans les installations Wimgym)<\/li>\n<li>Cours de natation (au Centre aquatique de Pointe-Claire)<\/li>\n<li>Cours de karat\u00e9<\/li>\n<li>Cours de yoga<\/li>\n<li>Ballet<\/li>\n<li>Sportball<\/li>\n<\/ul>\n<p>[\/vc_column_text][\/vc_column_inner][\/vc_row_inner][\/vc_tta_section][vc_tta_section i_icon_fontawesome=\u00a0\u00bbfa fa-users\u00a0\u00bb add_icon=\u00a0\u00bbtrue\u00a0\u00bb title=\u00a0\u00bbVolet Social\u00a0\u00bb tab_id=\u00a0\u00bb1516392902899-7c09fb2b-d887&Prime;][vc_column_text]Chez Montessori, avec l\u2019aide de leurs professeurs, les enfants deviennent autonomes. Ils n\u2019ont pas peur de faire les choses eux- m\u00eames, de demander de l\u2019aide lorsque necessaire, sans oublier d\u2019aider les autres.[\/vc_column_text][vc_custom_heading text=\u00a0\u00bbAptitudes sociales\u00a0\u00bb font_container=\u00a0\u00bbtag:h4|text_align:left\u00a0\u00bb use_theme_fonts=\u00a0\u00bbyes\u00a0\u00bb][vc_row_inner][vc_column_inner width=\u00a0\u00bb1\/2&Prime;][vc_column_text list-marker-style=\u00a0\u00bbcheck\u00a0\u00bb]<\/p>\n<ul>\n<li>Bien s\u2019entendre\u00a0avec nos camarades et amis<\/li>\n<li>Attendre son\u00a0tour<\/li>\n<li>Apprendre \u00e0 travailler en collaboration dans un groupe<\/li>\n<li>Apprendre \u00e0 diriger un groupe<\/li>\n<li>D\u00e9velopper sa confiance<\/li>\n<li>Apprendre \u00e0 r\u00e9soudre des probl\u00e8mes<\/li>\n<li>Savoir quand demander de l\u2019aide \u00e0 l\u2019enseignante si n\u00e9cessaire<\/li>\n<li>Parler \u00e0 un groupe<\/li>\n<\/ul>\n<p>[\/vc_column_text][\/vc_column_inner][vc_column_inner width=\u00a0\u00bb1\/2&Prime;][vc_column_text list-marker-style=\u00a0\u00bbcheck\u00a0\u00bb]<\/p>\n<ul>\n<li>Performer devant un groupe<\/li>\n<li>\u00catre capable de se concentrer pendant un spectacle<\/li>\n<li>Apprendre \u00e0 exprimer ses sentiments<\/li>\n<li>Apprentissage des limites de notre comportement<\/li>\n<li>\u00catre poli<\/li>\n<li>Apprendre \u00e0 correctement mettre\u00a0la table<\/li>\n<li>Avoir la confiance n\u00e9cessaire pour poser des questions et de participer \u00e0 une discussion de groupe<\/li>\n<\/ul>\n<p>[\/vc_column_text][\/vc_column_inner][\/vc_row_inner][\/vc_tta_section][\/vc_tta_tabs][vc_empty_space height=\u00a0\u00bb20px\u00a0\u00bb][\/vc_column][\/vc_row]<\/p>\n<\/div>","protected":false},"excerpt":{"rendered":"<p>[vc_row][vc_column width=\u00a0\u00bb6\/12&Prime;][vc_column_text]Les enfants qui graduent de la pr\u00e9-maternelle Montessori Pointe-Claire deviennent des leaders et auront une exp\u00e9rience positive lorsque viendra le temps de commencer l\u2019\u00e9cole. Les enfants auront non seulement ma\u00eetris\u00e9 les comp\u00e9tences scolaires, mais aussi d\u00e9velopp\u00e9 une conscience sociale. En exposant les enfants \u00e0 diff\u00e9rents sujets, notamment les langues, l\u2019art, la musique, les sciences, [&hellip;]<\/p>\n","protected":false},"author":1,"featured_media":0,"parent":784,"menu_order":0,"comment_status":"closed","ping_status":"closed","template":"","meta":{"_acf_changed":false,"footnotes":""},"class_list":["post-792","page","type-page","status-publish","hentry"],"acf":[],"_links":{"self":[{"href":"https:\/\/montessoripc.com\/fr\/wp-json\/wp\/v2\/pages\/792","targetHints":{"allow":["GET"]}}],"collection":[{"href":"https:\/\/montessoripc.com\/fr\/wp-json\/wp\/v2\/pages"}],"about":[{"href":"https:\/\/montessoripc.com\/fr\/wp-json\/wp\/v2\/types\/page"}],"author":[{"embeddable":true,"href":"https:\/\/montessoripc.com\/fr\/wp-json\/wp\/v2\/users\/1"}],"replies":[{"embeddable":true,"href":"https:\/\/montessoripc.com\/fr\/wp-json\/wp\/v2\/comments?post=792"}],"version-history":[{"count":24,"href":"https:\/\/montessoripc.com\/fr\/wp-json\/wp\/v2\/pages\/792\/revisions"}],"predecessor-version":[{"id":41221,"href":"https:\/\/montessoripc.com\/fr\/wp-json\/wp\/v2\/pages\/792\/revisions\/41221"}],"up":[{"embeddable":true,"href":"https:\/\/montessoripc.com\/fr\/wp-json\/wp\/v2\/pages\/784"}],"wp:attachment":[{"href":"https:\/\/montessoripc.com\/fr\/wp-json\/wp\/v2\/media?parent=792"}],"curies":[{"name":"wp","href":"https:\/\/api.w.org\/{rel}","templated":true}]}}