{"id":794,"date":"2014-12-04T17:55:32","date_gmt":"2014-12-04T17:55:32","guid":{"rendered":"https:\/\/montessoripc.com\/?page_id=794"},"modified":"2022-09-27T23:24:39","modified_gmt":"2022-09-27T23:24:39","slug":"curriculum-prescolaire","status":"publish","type":"page","link":"https:\/\/montessoripc.com\/fr\/lannee-scolaire\/curriculum-prescolaire\/","title":{"rendered":"Curriculum Pr\u00e9scolaire"},"content":{"rendered":"<div class=\"wpb-content-wrapper\"><p>[vc_row][vc_column width=\u00a0\u00bb6\/12&Prime;][vc_column_text]Les enfants viennent \u00e0 l&rsquo;\u00e9cole pour profiter de la vie avec leurs amis. En m\u00eame temps, vers l&rsquo;\u00e2ge de 3 ans, les enfants ma\u00eetrisent les comp\u00e9tences n\u00e9cessaires pour se concentrer et apprendre de mani\u00e8re autonome. De plus, les capacit\u00e9s motrices sont maintenant d\u00e9velopp\u00e9es et permettent \u00e0 l&rsquo;enfant d&rsquo;entreprendre des travaux scolaires plus d\u00e9taill\u00e9s. Gr\u00e2ce \u00e0 des activit\u00e9s individuelles et collectives vari\u00e9es, notre programme bilingue guide l&rsquo;enfant dans son d\u00e9veloppement et son apprentissage continus. Nos enfants de 3 ans ressentent le bonheur que procure l&rsquo;acquisition de nouvelles comp\u00e9tences.[\/vc_column_text][\/vc_column][vc_column width=\u00a0\u00bb1\/12&Prime;][\/vc_column][vc_column width=\u00a0\u00bb5\/12&Prime;][vc_single_image image=\u00a0\u00bb35096&Prime; img_size=\u00a0\u00bblarge\u00a0\u00bb alignment=\u00a0\u00bbcenter\u00a0\u00bb onclick=\u00a0\u00bblink_image\u00a0\u00bb][\/vc_column][\/vc_row][vc_row full_width=\u00a0\u00bbstretch_row\u00a0\u00bb css=\u00a0\u00bb.vc_custom_1606173258355{background-image: url(https:\/\/montessoripc.com\/wp-content\/uploads\/2018\/01\/montessori-purp-light.png?id=2270) !important;}\u00a0\u00bb][vc_column][vc_tta_tabs style=\u00a0\u00bbflat\u00a0\u00bb color=\u00a0\u00bbwhite\u00a0\u00bb spacing=\u00a0\u00bb5&Prime; active_section=\u00a0\u00bb1&Prime;][vc_tta_section i_icon_fontawesome=\u00a0\u00bbfa fa-graduation-cap\u00a0\u00bb add_icon=\u00a0\u00bbtrue\u00a0\u00bb title=\u00a0\u00bbVolet Acad\u00e9mique\u00a0\u00bb tab_id=\u00a0\u00bb1516392500187-67bde79a-e3a5&Prime;][vc_column_text]En pr\u00e9-maternelle, les enfants sont pr\u00eats pour un apprentissage acad\u00e9mique plus cibl\u00e9. Ils montrent un vif int\u00e9r\u00eat pour les chiffres, les lettres et l&rsquo;\u00e9criture. Des mat\u00e9riaux vari\u00e9s sont utilis\u00e9s pour encourager l&rsquo;apprentissage dans un environnement social et amical. En plus des r\u00e9sultats scolaires, l&rsquo;enfant d\u00e9veloppe un amour de l&rsquo;apprentissage et de l&rsquo;\u00e9cole qui durera toute sa vie.<\/p>\n<p>Tous les travaux sont effectu\u00e9s en anglais et en fran\u00e7ais.[\/vc_column_text][vc_row_inner][vc_column_inner width=\u00a0\u00bb1\/3&Prime;][vc_column_text list-marker-style=\u00a0\u00bbcheck\u00a0\u00bb]<strong>Lettres \/ Langue<\/strong><\/p>\n<ul>\n<li>Phon\u00e9tique &#8211; associer les lettres et leurs sons<\/li>\n<li>\u00c9crire des lettres<\/li>\n<li>S&rsquo;entra\u00eener \u00e0 \u00e9crire en copiant des mots<\/li>\n<li>D\u00e9velopper le vocabulaire<\/li>\n<li>Activit\u00e9s autour de l&rsquo;histoire<\/li>\n<li>Associer des lettres et des objets<\/li>\n<li>Activit\u00e9s de d\u00e9monstration et de narration pour d\u00e9velopper le langage oral<\/li>\n<li>Associer des mots \u00e0 des objets<\/li>\n<li>Reconnaissance de base des mots<\/li>\n<\/ul>\n<p>[\/vc_column_text][\/vc_column_inner][vc_column_inner width=\u00a0\u00bb1\/3&Prime;][vc_column_text list-marker-style=\u00a0\u00bbcheck\u00a0\u00bb]<strong>Nombres \/ Concepts math\u00e9matiques<\/strong><\/p>\n<ul>\n<li>Comprendre les quantit\u00e9s associ\u00e9es aux nombres<\/li>\n<li>Compter<\/li>\n<li>Comp\u00e9tences de base en mati\u00e8re d&rsquo;addition<\/li>\n<li>\u00c9crire les nombres<\/li>\n<li>D\u00e9velopper des comp\u00e9tences spatiales en utilisant des blocs et des mod\u00e8les.<\/li>\n<li>D\u00e9velopper le cerveau math\u00e9matique<\/li>\n<li>Jeux de chiffres (par exemple, le bingo des chiffres)<\/li>\n<li>Apprendre les formes g\u00e9om\u00e9triques<\/li>\n<\/ul>\n<p>[\/vc_column_text][\/vc_column_inner][vc_column_inner width=\u00a0\u00bb1\/3&Prime;][vc_column_text list-marker-style=\u00a0\u00bbcheck\u00a0\u00bb]<strong>Sciences<\/strong><\/p>\n<ul>\n<li>Planter\u00a0des graines<\/li>\n<li>D\u00e9couverte des animaux indig\u00e8nes au Qu\u00e9bec (y compris hibernation et migration)<\/li>\n<li>Insectes<\/li>\n<li>Amphibiens et l\u00e9zards<\/li>\n<li>R\u00e9alisation\u00a0d\u2019exp\u00e9riences scientifiques simples<\/li>\n<li>Apprentissage sur la nourriture saine et d\u2019o\u00f9 elle vient (lait, \u0153ufs, etc.)<\/li>\n<li>Concepts m\u00e9t\u00e9orologiques<\/li>\n<li>Saisons<\/li>\n<li>L\u2019horloge (concepts de temps)<\/li>\n<\/ul>\n<p>[\/vc_column_text][\/vc_column_inner][\/vc_row_inner][\/vc_tta_section][vc_tta_section i_icon_fontawesome=\u00a0\u00bbfa fa-paint-brush\u00a0\u00bb add_icon=\u00a0\u00bbtrue\u00a0\u00bb title=\u00a0\u00bbVolet Cr\u00e9atif\u00a0\u00bb tab_id=\u00a0\u00bb1516392500230-a829929e-4a78&Prime;][vc_row_inner][vc_column_inner width=\u00a0\u00bb1\/3&Prime;][vc_column_text list-marker-style=\u00a0\u00bbcheck\u00a0\u00bb]<strong>Musique:<\/strong><\/p>\n<ul>\n<li>Le\u00e7on une fois par semaine donn\u00e9e par notre sp\u00e9cialiste de musique (le mercredi ou le jeudi apr\u00e8s-midi)<\/li>\n<li>Activit\u00e9s musicales en classe<\/li>\n<li>Cr\u00e9ation d\u2019un orchestre<\/li>\n<li>Chant\u00a0avec les\u00a0professeurs<\/li>\n<li>Apprentissage de diff\u00e9rents types de musique lors des semaines th\u00e9matiques (par exemple la musique des Cara\u00efbes)<\/li>\n<li>\u00c9v\u00e9nements sp\u00e9ciaux avec des musiciens environ une fois aux deux mois pendant toute l\u2019ann\u00e9e<\/li>\n<\/ul>\n<p>[\/vc_column_text][\/vc_column_inner][vc_column_inner width=\u00a0\u00bb1\/3&Prime;][vc_column_text list-marker-style=\u00a0\u00bbcheck\u00a0\u00bb]<strong>Arts Plastiques<\/strong><\/p>\n<ul>\n<li>Temps de jeu libre, colorier avec des crayons de bois et crayons de cire, cr\u00e9ant nos propres cr\u00e9ations<\/li>\n<li>Pratiquer le\u00a0d\u00e9coupage avec des ciseaux<\/li>\n<li>Peinture<\/li>\n<li>Bricolage\u00a0avec notre professeur sp\u00e9cialiste en art plastique (activit\u00e9 sp\u00e9ciale offerte \u00e0 tous les\u00a0deux mois)<\/li>\n<li>Bricolage\u00a0avec nos professeurs pour d\u00e9corer nos babillards<\/li>\n<li>Bricolage\u00a0avec nos professeurs durant les f\u00eates sp\u00e9ciales (f\u00eate des m\u00e8res, etc.)<\/li>\n<li>Maquillage<\/li>\n<li>Bricolage\u00a0en plein air : craie, peinture de neige<\/li>\n<\/ul>\n<p>[\/vc_column_text][\/vc_column_inner][vc_column_inner width=\u00a0\u00bb1\/3&Prime;][vc_column_text list-marker-style=\u00a0\u00bbcheck\u00a0\u00bb]<strong>Th\u00e9\u00e2tre<\/strong><\/p>\n<ul>\n<li>Spectacles de marionnettes avec notre th\u00e9\u00e2tre de marionnettes et nos pantins<\/li>\n<li>Bo\u00eete de d\u00e9guisement<\/li>\n<li>Journ\u00e9e de d\u00e9guisement provenant de la maison<\/li>\n<li>Journ\u00e9e de chapeaux comiques<\/li>\n<li>Th\u00e9\u00e2tre de groupe performant avec des acteurs et\/ou avec des marionnettes comme \u00e9v\u00e8nement sp\u00e9cial<\/li>\n<li>Programme optionnel \u201cTh\u00e9\u00e2tre avec Barbara\u201d offert \u00e0 Montessori<\/li>\n<\/ul>\n<p>[\/vc_column_text][\/vc_column_inner][\/vc_row_inner][\/vc_tta_section][vc_tta_section i_icon_fontawesome=\u00a0\u00bbfa fa-futbol-o\u00a0\u00bb add_icon=\u00a0\u00bbtrue\u00a0\u00bb title=\u00a0\u00bbVolet Physique\u00a0\u00bb tab_id=\u00a0\u00bb1516392824156-4070a261-b4c2&Prime;][vc_row_inner][vc_column_inner][vc_column_text]L\u2019activit\u00e9 physique est une composante vitale du d\u00e9veloppement du cerveau. \u00c0 travers des activit\u00e9s non-comp\u00e9titives, les enfants sont encourag\u00e9s \u00e0 \u00eatre actif physiquement et apprennent \u00e0 \u00eatre en contr\u00f4le de leurs mouvements.[\/vc_column_text][\/vc_column_inner][\/vc_row_inner][vc_row_inner][vc_column_inner width=\u00a0\u00bb1\/3&Prime;][vc_column_text list-marker-style=\u00a0\u00bbcheck\u00a0\u00bb]<strong>A\u00e9robie et programme sportif<\/strong><\/p>\n<ul>\n<li>Jeux avec balles, cerceaux, ballons, \u00e9charpes<\/li>\n<li>A\u00e9robie de base<\/li>\n<li>Mini-courses de relais<\/li>\n<li>Jeux de chaises musicales de type \u00ab f\u00eate \u00bb<\/li>\n<li>Danse\/fige<\/li>\n<li>Introduction aux sports pleins airs<\/li>\n<li>Jeux de style \u201cOlympiques\u201d<\/li>\n<\/ul>\n<p>[\/vc_column_text][\/vc_column_inner][vc_column_inner width=\u00a0\u00bb1\/3&Prime;][vc_column_text list-marker-style=\u00a0\u00bbcheck\u00a0\u00bb]<strong>Activit\u00e9s d\u2019aire de jeu<\/strong><\/p>\n<ul>\n<li>Jeux avec nos amis<\/li>\n<li>Jeux sur le mat\u00e9riel de l\u2019air de jeu<\/li>\n<li>Jeux de sable<\/li>\n<li>Au cours de l\u2019\u00e9t\u00e9, nous jouons \u00e0 l\u2019ext\u00e9rieur deux fois par jour et en hiver une fois par jour (apr\u00e8s la collation du matin)<\/li>\n<\/ul>\n<p>[\/vc_column_text][\/vc_column_inner][vc_column_inner width=\u00a0\u00bb1\/3&Prime;][vc_column_text list-marker-style=\u00a0\u00bbcheck\u00a0\u00bb]<strong>Programmes facultatifs <\/strong><\/p>\n<p>Vous pouvez inscrire votre enfant \u00e0 ces programmes, moyennant des frais suppl\u00e9mentaires<\/p>\n<ul>\n<li>Gymnastique Wimgym (programme Kindergym offert dans les installations Wimgym)<\/li>\n<li>Cours de natation (au Centre aquatique de Pointe-Claire)<\/li>\n<li>Cours de karat\u00e9 (offert \u00e0 Montessori)<\/li>\n<li>Cours de yoga (offert \u00e0 Montessori jeudi matin)<\/li>\n<li>Ballet (offert \u00e0 Montessori)<\/li>\n<li>Sportball (offert \u00e0 Montessori)<\/li>\n<\/ul>\n<p>[\/vc_column_text][\/vc_column_inner][\/vc_row_inner][\/vc_tta_section][vc_tta_section i_icon_fontawesome=\u00a0\u00bbfa fa-users\u00a0\u00bb add_icon=\u00a0\u00bbtrue\u00a0\u00bb title=\u00a0\u00bbVolet Social\u00a0\u00bb tab_id=\u00a0\u00bb1516392902899-7c09fb2b-d887&Prime;][vc_column_text]Chez Montessori, avec l\u2019aide de leurs professeurs, les enfants deviennent autonomes. Ils n\u2019ont pas peur de faire les choses eux- m\u00eames, de demander de l\u2019aide lorsque necessaire, sans oublier d\u2019aider les autres.[\/vc_column_text][vc_custom_heading text=\u00a0\u00bbVolet Social\u00a0\u00bb font_container=\u00a0\u00bbtag:h4|text_align:left\u00a0\u00bb use_theme_fonts=\u00a0\u00bbyes\u00a0\u00bb][vc_row_inner][vc_column_inner width=\u00a0\u00bb1\/2&Prime;][vc_column_text list-marker-style=\u00a0\u00bbcheck\u00a0\u00bb]<\/p>\n<ul>\n<li>Bien s\u2019entendre avec nos camarades et amis<\/li>\n<li>Attendre notre tour<\/li>\n<li>Apprendre \u00e0 travailler en collaboration dans un groupe<\/li>\n<li>Apprendre \u00e0 diriger un groupe<\/li>\n<li>\u00catre confiant<\/li>\n<li>Apprendre \u00e0 r\u00e9soudre des probl\u00e8mes<\/li>\n<li>Savoir quand demander de l\u2019aide \u00e0 l\u2019enseignante si n\u00e9cessaire<\/li>\n<li>Parler \u00e0 un groupe<\/li>\n<\/ul>\n<p>[\/vc_column_text][\/vc_column_inner][vc_column_inner width=\u00a0\u00bb1\/2&Prime;][vc_column_text list-marker-style=\u00a0\u00bbcheck\u00a0\u00bb]<\/p>\n<ul>\n<li>Performer devant un groupe<\/li>\n<li>\u00catre capable de se concentrer pendant un spectacle<\/li>\n<li>Apprendre \u00e0 exprimer ses sentiments<\/li>\n<li>Apprentissage des limites de notre comportement<\/li>\n<li>\u00catre poli<\/li>\n<li>Apprendre \u00e0 correctement mettre\u00a0la table<\/li>\n<li>Avoir la confiance n\u00e9cessaire pour poser des questions et participer \u00e0 une discussion de groupe<\/li>\n<li><\/li>\n<\/ul>\n<p>[\/vc_column_text][\/vc_column_inner][\/vc_row_inner][\/vc_tta_section][\/vc_tta_tabs][vc_empty_space height=\u00a0\u00bb20px\u00a0\u00bb][\/vc_column][\/vc_row]<\/p>\n<\/div>","protected":false},"excerpt":{"rendered":"<p>[vc_row][vc_column width=\u00a0\u00bb6\/12&Prime;][vc_column_text]Les enfants viennent \u00e0 l&rsquo;\u00e9cole pour profiter de la vie avec leurs amis. En m\u00eame temps, vers l&rsquo;\u00e2ge de 3 ans, les enfants ma\u00eetrisent les comp\u00e9tences n\u00e9cessaires pour se concentrer et apprendre de mani\u00e8re autonome. De plus, les capacit\u00e9s motrices sont maintenant d\u00e9velopp\u00e9es et permettent \u00e0 l&rsquo;enfant d&rsquo;entreprendre des travaux scolaires plus d\u00e9taill\u00e9s. Gr\u00e2ce [&hellip;]<\/p>\n","protected":false},"author":1,"featured_media":0,"parent":784,"menu_order":0,"comment_status":"closed","ping_status":"closed","template":"","meta":{"_acf_changed":false,"footnotes":""},"class_list":["post-794","page","type-page","status-publish","hentry"],"acf":[],"_links":{"self":[{"href":"https:\/\/montessoripc.com\/fr\/wp-json\/wp\/v2\/pages\/794","targetHints":{"allow":["GET"]}}],"collection":[{"href":"https:\/\/montessoripc.com\/fr\/wp-json\/wp\/v2\/pages"}],"about":[{"href":"https:\/\/montessoripc.com\/fr\/wp-json\/wp\/v2\/types\/page"}],"author":[{"embeddable":true,"href":"https:\/\/montessoripc.com\/fr\/wp-json\/wp\/v2\/users\/1"}],"replies":[{"embeddable":true,"href":"https:\/\/montessoripc.com\/fr\/wp-json\/wp\/v2\/comments?post=794"}],"version-history":[{"count":28,"href":"https:\/\/montessoripc.com\/fr\/wp-json\/wp\/v2\/pages\/794\/revisions"}],"predecessor-version":[{"id":41217,"href":"https:\/\/montessoripc.com\/fr\/wp-json\/wp\/v2\/pages\/794\/revisions\/41217"}],"up":[{"embeddable":true,"href":"https:\/\/montessoripc.com\/fr\/wp-json\/wp\/v2\/pages\/784"}],"wp:attachment":[{"href":"https:\/\/montessoripc.com\/fr\/wp-json\/wp\/v2\/media?parent=794"}],"curies":[{"name":"wp","href":"https:\/\/api.w.org\/{rel}","templated":true}]}}