{"id":796,"date":"2014-12-04T17:59:16","date_gmt":"2014-12-04T17:59:16","guid":{"rendered":"https:\/\/montessoripc.com\/?page_id=796"},"modified":"2022-12-07T19:54:09","modified_gmt":"2022-12-07T19:54:09","slug":"choses-a-apporte-a-lecole","status":"publish","type":"page","link":"https:\/\/montessoripc.com\/fr\/lannee-scolaire\/choses-a-apporte-a-lecole\/","title":{"rendered":"Choses \u00e0 apporter \u00e0 l&rsquo;\u00e9cole"},"content":{"rendered":"<div class=\"wpb-content-wrapper\"><p>[vc_row][vc_column width=\u00a0\u00bb7\/12&Prime;][vc_column_text]Lorsque votre enfant commence sa\u00a0premi\u00e8re journ\u00e9e \u00e0 l\u2019\u00e9cole, s\u2019il vous pla\u00eet apporter les \u00e9l\u00e9ments suivants (qui resteront \u00e0 l\u2019\u00e9cole):<\/p>\n<ul>\n<li>Une paire de soulier pour l\u2019int\u00e9rieur. Nous pr\u00e9f\u00e9rons fortement les chaussures de course avec velcro (pour aider l\u2019enfant \u00e0 d\u00e9velopper l\u2019ind\u00e9pendance). TOUTES chaussures doivent avoir des semelles non marquantes (blanc).<\/li>\n<li>Deux changements complets de v\u00eatements dans un sac Ziploc: Chandail, pantalons, sous-v\u00eatements et chaussettes (ajustez selon la saison) Note: Pour les enfants de 4 et 5 ans, un seul changement de v\u00eatements est n\u00e9cessaire.<\/li>\n<li>Une petite couverture pour la sieste. Aucun oreiller s\u2019il vous pla\u00eet. (Note: une couverture n\u2019est pas n\u00e9cessaire pour les enfants inscrits \u00e0 la pr\u00e9-maternelle car il n\u2019y a pas de sieste.)<\/li>\n<\/ul>\n<p>Si votre enfant porte des couches:<\/p>\n<ul>\n<li>Groupe de 18 mois \u00e0 2 ans et demi (Classe 3) : apporter un grand sac de couches et une bo\u00eete de lingettes humides \u00e9paisses (non parfum\u00e9es). Les enseignantes vous fournirons une liste compl\u00e8te des \u00e9l\u00e9ments n\u00e9cessaires.<\/li>\n<li>Groupe de 2 ans et demi \u00e0 3 ans et demi (Classe 4) : votre enfant aura besoin des sous-v\u00eatements d\u2019entrainement (de type \u00ab Pull-Ups \u00bb) et non des couches. Les enseignantes vous fourniront une liste des \u00e9l\u00e9ments n\u00e9cessaires.<\/li>\n<\/ul>\n<p>Chaque jour o\u00f9\u00a0votre enfant fr\u00e9quente l\u2019\u00e9cole, il\/elle devra apporter :<\/p>\n<ul>\n<li>Deux collations (pour le matin et apr\u00e8s-midi) dans une bo\u00eete \u00e0 lunch isol\u00e9e avec un bloc \u00e0 r\u00e9frig\u00e9rer de type \u00ab\u00a0IcePack\u00a0\u00bb.<\/li>\n<\/ul>\n<p>[\/vc_column_text][\/vc_column][vc_column width=\u00a0\u00bb1\/12&Prime;][\/vc_column][vc_column width=\u00a0\u00bb4\/12&Prime;][vc_single_image image=\u00a0\u00bb40760&Prime; img_size=\u00a0\u00bblarge\u00a0\u00bb onclick=\u00a0\u00bblink_image\u00a0\u00bb][\/vc_column][\/vc_row][vc_row][vc_column][vc_custom_heading text=\u00a0\u00bbQue dois-je envoyer pour les collations?\u00a0\u00bb use_theme_fonts=\u00a0\u00bbyes\u00a0\u00bb][vc_row_inner][vc_column_inner width=\u00a0\u00bb7\/12&Prime;][vc_message message_box_color=\u00a0\u00bbdanger\u00a0\u00bb]<strong>LES COLLATIONS CONTENANT DES NOIX OU\u00a0\u00c9TIQUET\u00c9ES \u00ab\u00a0<em>PEUT CONTENIR DES TRACES DE NOIX<\/em>\u00a0\u00bb NE PEUVENT \u00caTRE ENVOY\u00c9ES \u00c0 L\u2019\u00c9COLE.\u00a0S\u2019IL VOUS PLA\u00ceT LIRE ATTENTIVEMENT LES \u00c9TIQUETTES.<\/strong>[\/vc_message][vc_column_text list-marker-style=\u00a0\u00bb0&Prime;]<\/p>\n<ul>\n<li>Des fruits ou l\u00e9gumes coup\u00e9s<\/li>\n<li>Yogourt (pas de yogourt en \u00ab tube \u00bb pour les enfants de 2 \u00e0 3 ans)<\/li>\n<li>Craquelins et fromage<\/li>\n<li>Muffin<\/li>\n<li>Petit sandwich<\/li>\n<li>COLLATIONS SANT\u00c9 (pas de chocolat ou bonbons!)<\/li>\n<\/ul>\n<p>Vous n\u2019avez pas besoin d\u2019envoyer de\u00a0jus, sauf si vous souhaitez le faire. Le lait est fourni \u00e0 l\u2019\u00e9cole pendant la collation.[\/vc_column_text][\/vc_column_inner][vc_column_inner width=\u00a0\u00bb1\/12&Prime;][\/vc_column_inner][vc_column_inner width=\u00a0\u00bb4\/12&Prime;][vc_single_image image=\u00a0\u00bb35081&Prime; img_size=\u00a0\u00bblarge\u00a0\u00bb onclick=\u00a0\u00bblink_image\u00a0\u00bb][\/vc_column_inner][\/vc_row_inner][\/vc_column][\/vc_row]<\/p>\n<\/div>","protected":false},"excerpt":{"rendered":"<p>[vc_row][vc_column width=\u00a0\u00bb7\/12&Prime;][vc_column_text]Lorsque votre enfant commence sa\u00a0premi\u00e8re journ\u00e9e \u00e0 l\u2019\u00e9cole, s\u2019il vous pla\u00eet apporter les \u00e9l\u00e9ments suivants (qui resteront \u00e0 l\u2019\u00e9cole): Une paire de soulier pour l\u2019int\u00e9rieur. Nous pr\u00e9f\u00e9rons fortement les chaussures de course avec velcro (pour aider l\u2019enfant \u00e0 d\u00e9velopper l\u2019ind\u00e9pendance). TOUTES chaussures doivent avoir des semelles non marquantes (blanc). Deux changements complets de v\u00eatements [&hellip;]<\/p>\n","protected":false},"author":1,"featured_media":0,"parent":784,"menu_order":0,"comment_status":"closed","ping_status":"closed","template":"","meta":{"_acf_changed":false,"footnotes":""},"class_list":["post-796","page","type-page","status-publish","hentry"],"acf":[],"_links":{"self":[{"href":"https:\/\/montessoripc.com\/fr\/wp-json\/wp\/v2\/pages\/796","targetHints":{"allow":["GET"]}}],"collection":[{"href":"https:\/\/montessoripc.com\/fr\/wp-json\/wp\/v2\/pages"}],"about":[{"href":"https:\/\/montessoripc.com\/fr\/wp-json\/wp\/v2\/types\/page"}],"author":[{"embeddable":true,"href":"https:\/\/montessoripc.com\/fr\/wp-json\/wp\/v2\/users\/1"}],"replies":[{"embeddable":true,"href":"https:\/\/montessoripc.com\/fr\/wp-json\/wp\/v2\/comments?post=796"}],"version-history":[{"count":28,"href":"https:\/\/montessoripc.com\/fr\/wp-json\/wp\/v2\/pages\/796\/revisions"}],"predecessor-version":[{"id":41717,"href":"https:\/\/montessoripc.com\/fr\/wp-json\/wp\/v2\/pages\/796\/revisions\/41717"}],"up":[{"embeddable":true,"href":"https:\/\/montessoripc.com\/fr\/wp-json\/wp\/v2\/pages\/784"}],"wp:attachment":[{"href":"https:\/\/montessoripc.com\/fr\/wp-json\/wp\/v2\/media?parent=796"}],"curies":[{"name":"wp","href":"https:\/\/api.w.org\/{rel}","templated":true}]}}