{"id":800,"date":"2014-12-04T18:15:09","date_gmt":"2014-12-04T18:15:09","guid":{"rendered":"https:\/\/montessoripc.com\/?page_id=800"},"modified":"2017-05-01T15:09:55","modified_gmt":"2017-05-01T15:09:55","slug":"activites-du-camp","status":"publish","type":"page","link":"https:\/\/montessoripc.com\/fr\/camp\/activites-du-camp\/","title":{"rendered":"Activit\u00e9s du Camp"},"content":{"rendered":"<h1>Activit\u00e9s du Camp<a href=\"https:\/\/montessoripc.com\/wp-content\/uploads\/2014\/07\/2014-05-30-12.41.50.jpg\"><img loading=\"lazy\" decoding=\"async\" class=\"alignright size-medium wp-image-127\" src=\"https:\/\/montessoripc.com\/wp-content\/uploads\/2014\/07\/2014-05-30-12.41.50-300x225.jpg\" alt=\"2014-05-30-12.41.50\" width=\"300\" height=\"225\" srcset=\"https:\/\/montessoripc.com\/wp-content\/uploads\/2014\/07\/2014-05-30-12.41.50-300x225.jpg 300w, https:\/\/montessoripc.com\/wp-content\/uploads\/2014\/07\/2014-05-30-12.41.50-100x75.jpg 100w, https:\/\/montessoripc.com\/wp-content\/uploads\/2014\/07\/2014-05-30-12.41.50-150x112.jpg 150w, https:\/\/montessoripc.com\/wp-content\/uploads\/2014\/07\/2014-05-30-12.41.50-200x150.jpg 200w, https:\/\/montessoripc.com\/wp-content\/uploads\/2014\/07\/2014-05-30-12.41.50-450x337.jpg 450w, https:\/\/montessoripc.com\/wp-content\/uploads\/2014\/07\/2014-05-30-12.41.50-600x450.jpg 600w, https:\/\/montessoripc.com\/wp-content\/uploads\/2014\/07\/2014-05-30-12.41.50-900x675.jpg 900w, https:\/\/montessoripc.com\/wp-content\/uploads\/2014\/07\/2014-05-30-12.41.50-160x120.jpg 160w, https:\/\/montessoripc.com\/wp-content\/uploads\/2014\/07\/2014-05-30-12.41.50.jpg 1000w\" sizes=\"auto, (max-width: 300px) 100vw, 300px\" \/><\/a><\/h1>\n<h2>Nous sommes ici pour passer un \u00e9t\u00e9 super agr\u00e9able avec vous!<\/h2>\n<ul>\n<li>Moniteurs de camp exp\u00e9riment\u00e9s<\/li>\n<li>Environnement s\u00e9curitaire<\/li>\n<li>Activit\u00e9s de qualit\u00e9, \u00e0 l&rsquo;int\u00e9rieur comme\u00a0\u00e0 l&rsquo;ext\u00e9rieur<\/li>\n<li>Journ\u00e9es th\u00e9matiques<\/li>\n<li>Bricolage, jeux, histoires, d\u00e9guisements, musique<\/li>\n<\/ul>\n<h2>Artistes Sp\u00e9ciaux<\/h2>\n<p><img loading=\"lazy\" decoding=\"async\" class=\"alignright size-medium wp-image-432\" src=\"https:\/\/montessoripc.com\/wp-content\/uploads\/2014\/08\/Barbara-At-Montessori-1-225x300.jpg\" alt=\"Barbara At Montessori - 1\" width=\"225\" height=\"300\" srcset=\"https:\/\/montessoripc.com\/wp-content\/uploads\/2014\/08\/Barbara-At-Montessori-1-225x300.jpg 225w, https:\/\/montessoripc.com\/wp-content\/uploads\/2014\/08\/Barbara-At-Montessori-1-768x1024.jpg 768w, https:\/\/montessoripc.com\/wp-content\/uploads\/2014\/08\/Barbara-At-Montessori-1-100x133.jpg 100w, https:\/\/montessoripc.com\/wp-content\/uploads\/2014\/08\/Barbara-At-Montessori-1-150x200.jpg 150w, https:\/\/montessoripc.com\/wp-content\/uploads\/2014\/08\/Barbara-At-Montessori-1-200x266.jpg 200w, https:\/\/montessoripc.com\/wp-content\/uploads\/2014\/08\/Barbara-At-Montessori-1-300x400.jpg 300w, https:\/\/montessoripc.com\/wp-content\/uploads\/2014\/08\/Barbara-At-Montessori-1-450x600.jpg 450w, https:\/\/montessoripc.com\/wp-content\/uploads\/2014\/08\/Barbara-At-Montessori-1-600x800.jpg 600w, https:\/\/montessoripc.com\/wp-content\/uploads\/2014\/08\/Barbara-At-Montessori-1-900x1200.jpg 900w, https:\/\/montessoripc.com\/wp-content\/uploads\/2014\/08\/Barbara-At-Montessori-1.jpg 1080w\" sizes=\"auto, (max-width: 225px) 100vw, 225px\" \/><\/p>\n<ul>\n<li>Spectacles de magie<\/li>\n<li>Concerts de musique<\/li>\n<\/ul>\n<h2>Programmes\u00a0Scientifiques<\/h2>\n<ul>\n<li>Programme de science<\/li>\n<li>\u00ab Visites \u00bb de reptiles et autres animaux<\/li>\n<li>Programmes de cuisine pour enfants avec nos chefs professionnels<\/li>\n<li>Activit\u00e9s de jardinage<\/li>\n<li>Exploration de la nature<\/li>\n<\/ul>\n<h2>Activit\u00e9s Physiques<\/h2>\n<h3>Programme d\u2019\u00c9ducation Physique et de Sports<\/h3>\n<p><img loading=\"lazy\" decoding=\"async\" class=\"alignright size-medium wp-image-429\" src=\"https:\/\/montessoripc.com\/wp-content\/uploads\/2014\/08\/14-9-225x300.jpg\" alt=\"14 - 9\" width=\"225\" height=\"300\" srcset=\"https:\/\/montessoripc.com\/wp-content\/uploads\/2014\/08\/14-9-225x300.jpg 225w, https:\/\/montessoripc.com\/wp-content\/uploads\/2014\/08\/14-9-768x1024.jpg 768w, https:\/\/montessoripc.com\/wp-content\/uploads\/2014\/08\/14-9-100x133.jpg 100w, https:\/\/montessoripc.com\/wp-content\/uploads\/2014\/08\/14-9-150x200.jpg 150w, https:\/\/montessoripc.com\/wp-content\/uploads\/2014\/08\/14-9-200x266.jpg 200w, https:\/\/montessoripc.com\/wp-content\/uploads\/2014\/08\/14-9-300x400.jpg 300w, https:\/\/montessoripc.com\/wp-content\/uploads\/2014\/08\/14-9-450x600.jpg 450w, https:\/\/montessoripc.com\/wp-content\/uploads\/2014\/08\/14-9-600x800.jpg 600w, https:\/\/montessoripc.com\/wp-content\/uploads\/2014\/08\/14-9-900x1200.jpg 900w, https:\/\/montessoripc.com\/wp-content\/uploads\/2014\/08\/14-9.jpg 1080w\" sizes=\"auto, (max-width: 225px) 100vw, 225px\" \/><\/p>\n<ul>\n<li>Jeux coop\u00e9ratifs en\u00a0plein air<\/li>\n<li>Introduction au soccer, badminton, balle-molle, hockey cosom<\/li>\n<li>Courses \u00e0\u00a0relais, jeux<\/li>\n<li>Activit\u00e9s mini-gymnase \u00e0 l&rsquo;int\u00e9rieur durant les jours de pluie<\/li>\n<\/ul>\n<h3>Cours de Natation<\/h3>\n<ul>\n<li><strong>Il s&rsquo;agit d&rsquo;un programme facultatif et une inscription s\u00e9par\u00e9e est requise (formulaire disponible)<\/strong><\/li>\n<li>Pour les enfants (propres)de 3 ans \u00a0et plus<\/li>\n<li>Le\u00e7ons de deux semaines en juillet et\/ou de deux semaines en ao\u00fbt<\/li>\n<li>Se d\u00e9roule \u00e0 l&rsquo;excellent\u00a0Centre Aquatique de Pointe-Claire<\/li>\n<\/ul>\n<h3>Jeux dans le Parc<\/h3>\n<ul>\n<li>Jouer dans notre spacieux terrain de jeux d&rsquo;un hectare tous les jours, matin et apr\u00e8s-midi<\/li>\n<li>Activit\u00e9s organis\u00e9es (jeux, bricolage)<\/li>\n<li>Pique-nique ext\u00e9rieur pour collation ou le d\u00eener dans notre zone de pique-nique<\/li>\n<li>Jouer dans le parc Northview (Viking); jeux pour bambin ou aire de jeux pour enfant, terrain de soccer, de baseball<\/li>\n<\/ul>\n<h3>Programme de Yoga<\/h3>\n<p><img loading=\"lazy\" decoding=\"async\" class=\"alignright wp-image-454 size-medium\" src=\"https:\/\/montessoripc.com\/wp-content\/uploads\/2014\/08\/IMG_20140505_093956-300x225.jpg\" alt=\"IMG_20140505_093956\" width=\"300\" height=\"225\" srcset=\"https:\/\/montessoripc.com\/wp-content\/uploads\/2014\/08\/IMG_20140505_093956-300x225.jpg 300w, https:\/\/montessoripc.com\/wp-content\/uploads\/2014\/08\/IMG_20140505_093956-1024x768.jpg 1024w, https:\/\/montessoripc.com\/wp-content\/uploads\/2014\/08\/IMG_20140505_093956-100x75.jpg 100w, https:\/\/montessoripc.com\/wp-content\/uploads\/2014\/08\/IMG_20140505_093956-150x112.jpg 150w, https:\/\/montessoripc.com\/wp-content\/uploads\/2014\/08\/IMG_20140505_093956-200x150.jpg 200w, https:\/\/montessoripc.com\/wp-content\/uploads\/2014\/08\/IMG_20140505_093956-450x337.jpg 450w, https:\/\/montessoripc.com\/wp-content\/uploads\/2014\/08\/IMG_20140505_093956-600x450.jpg 600w, https:\/\/montessoripc.com\/wp-content\/uploads\/2014\/08\/IMG_20140505_093956-900x675.jpg 900w, https:\/\/montessoripc.com\/wp-content\/uploads\/2014\/08\/IMG_20140505_093956-160x120.jpg 160w, https:\/\/montessoripc.com\/wp-content\/uploads\/2014\/08\/IMG_20140505_093956.jpg 1440w\" sizes=\"auto, (max-width: 300px) 100vw, 300px\" \/><\/p>\n<ul>\n<li>Instructeur certifi\u00e9 de yoga pour enfants<\/li>\n<li>Le programme enseigne la perception du corps et de la\u00a0respiration<\/li>\n<li>Des postures de yoga amusantes avec th\u00e9matique animale<\/li>\n<li>Le yoga b\u00e2tit la coordination, promeut la capacit\u00e9 d\u2019\u00e9coute et enseigne l\u2019autodiscipline<\/li>\n<\/ul>\n<h3>La danse, le th\u00e9\u00e2tre et le Zumba pour enfants<\/h3>\n<ul>\n<li>Diff\u00e9rentes formes de mouvement cr\u00e9atif pour les enfants<\/li>\n<li>Enseignants professionnels<\/li>\n<li>Utilise l&rsquo;imagination tout en faisant de l&rsquo;exercice amusant<\/li>\n<li>Les classes en plein air lorsque possible<\/li>\n<\/ul>\n<h2>F\u00eatez votre anniversaire d&rsquo;\u00e9t\u00e9 au camp!<a href=\"https:\/\/montessoripc.com\/wp-content\/uploads\/2014\/07\/2014-06-23-17.20.19.jpg\"><img loading=\"lazy\" decoding=\"async\" class=\"alignright size-medium wp-image-140\" src=\"https:\/\/montessoripc.com\/wp-content\/uploads\/2014\/07\/2014-06-23-17.20.19-225x300.jpg\" alt=\"2014-06-23-17.20.19\" width=\"225\" height=\"300\" srcset=\"https:\/\/montessoripc.com\/wp-content\/uploads\/2014\/07\/2014-06-23-17.20.19-225x300.jpg 225w, https:\/\/montessoripc.com\/wp-content\/uploads\/2014\/07\/2014-06-23-17.20.19-768x1024.jpg 768w, https:\/\/montessoripc.com\/wp-content\/uploads\/2014\/07\/2014-06-23-17.20.19-100x133.jpg 100w, https:\/\/montessoripc.com\/wp-content\/uploads\/2014\/07\/2014-06-23-17.20.19-150x199.jpg 150w, https:\/\/montessoripc.com\/wp-content\/uploads\/2014\/07\/2014-06-23-17.20.19-200x266.jpg 200w, https:\/\/montessoripc.com\/wp-content\/uploads\/2014\/07\/2014-06-23-17.20.19-300x399.jpg 300w, https:\/\/montessoripc.com\/wp-content\/uploads\/2014\/07\/2014-06-23-17.20.19-450x599.jpg 450w, https:\/\/montessoripc.com\/wp-content\/uploads\/2014\/07\/2014-06-23-17.20.19-600x799.jpg 600w, https:\/\/montessoripc.com\/wp-content\/uploads\/2014\/07\/2014-06-23-17.20.19-900x1199.jpg 900w, https:\/\/montessoripc.com\/wp-content\/uploads\/2014\/07\/2014-06-23-17.20.19.jpg 1000w\" sizes=\"auto, (max-width: 225px) 100vw, 225px\" \/><\/a><\/h2>\n<ul>\n<li>Nous vous pr\u00e9parerons un g\u00e2teau et une f\u00eate d&rsquo;anniversaire au camp<\/li>\n<li>Faites-nous savoir quel est le meilleur jour pour la c\u00e9l\u00e9bration<\/li>\n<\/ul>\n<h2>Sorties pour nos 6-7 ans; pour campeurs seniors seulement<\/h2>\n<ul>\n<li>Super\u00a0excursions dans la r\u00e9gion<\/li>\n<li>Transport par autobus scolaire ou par autobus de ville, tr\u00e8s bien supervis\u00e9<\/li>\n<li>Les parents ne paient que le co\u00fbt d&rsquo;entr\u00e9e \u00e0 l&rsquo;activit\u00e9 s&rsquo;il y a lieu<\/li>\n<li>Sorties r\u00e9guli\u00e8res comprennent Walter\u2019s Splash Pad \u00e0 Dorval, l&rsquo;\u00c9comus\u00e9e, Peinture sur c\u00e9ramique ou t-shirt \u00e0 Artista Caf\u00e9 et plus encore<\/li>\n<\/ul>\n","protected":false},"excerpt":{"rendered":"<p>Activit\u00e9s du Camp Nous sommes ici pour passer un \u00e9t\u00e9 super agr\u00e9able avec vous! Moniteurs de camp exp\u00e9riment\u00e9s Environnement s\u00e9curitaire Activit\u00e9s de qualit\u00e9, \u00e0 l&rsquo;int\u00e9rieur comme\u00a0\u00e0 l&rsquo;ext\u00e9rieur Journ\u00e9es th\u00e9matiques Bricolage, jeux, histoires, d\u00e9guisements, musique Artistes Sp\u00e9ciaux Spectacles de magie Concerts de musique Programmes\u00a0Scientifiques Programme de science \u00ab Visites \u00bb de reptiles et autres animaux Programmes [&hellip;]<\/p>\n","protected":false},"author":1,"featured_media":0,"parent":1339,"menu_order":0,"comment_status":"closed","ping_status":"closed","template":"","meta":{"_acf_changed":false,"footnotes":""},"class_list":["post-800","page","type-page","status-publish","hentry"],"acf":[],"_links":{"self":[{"href":"https:\/\/montessoripc.com\/fr\/wp-json\/wp\/v2\/pages\/800","targetHints":{"allow":["GET"]}}],"collection":[{"href":"https:\/\/montessoripc.com\/fr\/wp-json\/wp\/v2\/pages"}],"about":[{"href":"https:\/\/montessoripc.com\/fr\/wp-json\/wp\/v2\/types\/page"}],"author":[{"embeddable":true,"href":"https:\/\/montessoripc.com\/fr\/wp-json\/wp\/v2\/users\/1"}],"replies":[{"embeddable":true,"href":"https:\/\/montessoripc.com\/fr\/wp-json\/wp\/v2\/comments?post=800"}],"version-history":[{"count":5,"href":"https:\/\/montessoripc.com\/fr\/wp-json\/wp\/v2\/pages\/800\/revisions"}],"predecessor-version":[{"id":1286,"href":"https:\/\/montessoripc.com\/fr\/wp-json\/wp\/v2\/pages\/800\/revisions\/1286"}],"up":[{"embeddable":true,"href":"https:\/\/montessoripc.com\/fr\/wp-json\/wp\/v2\/pages\/1339"}],"wp:attachment":[{"href":"https:\/\/montessoripc.com\/fr\/wp-json\/wp\/v2\/media?parent=800"}],"curies":[{"name":"wp","href":"https:\/\/api.w.org\/{rel}","templated":true}]}}