{"id":803,"date":"2014-12-04T18:21:18","date_gmt":"2014-12-04T18:21:18","guid":{"rendered":"https:\/\/montessoripc.com\/?page_id=803"},"modified":"2020-11-23T22:41:37","modified_gmt":"2020-11-23T22:41:37","slug":"montessori-camp-schedule-page-horaire-du-camp","status":"publish","type":"page","link":"https:\/\/montessoripc.com\/fr\/camp\/montessori-camp-schedule-page-horaire-du-camp\/","title":{"rendered":"Horaire du Camp"},"content":{"rendered":"<div class=\"wpb-content-wrapper\"><p>[vc_row][vc_column][vc_row_inner][vc_column_inner width=\u00a0\u00bb2\/3&Prime;][vc_column_text]Le tableau suivant est fourni pour permettre aux parents d\u2019avoir une id\u00e9e de la fa\u00e7on dont la journ\u00e9e de l\u2019enfant est structur\u00e9e. Les horaires sont approximatifs, car nous pouvons rester \u00e0 l\u2019ext\u00e9rieur un peu plus longtemps durant les belles journ\u00e9es, tandis que dans les journ\u00e9es chaudes, nous pouvons revenir \u00e0 l\u2019int\u00e9rieur pour faire certaines activit\u00e9s de gymnastique ou des p\u00e9riodes de jeux libre. L\u2019\u00e9t\u00e9 nous essayons de sortir autant que possible. Nous pouvons prendre la collation \u00e0 l\u2019ext\u00e9rieur, faire des arts et du bricolage en plein air, ou avoir notre classe de yoga \u00e0 l\u2019ext\u00e9rieur. Nous aimons l\u2019\u00e9t\u00e9!<br \/>\n[\/vc_column_text][\/vc_column_inner][vc_column_inner width=\u00a0\u00bb1\/3&Prime;][vc_single_image image=\u00a0\u00bb33406&Prime; img_size=\u00a0\u00bblarge\u00a0\u00bb alignment=\u00a0\u00bbright\u00a0\u00bb onclick=\u00a0\u00bblink_image\u00a0\u00bb][\/vc_column_inner][\/vc_row_inner][vc_raw_html]PHRhYmxlPg0KPHRib2R5Pg0KPHRyPg0KPHRkPjc6MDAtODowMCBhbTwvdGQ+DQo8dGQ+SmV1IGxpYnJlIHN1cGVydmlzw6kgcG91ciB0b3VzIGxlcyDDomdlcy4gTGVzIGVuZmFudHMgc29udCBsaWJyZXMgZGUgam91ZXIgYXZlYyBsZXMgam91ZXRzIGRlIGxhIGNsYXNzZSB0b3V0IGVuIHByb2ZpdGFudCBkZSBsYSBjb21wYWduaWUgZGUgbGV1cnMgcHJlbWllcnMgYW1pcyBkdSBtYXRpbi4gTGVzIGFjdGl2aXTDqXMgc29udCBlbmNhZHLDqWVzIHBhciBub3RyZSBwZXJzb25uZWwgZGUgY2FtcCBzZW5pb3IuIEzigJllbmZhbnQgcGV1dCBhcHBvcnRlciB1bmUgcGV0aXRlIGNvbGxhdGlvbiBwb3VyIG1hbmdlciBwZW5kYW50IGNlIHRlbXBzLiBFbnRyZSA3IDo0NSDigJMgODowMCBsZXMgZW5mYW50cyBzZXJvbnQgcHJpcyBlbiBjaGFyZ2UgcGFyIGxldXIgbW9uaXRldXIgZGUgY2FtcCBldCBpcm9ucyDDoCBsZXVycyBjbGFzc2VzIHJlc3BlY3RpdmVzLjwvdGQ+DQo8L3RyPg0KPHRyPg0KPHRkPjg6MDAtOTozMCBhbTwvdGQ+DQo8dGQ+QWN0aXZpdMOpcyBkYW5zIGxlcyBzYWxsZXMgZGUgY2xhc3NlLiBMZXMgamV1eCBzb250IG9yZ2FuaXPDqXMgcGFyIGxlcyBtb25pdGV1cnMmbmJzcDtkdSBjYW1wLiBDaGFxdWUgc2VtYWluZSBhIHVuIHRow6htZSBzcMOpY2lhbCBhdXRvdXIgZHVxdWVsJm5ic3A7aWwgeSBhdXJhIGRlcyBoaXN0b2lyZXMsIGRlcyBqZXV4LCBkdSBicmljb2xhZ2UgZXQgZOKAmWF1dHJlcyBhY3Rpdml0w6lzLiBM4oCZYWNjZW50IGVzdCBtaXMgc3VyIGxhIHNvY2lhbGlzYXRpb24gYXZlYyBub3MgYW1pcyB0b3V0IGVuIGpvdWFudCDDoCBkZXMgamV1eCBkZSBjYW1wcyBhbXVzYW50cy48L3RkPg0KPC90cj4NCjx0cj4NCjx0ZD45OjMwLTk6NDUgYW08L3RkPg0KPHRkPkzigJloZXVyZSBkdSBHcmFuZCBDZXJjbGUuIFVuZSBhY3Rpdml0w6kgZGUgZ3JvdXBlIG\/DuSBs4oCZb24gcGV1dCBjaGFudGVyLCBkYW5zZXIsIHJhY29udGVyIHVuZSBoaXN0b2lyZSwgb3UgYXZvaXIgdW5lIGRpc2N1c3Npb24uIMOAIGxhIGZpbiBkdSBHcmFuZCBDZXJjbGUsIG5vdXMgYWxsb25zIG5vdXMgbGF2ZXIgbGVzIG1haW5zIGF2YW50IGRlIHByZW5kcmUgbGEgY29sbGF0aW9uLjwvdGQ+DQo8L3RyPg0KPHRyPg0KPHRkPjk6NDUtMTA6MTUgYW08L3RkPg0KPHRkPkhldXJlIGRlIGxhIGNvbGxhdGlvbi4gQXUgY2FtcCwgbGEgY29sbGF0aW9uIHBldXQgw6p0cmUgcHJpc2Ugw6AgbOKAmWludMOpcmlldXIgb3Ugw6AgbOKAmWV4dMOpcmlldXIuIExhIGNvbGxhdGlvbiBlc3QgZW52b3nDqWUgZGUgbGEgbWFpc29uIGV0IGRvaXQgw6p0cmUgZXhlbXB0ZSZuYnNwO2RlIHRvdXRlcyB0cmFjZXMgZOKAmWFyYWNoaWRlcyBvdSBkZSBub2l4LjwvdGQ+DQo8L3RyPg0KPHRyPg0KPHRkPjEwOjE1LTExOjMwIGFtPC90ZD4NCjx0ZD5UZW1wcyBkZSBqZXUgw6AgbOKAmWV4dMOpcmlldXIgb8O5IGzigJlvbiBwZXV0IGV4cGxvcmVyIGxlIGdyYW5kIHRlcnJhaW4gZGUgamV1LCBqb3VlciDDoCBkZXMgamV1eCBjcsOpYXRpZnMgYXZlYyBub3MgYW1pcywgb3UgcGFydGljaXBlciDDoCBkZXMgamV1eCBkZSBjYW1wIG9yZ2FuaXPDqXMgcGFyJm5ic3A7bm9zIG1vbml0ZXVycyZuYnNwO2RlIGNhbXAuIFNpIGxlIHRlbXBzIG5lIHBlcm1ldCBwYXMgZGUgam91ZXIgZW4gcGxlaW4gYWlyIGxlcyBqZXV4Jm5ic3A7YXVyb250Jm5ic3A7bGlldSDDoCBs4oCZaW50w6lyaWV1ci48L3RkPg0KPC90cj4NCjx0cj4NCjx0ZD4xMTozMCBhbS0xMjo0NSBwbTwvdGQ+DQo8dGQ+TOKAmWhldXJlIGR1IGTDrm5lci4gVW4gZMOpbGljaWV1eCBkw65uZXIgbnV0cml0aWYgZmFpdCBtYWlzb24gZXN0IHByw6lwYXLDqSBzdXIgcGxhY2UmbmJzcDtlbiBu4oCZdXRpbGlzYW50IHF1ZSBsZXMgbWVpbGxldXJzIGluZ3LDqWRpZW50cy4gTGUgbWVudSBkdSBtaWRpIHNlIHRyb3V2ZSBzdXIgbm9zIGNhbGVuZHJpZXJzIGRlIGNhbXAgaGViZG9tYWRhaXJlcy48L3RkPg0KPC90cj4NCjx0cj4NCjx0ZD4xMjo0NS0yOjE1IHBtPC90ZD4NCjx0ZD5IZXVyZSBkZSBsYSBzaWVzdGUgcG91ciBsZXMgamV1bmVzIGVuZmFudHMuIEFwcsOocyBsZSBkw65uZXIgbm91cyBwb3V2b25zIGZhaXJlJm5ic3A7ZGVzIGFjdGl2aXTDqXMgY2FsbWVzIHBvdXIgbGVzIGVuZmFudHMgcGx1cyDDomfDqXMgb3UgcG91cnN1aXZyZSBsZXMgamV1eCBlbiBwbGVpbiBhaXIgZXQgbGVzIGFjdGl2aXTDqXMgYXZlYyBub3Mgc3DDqWNpYWxpc3Rlcy48L3RkPg0KPC90cj4NCjx0cj4NCjx0ZD5BY3Rpdml0w6lzIGTigJlhcHLDqHMtbWlkaSAoc3VpdGUgw6AgbGEgc2llc3RlIGp1c3F14oCZw6AgZW52aXJvbiAxNiA6MDApPC90ZD4NCjx0ZD5BcHLDqHMgbGEgc2llc3RlLCBub3VzIGNvbnRpbnVvbnMgYXZlYyBkZXMgamV1eCBldCBkdSBicmljb2xhZ2UmbmJzcDtlbiBjbGFzc2UgYWluc2kgcXVlIG5vdHJlIGFjdGl2aXTDqSBhdmVjIHVuIGRlIG5vcyBzcMOpY2lhbGlzdGVzLjwvdGQ+DQo8L3RyPg0KPHRyPg0KPHRkIGNvbHNwYW49IjIiPkFjdGl2aXTDqSBhdmVjIG5vcyBzcMOpY2lhbGlzdGVzIChpbCB5IGF1cmEgdW4gc3DDqWNpYWxpc3RlIMOgIHRvdXMgbGVzIGpvdXJzKS4gTGVzIGhldXJlcyBzb250IGFwcHJveGltYXRpdmUgZXQgZMOpcGVuZGUgZHUgdHlwZSBk4oCZYWN0aXZpdMOpPGJyPg0KMTQ6MDAtMTQ6MzAg4oCTIDQgMS8yLTUgYW5zPGJyPg0KMTQ6MzAtMTU6MDAg4oCTIDMgMS8yLTQgMS8yIGFuczxicj4NCjE1OjAwLTE1OiAzMCAxIDEvMi0yIDEvMiBhbnM8YnI+DQoxNTozMC0xNjowMCDigJMgMiAxLzItMyBhbnM8YnI+DQpMZXMgYWN0aXZpdMOpcyBzb250IGzigJl1bmUgZGVzIHN1aXZhbnRlczogWW9nYSwgZMOpY291dmVydGUgZGVzIHNjaWVuY2VzLCB2aXNpdGVzIHJlcHRpbGVzLCBzcGVjdGFjbGUgZGUgbWFnaWUsIHNwZWN0YWNsZSBkZSBjbG93biwgY29uY2VydCBkZSBtdXNpcXVlLCBjb3VycyZuYnNwO2RlIGN1aXNpbmUsIGNvdXJzJm5ic3A7ZGUgamFyZGluYWdlLCBpbml0aWF0aW9uIMOgIGxhIGRhbnNlIGV0IG1pc2UgZW4mbmJzcDtmb3JtZSwga2FyYXTDqS48L3RkPg0KPC90cj4NCjx0cj4NCjx0ZD5HcmFuZCBDZXJjbGUgZXQgY29sbGF0aW9uIGTigJlhcHLDqHMtbWlkaTwvdGQ+DQo8dGQ+Q29tbWUgZGFucyBsYSBtYXRpbsOpZSwgbm91cyBub3VzIHLDqXVuaXNzb25zIHBvdXIgdW5lIGFjdGl2aXTDqSBkZSBncm91cGUgwqsgR3JhbmQgQ2VyY2xlIMK7LCBzdWl2aWUgcGFyIGxhJm5ic3A7Y29sbGF0aW9uLiBMYSBjb2xsYXRpb24gZXN0IGNvbnNvbW3DqWUganVzdGUgYXZhbnQgb3UganVzdGUgYXByw6hzIGzigJlhY3Rpdml0w6kgYXZlYyBub3RyZSBzcMOpY2lhbGlzdGUuPC90ZD4NCjwvdHI+DQo8dHI+DQo8dGQ+NDowMC02OjAwIHBtPC90ZD4NCjx0ZD5Ob3RlOiBBcHLDqHMgMTggaGV1cmVzIGlsIHkgYSBkZXMmbmJzcDtmcmFpcyBkZSByZXRhcmQgZGUgMSQvbWludXRlLCBwYXlhYmxlIMOgIGzigJllbnNlaWduYW50ZSBlbiBjaGFyZ2UuVGVtcHMgZGUgamV1IMOgIGzigJlleHTDqXJpZXVyLiBEZXMgamV1eCB0ZWxzIHF1ZSBsZSBtaW5pLWdvbGYsIGhvY2tleSDCqyBkZSBydWUgwrssIGJhZG1pbnRvbiwgY291cnNlcyBkZSByZWxhaXMgZXQgZOKAmWF1dHJlcyBhY3Rpdml0w6lzIGx1ZGlxdWVzIHNvbnQgb3JnYW5pc8OpZXMgw6AgbOKAmWV4dMOpcmlldXIgcG91ciBub3MgY2FtcGV1cnMuIEVuIGNhcyBkZSBwbHVpZSwgbGVzIGFjdGl2aXTDqXMgYXVyb250IGxpZXUgw6AgbOKAmWludMOpcmlldXIuIER1cmFudCBsZXMgam91cm7DqWVzIGNoYXVkZXMsIG5vdXMgYXVyb25zIGRlcyDCqyBqZXV4IGTigJllYXUgwrsgKGNvdXJpciDDoCB0cmF2ZXJzIGxlcyBnaWNsZXVycyBldCBqb3VlciBkYW5zIGxlcyBwYXRhdWdlb2lyZXMpIGRvbmMgbGVzIGNhbXBldXJzIHNvbnQgaW52aXTDqXMgw6AgYXBwb3J0ZXIgdW4gbWFpbGxvdCBkZSBiYWluIGV0IHNlcnZpZXR0ZSBwb3VyIGxlIGdhcmRlciBkYW5zIGxldXIgY2FzaWVyLjwvdGQ+DQo8L3RyPg0KPC90Ym9keT4NCjwvdGFibGU+[\/vc_raw_html][\/vc_column][\/vc_row][vc_row][vc_column][vc_custom_heading text=\u00a0\u00bbJours de le\u00e7ons de Natation (pour les enfants inscrits)\u00a0\u00bb use_theme_fonts=\u00a0\u00bbyes\u00a0\u00bb][vc_raw_html]PHRhYmxlPg0KPHRib2R5Pg0KPHRyPg0KPHRkPjk6MDAtOToyMCBhbTwvdGQ+DQo8dGQ+Q29sbGF0aW9uPC90ZD4NCjwvdHI+DQo8dHI+DQo8dGQ+OTozMCBhbTwvdGQ+DQo8dGQ+RMOpcGFydCBkZSBs4oCZYXV0b2J1cyB2ZXJzIGxhIHBpc2NpbmU8L3RkPg0KPC90cj4NCjx0cj4NCjx0ZD4xMDoxNS0xMTo0NSBhbTwvdGQ+DQo8dGQ+Q291cnMgZGUgbmF0YXRpb248L3RkPg0KPC90cj4NCjx0cj4NCjx0ZD4xMTo0NS0xMToxNSBhbTwvdGQ+DQo8dGQ+SmV1IGxpYnJlIGRhbnMgbGEgcGF0YXVnZW9pcmU8L3RkPg0KPC90cj4NCjx0cj4NCjx0ZD4xMTozMCBhbTwvdGQ+DQo8dGQ+UmV0b3VyIHZlcnMgTW9udGVzc29yaTwvdGQ+DQo8L3RyPg0KPC90Ym9keT4NCjwvdGFibGU+[\/vc_raw_html][\/vc_column][\/vc_row]<\/p>\n<\/div>","protected":false},"excerpt":{"rendered":"<p>[vc_row][vc_column][vc_row_inner][vc_column_inner width=\u00a0\u00bb2\/3&Prime;][vc_column_text]Le tableau suivant est fourni pour permettre aux parents d\u2019avoir une id\u00e9e de la fa\u00e7on dont la journ\u00e9e de l\u2019enfant est structur\u00e9e. Les horaires sont approximatifs, car nous pouvons rester \u00e0 l\u2019ext\u00e9rieur un peu plus longtemps durant les belles journ\u00e9es, tandis que dans les journ\u00e9es chaudes, nous pouvons revenir \u00e0 l\u2019int\u00e9rieur pour faire certaines [&hellip;]<\/p>\n","protected":false},"author":1,"featured_media":0,"parent":1339,"menu_order":0,"comment_status":"closed","ping_status":"closed","template":"","meta":{"_acf_changed":false,"footnotes":""},"class_list":["post-803","page","type-page","status-publish","hentry"],"acf":[],"_links":{"self":[{"href":"https:\/\/montessoripc.com\/fr\/wp-json\/wp\/v2\/pages\/803","targetHints":{"allow":["GET"]}}],"collection":[{"href":"https:\/\/montessoripc.com\/fr\/wp-json\/wp\/v2\/pages"}],"about":[{"href":"https:\/\/montessoripc.com\/fr\/wp-json\/wp\/v2\/types\/page"}],"author":[{"embeddable":true,"href":"https:\/\/montessoripc.com\/fr\/wp-json\/wp\/v2\/users\/1"}],"replies":[{"embeddable":true,"href":"https:\/\/montessoripc.com\/fr\/wp-json\/wp\/v2\/comments?post=803"}],"version-history":[{"count":7,"href":"https:\/\/montessoripc.com\/fr\/wp-json\/wp\/v2\/pages\/803\/revisions"}],"predecessor-version":[{"id":33790,"href":"https:\/\/montessoripc.com\/fr\/wp-json\/wp\/v2\/pages\/803\/revisions\/33790"}],"up":[{"embeddable":true,"href":"https:\/\/montessoripc.com\/fr\/wp-json\/wp\/v2\/pages\/1339"}],"wp:attachment":[{"href":"https:\/\/montessoripc.com\/fr\/wp-json\/wp\/v2\/media?parent=803"}],"curies":[{"name":"wp","href":"https:\/\/api.w.org\/{rel}","templated":true}]}}