{"id":806,"date":"2014-12-04T18:25:19","date_gmt":"2014-12-04T18:25:19","guid":{"rendered":"https:\/\/montessoripc.com\/?page_id=806"},"modified":"2020-11-23T22:55:16","modified_gmt":"2020-11-23T22:55:16","slug":"grade-de-natation","status":"publish","type":"page","link":"https:\/\/montessoripc.com\/fr\/camp\/grade-de-natation\/","title":{"rendered":"Grade de Natation"},"content":{"rendered":"<div class=\"wpb-content-wrapper\"><p>[vc_row][vc_column][vc_column_text]Ces descriptions sont fournies par le\u00a0<a title=\"Pointe Claire\" href=\"http:\/\/ville.pointe-claire.qc.ca\/\" target=\"_blank\" rel=\"noopener noreferrer\">Centre Aquatique de Pointe-Claire.<\/a><\/p>\n<p>Il y a 8 grades\u00a0de natation, allant de d\u00e9butant \u00e0 nageur accompli.<\/p>\n<p>Les exigences d\u00e9taill\u00e9es pour chaque niveau sont \u00e9num\u00e9r\u00e9es ci-dessous. Un enfant doit ma\u00eetriser toutes les comp\u00e9tences de chaque niveau avant de passer au\u00a0niveau\u00a0suivant. Afin de pr\u00e9server l\u2019int\u00e9grit\u00e9 de chaque classe, nous nous r\u00e9servons le droit de transf\u00e9rer les enfants qui ne sont pas dans le bon niveau.[\/vc_column_text][vc_row_inner][vc_column_inner width=\u00a0\u00bb2\/3&Prime;][vc_column_text]<strong>Blanc 3 \u00e0 7 ans<\/strong><\/p>\n<ul>\n<li>Sauter dans l\u2019eau avec un ballon dorsal, sans aide<\/li>\n<li>Nager 12 m\u00e8tres (une largeur) avec un ballon dorsal\u00a0et des mouvements de bras vers l\u2019avant<\/li>\n<li>Faire des bulles en nageant avec un ballon dorsal<\/li>\n<li>Nager\u00a0deux m\u00e8tres sans aide, le visage dans l\u2019eau (sans sauter)<\/li>\n<li>Flotter sur le dos avec un soutien\u00a0sous la t\u00eate<\/li>\n<\/ul>\n<p>[\/vc_column_text][vc_column_text]<strong>Jaune 3 \u00e0 7 ans<\/strong><\/p>\n<ul>\n<li>Sauter dans l\u2019eau sans aide<\/li>\n<li>D\u00e9montrer un glissement ventral et dorsal<\/li>\n<li>Nager\u00a012 m\u00e8tres (une largeur) sans aide,\u00a0sans ballon dorsal et avec le visage dans l\u2019eau<\/li>\n<li>Flotter sur le ventre et sur le dos, sans aide (5 secondes)<\/li>\n<\/ul>\n<p>[\/vc_column_text][vc_column_text]<strong>Vert 4 \u00e0 11 ans<\/strong><\/p>\n<ul>\n<li>D\u00e9part en position hydrodynamique ventrale avec battements de jambes sur une longueur de six m\u00e8tres<\/li>\n<li>Crawl : 12 m\u00e8tres (une largeur) avec le visage dans l\u2019eau et les bras sortis de l\u2019eau, en commen\u00e7ant la respiration sur le c\u00f4t\u00e9<\/li>\n<li>Nage d\u2019endurance : 24 m\u00e8tres sans arr\u00eat<\/li>\n<li>Nage sur le dos : battements de jambes sur une largeur de 12 m\u00e8tres avec la t\u00eate vers l\u2019arri\u00e8re et position horizontale du corps<\/li>\n<li>Roulade en surface (du dos au ventre et du ventre au dos)<\/li>\n<li>R\u00e9cup\u00e9rer un objet au fond de la piscine<\/li>\n<\/ul>\n<p>[\/vc_column_text][\/vc_column_inner][vc_column_inner width=\u00a0\u00bb1\/3&Prime;][vc_single_image image=\u00a0\u00bb33803&Prime; img_size=\u00a0\u00bblarge\u00a0\u00bb alignment=\u00a0\u00bbright\u00a0\u00bb onclick=\u00a0\u00bblink_image\u00a0\u00bb][\/vc_column_inner][\/vc_row_inner][vc_row_inner][vc_column_inner width=\u00a0\u00bb2\/3&Prime;][vc_column_text]<strong>Rouge 5 \u00e0 15 ans<\/strong><\/p>\n<ul>\n<li>D\u00e9part submerg\u00e9 en position hydrodynamique ventrale avec battements de jambes<\/li>\n<li>Crawl : 25 m\u00e8tres avec respiration commen\u00e7ant sur le c\u00f4t\u00e9 et extension compl\u00e8te des bras<\/li>\n<li>Nage sur le dos : battements de jambes seulement sur 25 m\u00e8tres et position horizontale du corps<\/li>\n<li>Nage sur le dos : 12 m\u00e8tres (une largeur)<\/li>\n<\/ul>\n<p>[\/vc_column_text][vc_column_text]<strong>Bleu 6 \u00e0 16 ans<\/strong><\/p>\n<ul>\n<li>D\u00e9part en position hydrodynamique dorsale<\/li>\n<li>Crawl sur une longueur de 50 m\u00e8tres<\/li>\n<li>Nage sur le dos : 25 m\u00e8tres<\/li>\n<li>Brasse : coups de pied seulement, 25 m\u00e8tres<\/li>\n<\/ul>\n<p>[\/vc_column_text][vc_column_text]<strong>Bronze 7 \u00e0 16 ans<\/strong><\/p>\n<ul>\n<li>Crawl : 50 m\u00e8tres avec combinaison de mouvements<\/li>\n<li>Nage sur le dos : 50 m\u00e8tres avec combinaison de mouvements<\/li>\n<li>Brasse : 50 m\u00e8tres avec combinaison de mouvements<\/li>\n<li>Introduction aux d\u00e9parts<\/li>\n<\/ul>\n<p>[\/vc_column_text][\/vc_column_inner][vc_column_inner width=\u00a0\u00bb1\/3&Prime;][vc_single_image image=\u00a0\u00bb33804&Prime; img_size=\u00a0\u00bblarge\u00a0\u00bb alignment=\u00a0\u00bbright\u00a0\u00bb onclick=\u00a0\u00bblink_image\u00a0\u00bb][\/vc_column_inner][\/vc_row_inner][\/vc_column][\/vc_row]<\/p>\n<\/div>","protected":false},"excerpt":{"rendered":"<p>[vc_row][vc_column][vc_column_text]Ces descriptions sont fournies par le\u00a0Centre Aquatique de Pointe-Claire. Il y a 8 grades\u00a0de natation, allant de d\u00e9butant \u00e0 nageur accompli. Les exigences d\u00e9taill\u00e9es pour chaque niveau sont \u00e9num\u00e9r\u00e9es ci-dessous. Un enfant doit ma\u00eetriser toutes les comp\u00e9tences de chaque niveau avant de passer au\u00a0niveau\u00a0suivant. Afin de pr\u00e9server l\u2019int\u00e9grit\u00e9 de chaque classe, nous nous r\u00e9servons le [&hellip;]<\/p>\n","protected":false},"author":1,"featured_media":0,"parent":1339,"menu_order":0,"comment_status":"closed","ping_status":"closed","template":"","meta":{"_acf_changed":false,"footnotes":""},"class_list":["post-806","page","type-page","status-publish","hentry"],"acf":[],"_links":{"self":[{"href":"https:\/\/montessoripc.com\/fr\/wp-json\/wp\/v2\/pages\/806","targetHints":{"allow":["GET"]}}],"collection":[{"href":"https:\/\/montessoripc.com\/fr\/wp-json\/wp\/v2\/pages"}],"about":[{"href":"https:\/\/montessoripc.com\/fr\/wp-json\/wp\/v2\/types\/page"}],"author":[{"embeddable":true,"href":"https:\/\/montessoripc.com\/fr\/wp-json\/wp\/v2\/users\/1"}],"replies":[{"embeddable":true,"href":"https:\/\/montessoripc.com\/fr\/wp-json\/wp\/v2\/comments?post=806"}],"version-history":[{"count":7,"href":"https:\/\/montessoripc.com\/fr\/wp-json\/wp\/v2\/pages\/806\/revisions"}],"predecessor-version":[{"id":33807,"href":"https:\/\/montessoripc.com\/fr\/wp-json\/wp\/v2\/pages\/806\/revisions\/33807"}],"up":[{"embeddable":true,"href":"https:\/\/montessoripc.com\/fr\/wp-json\/wp\/v2\/pages\/1339"}],"wp:attachment":[{"href":"https:\/\/montessoripc.com\/fr\/wp-json\/wp\/v2\/media?parent=806"}],"curies":[{"name":"wp","href":"https:\/\/api.w.org\/{rel}","templated":true}]}}