{"id":808,"date":"2014-12-04T18:28:44","date_gmt":"2014-12-04T18:28:44","guid":{"rendered":"https:\/\/montessoripc.com\/?page_id=808"},"modified":"2020-11-23T22:48:32","modified_gmt":"2020-11-23T22:48:32","slug":"choses-a-emporter-pour-le-camp","status":"publish","type":"page","link":"https:\/\/montessoripc.com\/fr\/camp\/choses-a-emporter-pour-le-camp\/","title":{"rendered":"Choses \u00e0 Apporter pour le Camp"},"content":{"rendered":"<div class=\"wpb-content-wrapper\"><p>[vc_row][vc_column width=\u00a0\u00bb2\/3&Prime;][vc_column_text]<strong>Lorsque votre enfant d\u00e9bute sa premi\u00e8re journ\u00e9e, s\u2019il vous pla\u00eet apporter les \u00e9l\u00e9ments suivants qui resteront au camp pour la p\u00e9riode dont l\u2019enfant est inscrit:<\/strong><\/p>\n<ul>\n<li>Une paire de soulier pour l\u2019int\u00e9rieur : \u00c0 moins que votre enfant ne sache lacer ses chaussures, nous pr\u00e9f\u00e9rons fortement les chaussures de course avec velcro (pour aider l\u2019enfant \u00e0 d\u00e9velopper l\u2019ind\u00e9pendance). TOUTES chaussures doivent avoir des semelles non marquantes (blanches).<\/li>\n<li>Des v\u00eatements de rechange\u00a0dans un sac Ziploc: Chandail, pantalons, sous-v\u00eatements et chaussettes<\/li>\n<li>Un maillot de bain et une serviette portant le nom de l\u2019enfant (pour les jeux d\u2019eau \u00e0 l\u2019ext\u00e9rieur durant les journ\u00e9es chaudes)<\/li>\n<\/ul>\n<p>[\/vc_column_text][vc_column_text]<strong>Pour les jeunes campeurs \u00e2g\u00e9s de 4 ans et moins (classe 2,3 et 4)<\/strong><\/p>\n<ul>\n<li>Deux collations (pour le matin et apr\u00e8s-midi) dans une bo\u00eete \u00e0 lunch isol\u00e9e avec un bloc \u00e0 r\u00e9frig\u00e9rer de type \u201cIcePack\u201d.<\/li>\n<\/ul>\n<p>[\/vc_column_text][\/vc_column][vc_column width=\u00a0\u00bb1\/3&Prime;][vc_single_image image=\u00a0\u00bb33795&Prime; img_size=\u00a0\u00bblarge\u00a0\u00bb alignment=\u00a0\u00bbright\u00a0\u00bb onclick=\u00a0\u00bblink_image\u00a0\u00bb][\/vc_column][\/vc_row][vc_row][vc_column][vc_column_text]<strong>Que dois-je envoyer pour les collations?<\/strong><\/p>\n<ul>\n<li>Des fruits ou l\u00e9gumes coup\u00e9s<\/li>\n<li>Yogourt (pas de yogourt en \u00ab tube \u00bb pour les enfants de 2 \u00e0 3 ans)<\/li>\n<li>Craquelins et fromage<\/li>\n<li>Muffin<\/li>\n<li>Petit sandwich<\/li>\n<li>Barre granola sans noix<\/li>\n<li>Fruits s\u00e9ch\u00e9s<\/li>\n<li>COLLATIONS SANT\u00c9 (pas de chocolat ou bonbons!)<\/li>\n<\/ul>\n<p>[\/vc_column_text][vc_column_text]Vous n\u2019avez pas besoin d\u2019envoyer des jus, sauf si vous souhaitez le faire. Le lait est fourni \u00e0 l\u2019\u00e9cole pendant la collation.<\/p>\n<p><strong>LES\u00a0COLLATIONS NE DOIVENT CONTENIR AUCUNE NOIX. VEUILLEZ LIRE LES \u00c9TIQUETTES AVEC ATTENTION. TOUTE COLLATION \u201cFAITE MAISON\u201d OU BISCUITS SANS EMBALLAGE DOIVENT \u00caTRE ACCOMPAGN\u00c9S D\u2019UNE NOTE \u00c9CRITE DU PARENT QUI ATTESTE QUE LA COLLATION EST EXEMPTE DE NOIX. \u00a0<\/strong>[\/vc_column_text][\/vc_column][\/vc_row]<\/p>\n<\/div>","protected":false},"excerpt":{"rendered":"<p>[vc_row][vc_column width=\u00a0\u00bb2\/3&Prime;][vc_column_text]Lorsque votre enfant d\u00e9bute sa premi\u00e8re journ\u00e9e, s\u2019il vous pla\u00eet apporter les \u00e9l\u00e9ments suivants qui resteront au camp pour la p\u00e9riode dont l\u2019enfant est inscrit: Une paire de soulier pour l\u2019int\u00e9rieur : \u00c0 moins que votre enfant ne sache lacer ses chaussures, nous pr\u00e9f\u00e9rons fortement les chaussures de course avec velcro (pour aider l\u2019enfant [&hellip;]<\/p>\n","protected":false},"author":1,"featured_media":0,"parent":1339,"menu_order":0,"comment_status":"closed","ping_status":"closed","template":"","meta":{"_acf_changed":false,"footnotes":""},"class_list":["post-808","page","type-page","status-publish","hentry"],"acf":[],"_links":{"self":[{"href":"https:\/\/montessoripc.com\/fr\/wp-json\/wp\/v2\/pages\/808","targetHints":{"allow":["GET"]}}],"collection":[{"href":"https:\/\/montessoripc.com\/fr\/wp-json\/wp\/v2\/pages"}],"about":[{"href":"https:\/\/montessoripc.com\/fr\/wp-json\/wp\/v2\/types\/page"}],"author":[{"embeddable":true,"href":"https:\/\/montessoripc.com\/fr\/wp-json\/wp\/v2\/users\/1"}],"replies":[{"embeddable":true,"href":"https:\/\/montessoripc.com\/fr\/wp-json\/wp\/v2\/comments?post=808"}],"version-history":[{"count":5,"href":"https:\/\/montessoripc.com\/fr\/wp-json\/wp\/v2\/pages\/808\/revisions"}],"predecessor-version":[{"id":33798,"href":"https:\/\/montessoripc.com\/fr\/wp-json\/wp\/v2\/pages\/808\/revisions\/33798"}],"up":[{"embeddable":true,"href":"https:\/\/montessoripc.com\/fr\/wp-json\/wp\/v2\/pages\/1339"}],"wp:attachment":[{"href":"https:\/\/montessoripc.com\/fr\/wp-json\/wp\/v2\/media?parent=808"}],"curies":[{"name":"wp","href":"https:\/\/api.w.org\/{rel}","templated":true}]}}